{"id":30366,"date":"2025-12-09T20:16:10","date_gmt":"2025-12-09T19:16:10","guid":{"rendered":"http:\/\/serwer385941.lh.pl\/autoinstalator\/serwer385941.lh.pl\/wordpress135569\/?page_id=30366"},"modified":"2026-01-10T20:34:43","modified_gmt":"2026-01-10T19:34:43","slug":"regulamin","status":"publish","type":"page","link":"https:\/\/profika.com.pl\/index.php\/regulamin\/","title":{"rendered":"Regulamin"},"content":{"rendered":"\t\t<div data-elementor-type=\"wp-page\" data-elementor-id=\"30366\" class=\"elementor elementor-30366\">\n\t\t\t\t<div class=\"wd-negative-gap elementor-element elementor-element-210bae e-flex e-con-boxed e-con e-parent\" data-id=\"210bae\" data-element_type=\"container\">\n\t\t\t\t\t<div class=\"e-con-inner\">\n\t\t\t\t<div class=\"elementor-element elementor-element-251f250 color-scheme-inherit text-left elementor-widget elementor-widget-text-editor\" data-id=\"251f250\" data-element_type=\"widget\" data-widget_type=\"text-editor.default\">\n\t\t\t\t\t\t\t\t\t<h3>SPIS TRE\u015aCI<\/h3>\n<h5>\u00a7 1 Definicje<br>\u00a7 2 Kontakt ze Sprzedawc\u0105<br>\u00a7 3 Wymogi techniczne<br>\u00a7 4 Zakupy w Sklepie<br>\u00a7 5 P\u0142atno\u015bci<br>\u00a7 6 Realizacja zam\u00f3wienia<br>\u00a7 7 Prawo odst\u0105pienia od umowy<br>\u00a7 8 Wyj\u0105tki od prawa odst\u0105pienia od umowy<br>\u00a7 9 Reklamacje<br>\u00a7 10 Dane osobowe<br>\u00a7 11 Zastrze\u017cenia<\/h5>\n<h6>\u00a7 1 DEFINICJE<\/h6>\n<p>Dni robocze \u2013 dni od poniedzia\u0142ku do pi\u0105tku za wyj\u0105tkiem dni ustawowo wolnych od pracy w Polsce.<br>Kodeks cywilny \u2013 polska ustawa z dnia 23 kwietnia 1964 r. Kodeks cywilny.<br>Konsument \u2013 Kupuj\u0105cy b\u0119d\u0105cy osob\u0105 fizyczn\u0105, kupuj\u0105cy w Sklepie lub podejmuj\u0105cy czynno\u015bci zmierzaj\u0105ce do dokonania zakupu, bez bezpo\u015bredniego zwi\u0105zku z jego dzia\u0142alno\u015bci\u0105 gospodarcz\u0105 lub zawodow\u0105.<br>Konto \u2013 uregulowana odr\u0119bnym regulaminem us\u0142uga cyfrowa w rozumieniu Ustawy o prawach konsumenta, dzi\u0119ki kt\u00f3rej Kupuj\u0105cy mo\u017ce nieodp\u0142atnie skorzysta\u0107 z dodatkowych funkcji w Sklepie.<br>Kupuj\u0105cy \u2013 ka\u017cdy podmiot kupuj\u0105cy w Sklepie lub podejmuj\u0105cy czynno\u015bci zmierzaj\u0105ce do dokonania zakupu.<br>Kupuj\u0105cy uprzywilejowany \u2013 Konsument lub Przedsi\u0119biorca uprzywilejowany.<br>Przedsi\u0119biorca uprzywilejowany \u2013 Kupuj\u0105cy b\u0119d\u0105cy osob\u0105 fizyczn\u0105, zawieraj\u0105cy lub zamierzaj\u0105cy zawrze\u0107 ze Sprzedawc\u0105 umow\u0119 na podstawie Regulaminu bezpo\u015brednio zwi\u0105zan\u0105 z jego dzia\u0142alno\u015bci\u0105 gospodarcz\u0105, ale nieposiadaj\u0105c\u0105 dla niego charakteru zawodowego.<br>Regulamin \u2013 niniejszy regulamin.<br>Sklep \u2013 sklep internetowy profika.com.pl prowadzony przez Sprzedawc\u0119 pod adresem PROFIKA.COM.PL<\/p>\n<h6>\u00a7 2 KONTAKT ZE SPRZEDAWC\u0104<\/h6>\n<p>PROFIKA Daniel Woron, Marek Por\u0119ba sp\u00f3\u0142a cywilna,&nbsp;<\/p>\n<p>NIP: 8871829792, REGON: 540870310<\/p>\n<p>Adres pocztowy: ul. Wroc\u0142awska 44, 57-200 Z\u0105bkowice \u015al\u0105skie<\/p>\n<p>Adres e-mail: kontakt@profika.com.pl<\/p>\n<p>Telefon: 510433422<br>Koszt po\u0142\u0105czenia telefonicznego lub transmisji danych wykonywanych przez Kupuj\u0105cego wynika z podstawowej taryfy operatora telekomunikacyjnego lub dostawcy us\u0142ug internetowych, z kt\u00f3rego us\u0142ug korzysta Kupuj\u0105cy. Sprzedawca zwraca uwag\u0119, \u017ce koszt po\u0142\u0105czenia mi\u0119dzynarodowego lub mi\u0119dzynarodowej transmisji danych mo\u017ce by\u0107 wy\u017cszy ni\u017c koszt po\u0142\u0105czenia lub transmisji krajowej \u2013 w zale\u017cno\u015bci od taryfy przyj\u0119tej przez operatora telekomunikacyjnego lub dostawc\u0119 us\u0142ug internetowych, z us\u0142ug kt\u00f3rego korzysta Kupuj\u0105cy.<\/p>\n<h6>\u00a7 3 WYMOGI TECHNICZNE<\/h6>\n<p>Dla prawid\u0142owego funkcjonowania Sklepu potrzebne jest:<br>urz\u0105dzenie z dost\u0119pem do Internetu<br>przegl\u0105darka internetowa obs\u0142uguj\u0105ca JavaScript oraz pliki cookies.<br>Dla z\u0142o\u017cenia zam\u00f3wienia w Sklepie, poza wymogami okre\u015blonymi w ust. 1, niezb\u0119dne jest aktywne konto e-mail.<\/p>\n<h6>\u00a7 4 ZAKUPY W SKLEPIE<\/h6>\n<p>Ceny produkt\u00f3w widoczne w Sklepie s\u0105 ca\u0142kowitymi cenami za produkt.<br>Sprzedawca zwraca uwag\u0119, \u017ce na ca\u0142kowit\u0105 cen\u0119 zam\u00f3wienia sk\u0142adaj\u0105 si\u0119 wskazane w Sklepie: cena za produkt oraz, je\u015bli w danym przypadku ma to zastosowanie, koszty dostawy towaru.<br>Wybrany do kupienia produkt nale\u017cy doda\u0107 do koszyka w Sklepie.<br>Nast\u0119pnie Kupuj\u0105cy wybiera spos\u00f3b dostawy towaru oraz metod\u0119 p\u0142atno\u015bci za zam\u00f3wienie spo\u015br\u00f3d dost\u0119pnych w Sklepie opcji, a tak\u017ce podaje dane niezb\u0119dne do zrealizowania z\u0142o\u017conego zam\u00f3wienia.<br>Zam\u00f3wienie zostaje z\u0142o\u017cone w momencie potwierdzenia jego tre\u015bci i zaakceptowania Regulaminu przez Kupuj\u0105cego.<br>Z\u0142o\u017cenie zam\u00f3wienia jest to\u017csame z zawarciem umowy pomi\u0119dzy Kupuj\u0105cym a Sprzedawc\u0105.<br>Kupuj\u0105cy mo\u017ce zarejestrowa\u0107 si\u0119 w Sklepie, tj. za\u0142o\u017cy\u0107 w nim Konto, lub dokonywa\u0107 zakup\u00f3w bez rejestracji poprzez podawanie swoich danych przy ka\u017cdym ewentualnym zam\u00f3wieniu.<\/p>\n<h6>\u00a7 5 P\u0141ATNO\u015aCI<\/h6>\n<p>W Sklepie dost\u0119pne s\u0105 nast\u0119puj\u0105ce metody p\u0142atno\u015bci:<br>zwyk\u0142y przelew na rachunek bankowy Sprzedawcy;<br>za pomoc\u0105 karty p\u0142atniczej:<br>Visa<br>Visa Electron<br>MasterCard<br>MasterCard Electronic<br>Maestro<br>za po\u015brednictwem platformy p\u0142atniczej:<br>Przelewy24<br>za pobraniem, tj. kart\u0105 w momencie dostarczenia towaru do Kupuj\u0105cego;<br>kart\u0105 lub got\u00f3wk\u0105 w momencie odbioru osobistego towaru.<\/p>\n<h6>\u00a7 6 REALIZACJA ZAM\u00d3WIENIA<\/h6>\n<p>W przypadku gdy Kupuj\u0105cy wybra\u0142 p\u0142atno\u015b\u0107 z g\u00f3ry za zam\u00f3wienie, standardowy czas realizacji (przez Sprzedaj\u0105cego) zam\u00f3wienia wynosi 1 dzie\u0144 roboczy od zaksi\u0119gowania p\u0142atno\u015bci.<br>W sytuacji gdy w ramach jednego zam\u00f3wienia Kupuj\u0105cy zakupi\u0142 produkty o r\u00f3\u017cnym terminie realizacji, zam\u00f3wienie zostanie zrealizowane w terminie w\u0142a\u015bciwym dla produktu o najd\u0142u\u017cszym terminie realizacji.<\/p>\n<h6>\u00a7 7 PRAWO ODST\u0104PIENIA OD UMOWY<\/h6>\n<p>Kupuj\u0105cy uprzywilejowany ma prawo odst\u0105pi\u0107 od umowy zawartej ze Sprzedawc\u0105 za po\u015brednictwem Sklepu, z zastrze\u017ceniem \u00a7 8 Regulaminu, w terminie 14 dni bez podania jakiejkolwiek przyczyny.<br>Termin do odst\u0105pienia od umowy wygasa po up\u0142ywie 14 dni od dnia:<br>w kt\u00f3rym Kupuj\u0105cy uprzywilejowany wszed\u0142 w posiadanie towaru lub w kt\u00f3rym osoba trzecia inna ni\u017c przewo\u017anik i wskazana przez Kupuj\u0105cego uprzywilejowanego wesz\u0142a w posiadanie tego towaru;<br>w kt\u00f3rym Kupuj\u0105cy uprzywilejowany wszed\u0142 w posiadanie ostatniego towaru, partii lub cz\u0119\u015bci lub w kt\u00f3rym osoba trzecia, inna ni\u017c przewo\u017anik i wskazana przez Kupuj\u0105cego uprzywilejowanego, wesz\u0142a w posiadanie ostatniego towaru, partii lub cz\u0119\u015bci, w przypadku umowy zobowi\u0105zuj\u0105cej do przeniesienia w\u0142asno\u015bci wielu towar\u00f3w, kt\u00f3re dostarczane s\u0105 osobno, partiami lub w cz\u0119\u015bciach.<br>Aby Kupuj\u0105cy uprzywilejowany m\u00f3g\u0142 skorzysta\u0107 z prawa odst\u0105pienia od umowy musi poinformowa\u0107 Sprzedawc\u0119, korzystaj\u0105c z danych podanych w \u00a7 2 Regulaminu, o swojej decyzji o odst\u0105pieniu od umowy w drodze jednoznacznego o\u015bwiadczenia (na przyk\u0142ad pismo wys\u0142ane poczt\u0105 lub poczt\u0105 elektroniczn\u0105).<br>Kupuj\u0105cy uprzywilejowany mo\u017ce skorzysta\u0107 z wzoru formularza odst\u0105pienia od umowy umieszczonego na ko\u0144cu Regulaminu, jednak nie jest to obowi\u0105zkowe.<br>Aby zachowa\u0107 termin do odst\u0105pienia od umowy wystarczy, \u017ce Kupuj\u0105cy uprzywilejowany wy\u015ble informacj\u0119 dotycz\u0105c\u0105 wykonania przys\u0142uguj\u0105cego mu prawa odst\u0105pienia od umowy przed up\u0142ywem terminu do odst\u0105pienia od umowy.<\/p>\n<p>SKUTKI ODST\u0104PIENIA OD UMOWY<\/p>\n<p>1. W przypadku odst\u0105pienia od zawartej umowy Sprzedawca zwraca Kupuj\u0105cemu uprzywilejowanemu wszystkie otrzymane od niego p\u0142atno\u015bci, w tym koszty dostarczenia towaru (z wyj\u0105tkiem dodatkowych koszt\u00f3w wynikaj\u0105cych z wybranego przez Kupuj\u0105cego uprzywilejowanego sposobu dostarczenia innego ni\u017c najta\u0144szy zwyk\u0142y spos\u00f3b dostarczenia oferowany przez Sprzedawc\u0119), niezw\u0142ocznie, a w ka\u017cdym przypadku nie p\u00f3\u017aniej ni\u017c 14 dni od dnia, w kt\u00f3rym Sprzedawca zosta\u0142 poinformowany o decyzji Kupuj\u0105cego uprzywilejowanego o wykonaniu prawa odst\u0105pienia od umowy.<br>2. Zwrotu p\u0142atno\u015bci Sprzedawca dokona przy u\u017cyciu takich samych sposob\u00f3w p\u0142atno\u015bci, jakie zosta\u0142y przez Kupuj\u0105cego uprzywilejowanego u\u017cyte w pierwotnej transakcji, chyba \u017ce Kupuj\u0105cy uprzywilejowany zgodzi si\u0119 na inne rozwi\u0105zanie, w ka\u017cdym przypadku Kupuj\u0105cy uprzywilejowany nie poniesie \u017cadnych op\u0142at w zwi\u0105zku z tym zwrotem.<br>3. Je\u017celi Sprzedawca nie zaproponowa\u0142, \u017ce sam odbierze towar od Kupuj\u0105cego uprzywilejowanego, mo\u017ce wstrzyma\u0107 si\u0119 ze zwrotem p\u0142atno\u015bci do czasu otrzymania towaru lub do czasu dostarczenia mu dowodu jego odes\u0142ania, w zale\u017cno\u015bci od tego, kt\u00f3re zdarzenie nast\u0105pi wcze\u015bniej.<br>4. Sprzedawca prosi o zwracanie towaru na adres: ul. Wroc\u0142awska 44 57-200 Z\u0105bkowice \u015al\u0105skie niezw\u0142ocznie, a w ka\u017cdym razie nie p\u00f3\u017aniej ni\u017c 14 dni od dnia, w kt\u00f3rym Kupuj\u0105cy uprzywilejowany poinformowa\u0142 Sprzedawc\u0119 o odst\u0105pieniu od umowy sprzeda\u017cy. Termin jest zachowany, je\u017celi Kupuj\u0105cy uprzywilejowany ode\u015ble towar przed up\u0142ywem terminu 14 dni.<br>5. Kupuj\u0105cy uprzywilejowany ponosi bezpo\u015brednie koszty zwrotu towaru.<br>6. Kupuj\u0105cy uprzywilejowany odpowiada tylko za zmniejszenie warto\u015bci towaru wynikaj\u0105ce z korzystania z niego w spos\u00f3b inny ni\u017c by\u0142o to konieczne do stwierdzenia charakteru, cech i funkcjonowania towaru.<br>7. Je\u015bli towar ze wzgl\u0119du na sw\u00f3j charakter nie mo\u017ce zosta\u0107 odes\u0142any w zwyk\u0142ym trybie poczt\u0105, Kupuj\u0105cy uprzywilejowany r\u00f3wnie\u017c b\u0119dzie musia\u0142 ponie\u015b\u0107 bezpo\u015brednie koszty zwrotu towar\u00f3w. O szacowanej wysoko\u015bci tych koszt\u00f3w Kupuj\u0105cy uprzywilejowany zostanie poinformowany przez Sprzedawc\u0119 w opisie towaru w Sklepie lub podczas sk\u0142adania zam\u00f3wienia.<br>8. W przypadku wyst\u0105pienia konieczno\u015bci zwrotu \u015brodk\u00f3w za transakcj\u0119 dokonan\u0105 przez Kupuj\u0105cego uprzywilejowanego kart\u0105 p\u0142atnicz\u0105, Sprzedawca dokona zwrotu na rachunek bankowy przypisany do tej karty p\u0142atniczej.<\/p>\n<h6>\u00a7 8 WYJ\u0104TKI OD PRAWA ODST\u0104PIENIA OD UMOWY<\/h6>\n<p>1.Prawo odst\u0105pienia od umowy zawartej na odleg\u0142o\u015b\u0107, o kt\u00f3rym mowa w \u00a7 7 Regulaminu, nie przys\u0142uguje w odniesieniu do umowy:<br>&#8211; w kt\u00f3rej przedmiotem \u015bwiadczenia jest towar nieprefabrykowany, wyprodukowany wed\u0142ug specyfikacji Kupuj\u0105cego uprzywilejowanego lub s\u0142u\u017c\u0105cy zaspokojeniu jego zindywidualizowanych potrzeb;<br>&#8211; w kt\u00f3rej przedmiotem \u015bwiadczenia jest towar ulegaj\u0105cy szybkiemu zepsuciu lub maj\u0105cy kr\u00f3tki termin przydatno\u015bci do u\u017cycia;<br>&#8211; w kt\u00f3rej przedmiotem \u015bwiadczenia jest towar dostarczany w zapiecz\u0119towanym opakowaniu, kt\u00f3rego po otwarciu opakowania nie mo\u017cna zwr\u00f3ci\u0107 ze wzgl\u0119du na ochron\u0119 zdrowia lub ze wzgl\u0119d\u00f3w higienicznych, je\u017celi opakowanie zosta\u0142o otwarte po dostarczeniu;<br>&#8211; w kt\u00f3rej przedmiotem \u015bwiadczenia s\u0105 towary, kt\u00f3re po dostarczeniu, ze wzgl\u0119du na sw\u00f3j charakter, zostaj\u0105 nieroz\u0142\u0105cznie po\u0142\u0105czone z innymi rzeczami;<br>&#8211; w kt\u00f3rej przedmiotem \u015bwiadczenia s\u0105 nagrania d\u017awi\u0119kowe lub wizualne albo programy komputerowe dostarczane w zapiecz\u0119towanym opakowaniu, je\u017celi opakowanie zosta\u0142o otwarte<\/p>\n<h6>\u00a7 9 REKLAMACJE<\/h6>\n<p>1. Sprzedawca ponosi wobec Kupuj\u0105cego uprzywilejowanego odpowiedzialno\u015b\u0107 za zgodno\u015b\u0107 \u015bwiadczenia z umow\u0105, przewidzian\u0105 przez powszechnie obowi\u0105zuj\u0105ce przepisy prawa, w tym zw\u0142aszcza przez przepisy Ustawy o prawach konsumenta.2. Sprzedawca prosi o sk\u0142adanie reklamacji (w tym dotycz\u0105cych dzia\u0142ania Sklepu) na adres pocztowy lub elektroniczny wskazany w \u00a7 2 Regulaminu.<br>3. Je\u015bli na produkt zosta\u0142a udzielona gwarancja, informacja o niej, a tak\u017ce o jej warunkach, jest dost\u0119pna w Sklepie.<br>Sprzedawca ustosunkuje si\u0119 do reklamacji w terminie 14 dni od dnia jej otrzymania.<\/p>\n<p>4. Dodatkowo, Kupuj\u0105cy uprzywilejowany mo\u017ce z\u0142o\u017cy\u0107 o\u015bwiadczenie o:<br>&#8211; obni\u017ceniu ceny,<br>&#8211; odst\u0105pieniu od umowy<br>w sytuacji, gdy:<br>\u2022 Sprzedawca odm\u00f3wi\u0142 doprowadzenia towaru do zgodno\u015bci z umow\u0105 zgodnie z art. 43d ust. 2 Ustawy o prawach konsumenta;<br>\u2022 Sprzedawca nie doprowadzi\u0142 towaru do zgodno\u015bci z umow\u0105 zgodnie z art. 43d ust. 4-6 Ustawy o prawach konsumenta;<br>\u2022 brak zgodno\u015bci towaru z umow\u0105 wyst\u0119puje nadal, pomimo \u017ce Sprzedawca pr\u00f3bowa\u0142 doprowadzi\u0107 towar do zgodno\u015bci z umow\u0105;<br>\u2022 brak zgodno\u015bci towaru z umow\u0105 jest na tyle istotny, \u017ce uzasadnia obni\u017cenie ceny albo odst\u0105pienie od umowy bez uprzedniego skorzystania ze \u015brodk\u00f3w ochrony okre\u015blonych w art. 43d Ustawy o prawach konsumenta;<br>\u2022 z o\u015bwiadczenia Sprzedawcy lub okoliczno\u015bci wyra\u017anie wynika, \u017ce nie doprowadzi on towaru do zgodno\u015bci z umow\u0105 w rozs\u0105dnym czasie lub bez nadmiernych niedogodno\u015bci dla Kupuj\u0105cego uprzywilejowanego.<br>5. W przypadku towaru podlegaj\u0105cego naprawie lub wymianie, Kupuj\u0105cy uprzywilejowany powinien udost\u0119pni\u0107 ten towar Sprzedawcy. Sprzedawca odbiera od Kupuj\u0105cego uprzywilejowanego towar na sw\u00f3j koszt.<br>6. Kupuj\u0105cy uprzywilejowany nie mo\u017ce odst\u0105pi\u0107 od umowy, je\u017celi brak zgodno\u015bci towaru z umow\u0105 jest nieistotny.<br>7. W razie odst\u0105pienia od umowy, o kt\u00f3rym mowa w niniejszej sekcji (dotycz\u0105cej towar\u00f3w), Kupuj\u0105cy uprzywilejowany niezw\u0142ocznie zwraca towar Sprzedawcy na jego koszt, na adres ul. Wroc\u0142awska 44, 57-200 Z\u0105bkowice \u015al\u0105skie. Sprzedawca zwraca Kupuj\u0105cemu uprzywilejowanemu cen\u0119 niezw\u0142ocznie, nie p\u00f3\u017aniej ni\u017c w terminie 14 dni od dnia otrzymania towaru lub dowodu jego odes\u0142ania.<br>8. Sprzedawca zwraca Kupuj\u0105cemu uprzywilejowanemu kwoty nale\u017cne wskutek skorzystania z prawa obni\u017cenia ceny niezw\u0142ocznie, nie p\u00f3\u017aniej ni\u017c w terminie 14 dni od dnia otrzymania o\u015bwiadczenia Kupuj\u0105cego uprzywilejowanego o obni\u017ceniu ceny.<\/p>\n<h6>\u00a7 10 DANE OSOBOWE<\/h6>\n<p>1. Administratorem danych osobowych przekazanych przez Kupuj\u0105cego podczas korzystania ze Sklepu jest Sprzedawca. Szczeg\u00f3\u0142owe informacje dotycz\u0105ce przetwarzania danych osobowych przez Sprzedawc\u0119 \u2013 w tym o pozosta\u0142ych celach oraz podstawach przetwarzania danych, a tak\u017ce o odbiorcach danych \u2013 znajduj\u0105 si\u0119 w dost\u0119pnej w Sklepie polityce prywatno\u015bci \u2013 ze wzgl\u0119du na zasad\u0119 przejrzysto\u015bci, zawart\u0105 w og\u00f3lnym rozporz\u0105dzeniu Parlamentu Europejskiego i Rady (UE) o ochronie danych \u2013 \u201eRODO\u201d.<br>2. Celem przetwarzania danych Kupuj\u0105cego przez Sprzedawc\u0119, podanych przez Kupuj\u0105cego w zwi\u0105zku z zakupami w Sklepie, jest realizacja zam\u00f3wie\u0144. Podstaw\u0105 przetwarzania danych osobowych w tym przypadku jest:<br>\u2022 umowa lub dzia\u0142ania podejmowane na \u017c\u0105danie Kupuj\u0105cego, zmierzaj\u0105ce do jej zawarcia (art. 6 ust. 1 lit. b RODO),<br>\u2022 ci\u0105\u017c\u0105cy na Sprzedawcy obowi\u0105zek prawny, zwi\u0105zany w szczeg\u00f3lno\u015bci z rachunkowo\u015bci\u0105 oraz bezpiecze\u0144stwem produkt\u00f3w (art. 6 ust. 1 lit. c RODO) oraz<br>\u2022 prawnie uzasadniony interes Sprzedawcy, polegaj\u0105cy na przetwarzaniu danych w celu ustalenia, dochodzenia lub obrony ewentualnych roszcze\u0144 (art. 6 ust. 1 lit. f RODO).<br>3. Podanie danych przez Kupuj\u0105cego jest dobrowolne, ale jednocze\u015bnie konieczne do zawarcia umowy. Niepodanie danych uniemo\u017cliwi zawarcie umowy w Sklepie.<br>4. Dane Kupuj\u0105cego podane w zwi\u0105zku z zakupami w Sklepie b\u0119d\u0105 przetwarzane do momentu, w kt\u00f3rym:<br>\u2022 przestanie obowi\u0105zywa\u0107 umowa zawarta mi\u0119dzy Kupuj\u0105cym a Sprzedawc\u0105;<br>\u2022 na Sprzedawcy przestanie ci\u0105\u017cy\u0107 obowi\u0105zek prawny, zobowi\u0105zuj\u0105cy go do przetwarzania danych Kupuj\u0105cego;<br>\u2022 ustanie mo\u017cliwo\u015b\u0107 dochodzenia roszcze\u0144 przez Kupuj\u0105cego lub Sprzedawc\u0119, zwi\u0105zanych z umow\u0105 zawart\u0105 przez Sklep;<br>\u2022 zostanie przyj\u0119ty sprzeciw Kupuj\u0105cego wobec przetwarzania jego danych osobowych \u2013 w przypadku gdy podstaw\u0105 przetwarzania danych by\u0142 uzasadniony interes Sprzedawcy<br>\u2013 w zale\u017cno\u015bci od tego, co ma zastosowanie w danym przypadku.<br>5. Kupuj\u0105cemu przys\u0142uguje prawo \u017c\u0105dania:<br>\u2022 dost\u0119pu do swoich danych osobowych,<br>\u2022 ich sprostowania,<br>\u2022 usuni\u0119cia,<br>\u2022 ograniczenia przetwarzania,<br>\u2022 przeniesienia danych do innego administratora<br>\u2022 a tak\u017ce prawo:<br>wniesienia w dowolnym momencie sprzeciwu wobec przetwarzania danych z przyczyn zwi\u0105zanych ze szczeg\u00f3ln\u0105 sytuacj\u0105 Kupuj\u0105cego \u2013 wobec przetwarzania dotycz\u0105cych go danych osobowych, opartego na art. 6 ust. 1 lit. f RODO (tj. na prawnie uzasadnionych interesach realizowanych przez Sprzedawc\u0119).<br>6. W celu realizacji swoich praw, Kupuj\u0105cy powinien skontaktowa\u0107 si\u0119 ze Sprzedawc\u0105 przy wykorzystaniu danych z \u00a7 2 Regulaminu.<br>7. W przypadku gdy Kupuj\u0105cy uzna, \u017ce jego dane s\u0105 przetwarzane niezgodnie z prawem, Kupuj\u0105cy mo\u017ce z\u0142o\u017cy\u0107 skarg\u0119 do organu w\u0142a\u015bciwego dla ochrony danych osobowych. W Polsce jest nim Prezes Urz\u0119du Ochrony Danych Osobowych.<\/p>\n<h6>\u00a7 11 ZASTRZE\u017bENIA<\/h6>\n<p>1. Zakazane jest dostarczanie przez Kupuj\u0105cego tre\u015bci o charakterze bezprawnym.<br>2. Ka\u017cdorazowo sk\u0142adane w Sklepie zam\u00f3wienie stanowi odr\u0119bn\u0105 umow\u0119 i wymaga osobnej akceptacji Regulaminu. Umowa zawierana jest na czas i w celu realizacji zam\u00f3wienia.<br>3. Wszelkie umowy zawierane na podstawie niniejszego Regulaminu podlegaj\u0105 przepisom prawa polskiego, z zastrze\u017ceniem ust. 4.<br>4. Wyb\u00f3r prawa polskiego dla um\u00f3w zawartych na podstawie Regulaminu z Konsumentem nie uchyla i nie ogranicza praw tego Kupuj\u0105cego, przys\u0142uguj\u0105cych mu na podstawie bezwzgl\u0119dnie obowi\u0105zuj\u0105cych przepis\u00f3w prawa, znajduj\u0105cych zastosowanie dla Konsumenta w sytuacji, w kt\u00f3rych nie ma miejsca wyb\u00f3r prawa. Oznacza to w szczeg\u00f3lno\u015bci, \u017ce je\u015bli w\u0142a\u015bciwe dla danego Konsumenta przepisy krajowe przewiduj\u0105 ochron\u0119 szersz\u0105 ni\u017c wynikaj\u0105ca z niniejszego Regulaminu lub prawa polskiego \u2013 stosuje si\u0119 t\u0119 ochron\u0119 szersz\u0105.<br>5. Umowy zawierane na podstawie Regulaminu zawierane s\u0105 w j\u0119zyku polskim.<br>6. W przypadku ewentualnego sporu z Kupuj\u0105cym nieb\u0119d\u0105cym Kupuj\u0105cym uprzywilejowanym, zwi\u0105zanego z umow\u0105 zawart\u0105 za po\u015brednictwem Sklepu, s\u0105dem w\u0142a\u015bciwym b\u0119dzie s\u0105d w\u0142a\u015bciwy dla siedziby Sprzedawcy.<br>7. W zakresie korzystania ze strony internetowej Sklepu i dost\u0119pnych na niej funkcji, zastosowanie ma Regulamin strony internetowej, dost\u0119pny w Sklepie.<\/p>\t\t\t\t\t\t\t\t<\/div>\n\t\t\t\t\t<\/div>\n\t\t\t\t<\/div>\n\t\t\t\t<\/div>\n\t\t","protected":false},"excerpt":{"rendered":"<p>SPIS TRE\u015aCI \u00a7 1 Definicje\u00a7 2 Kontakt ze Sprzedawc\u0105\u00a7 3 Wymogi techniczne\u00a7 4 Zakupy w Sklepie\u00a7 5 P\u0142atno\u015bci\u00a7 6 Realizacja<\/p>\n","protected":false},"author":1,"featured_media":0,"parent":0,"menu_order":0,"comment_status":"closed","ping_status":"closed","template":"","meta":{"footnotes":""},"class_list":["post-30366","page","type-page","status-publish","hentry"],"aioseo_notices":[],"_links":{"self":[{"href":"https:\/\/profika.com.pl\/index.php\/wp-json\/wp\/v2\/pages\/30366","targetHints":{"allow":["GET"]}}],"collection":[{"href":"https:\/\/profika.com.pl\/index.php\/wp-json\/wp\/v2\/pages"}],"about":[{"href":"https:\/\/profika.com.pl\/index.php\/wp-json\/wp\/v2\/types\/page"}],"author":[{"embeddable":true,"href":"https:\/\/profika.com.pl\/index.php\/wp-json\/wp\/v2\/users\/1"}],"replies":[{"embeddable":true,"href":"https:\/\/profika.com.pl\/index.php\/wp-json\/wp\/v2\/comments?post=30366"}],"version-history":[{"count":13,"href":"https:\/\/profika.com.pl\/index.php\/wp-json\/wp\/v2\/pages\/30366\/revisions"}],"predecessor-version":[{"id":30574,"href":"https:\/\/profika.com.pl\/index.php\/wp-json\/wp\/v2\/pages\/30366\/revisions\/30574"}],"wp:attachment":[{"href":"https:\/\/profika.com.pl\/index.php\/wp-json\/wp\/v2\/media?parent=30366"}],"curies":[{"name":"wp","href":"https:\/\/api.w.org\/{rel}","templated":true}]}}