{"id":29044,"date":"2025-09-24T11:47:54","date_gmt":"2025-09-24T09:47:54","guid":{"rendered":"https:\/\/serwer385941.lh.pl\/autoinstalator\/serwer385941.lh.pl\/wordpress135569\/?post_type=product&#038;p=29044"},"modified":"2025-09-24T11:47:57","modified_gmt":"2025-09-24T09:47:57","slug":"pilarka-ms-231-c-be-35-cm-3-8-pm3-13-l04","status":"publish","type":"product","link":"https:\/\/profika.com.pl\/index.php\/produkt\/pilarka-ms-231-c-be-35-cm-3-8-pm3-13-l04\/","title":{"rendered":"Pilarka MS 231 C-BE, 35 cm, 3\/8\u201d, PM3, 1,3 L04"},"content":{"rendered":"","protected":false},"excerpt":{"rendered":"<table style=\"width: fit-content; font-family: Arial, sans-serif; font-size: 14px; border-collapse: collapse;\">\n<tbody>\n<tr style=\"background-color: #f9f9f9;\">\n<td>Pojemno\u015b\u0107 skokowa<\/td>\n<td>42.6 cm\u00b3<\/td>\n<\/tr>\n<tr style=\"background-color: #ffffff;\">\n<td>Moc<\/td>\n<td>2 kW<\/td>\n<\/tr>\n<tr style=\"background-color: #f9f9f9;\">\n<td>Moc<\/td>\n<td>2.70 KM<\/td>\n<\/tr>\n<tr style=\"background-color: #ffffff;\">\n<td>CO\u2082<\/td>\n<td>819 g\/kWh<\/td>\n<\/tr>\n<tr style=\"background-color: #f9f9f9;\">\n<td>Ci\u0119\u017car urz\u0105dzenia bez paliwa<\/td>\n<td>5.1 kg<\/td>\n<\/tr>\n<\/tbody>\n<\/table>\n","protected":false},"featured_media":29021,"template":"","meta":[],"product_brand":[70],"product_cat":[71],"product_tag":[],"class_list":{"0":"post-29044","1":"product","2":"type-product","3":"status-publish","4":"has-post-thumbnail","6":"product_brand-stihl","7":"product_cat-pilarki","9":"first","10":"instock","11":"shipping-taxable","12":"purchasable","13":"product-type-simple"},"aioseo_notices":[],"_links":{"self":[{"href":"https:\/\/profika.com.pl\/index.php\/wp-json\/wp\/v2\/product\/29044","targetHints":{"allow":["GET"]}}],"collection":[{"href":"https:\/\/profika.com.pl\/index.php\/wp-json\/wp\/v2\/product"}],"about":[{"href":"https:\/\/profika.com.pl\/index.php\/wp-json\/wp\/v2\/types\/product"}],"version-history":[{"count":1,"href":"https:\/\/profika.com.pl\/index.php\/wp-json\/wp\/v2\/product\/29044\/revisions"}],"predecessor-version":[{"id":29046,"href":"https:\/\/profika.com.pl\/index.php\/wp-json\/wp\/v2\/product\/29044\/revisions\/29046"}],"wp:featuredmedia":[{"embeddable":true,"href":"https:\/\/profika.com.pl\/index.php\/wp-json\/wp\/v2\/media\/29021"}],"wp:attachment":[{"href":"https:\/\/profika.com.pl\/index.php\/wp-json\/wp\/v2\/media?parent=29044"}],"wp:term":[{"taxonomy":"product_brand","embeddable":true,"href":"https:\/\/profika.com.pl\/index.php\/wp-json\/wp\/v2\/product_brand?post=29044"},{"taxonomy":"product_cat","embeddable":true,"href":"https:\/\/profika.com.pl\/index.php\/wp-json\/wp\/v2\/product_cat?post=29044"},{"taxonomy":"product_tag","embeddable":true,"href":"https:\/\/profika.com.pl\/index.php\/wp-json\/wp\/v2\/product_tag?post=29044"}],"curies":[{"name":"wp","href":"https:\/\/api.w.org\/{rel}","templated":true}]}}