{"id":29110,"date":"2025-09-24T12:25:20","date_gmt":"2025-09-24T10:25:20","guid":{"rendered":"https:\/\/serwer385941.lh.pl\/autoinstalator\/serwer385941.lh.pl\/wordpress135569\/?post_type=product&#038;p=29110"},"modified":"2025-09-24T15:16:44","modified_gmt":"2025-09-24T13:16:44","slug":"torba-na-pilarke","status":"publish","type":"product","link":"https:\/\/profika.com.pl\/index.php\/produkt\/torba-na-pilarke\/","title":{"rendered":"Torba na pilark\u0119"},"content":{"rendered":"","protected":false},"excerpt":{"rendered":"<p><strong>SZCZEG\u00d3\u0141Y PRODUKTU<\/strong><br \/>\nTorba transportowa na pilarki \u0142a\u0144cuchowe o d\u0142ugo\u015bci prowadnicy do 45 cm.<br \/>\nDo przechowywania i transportu w suchym miejscu.<br \/>\nChroni pilark\u0119 przed brudem i warunkami atmosferycznymi.<\/p>\n","protected":false},"featured_media":29111,"template":"","meta":[],"product_brand":[70],"product_cat":[73],"product_tag":[],"class_list":{"0":"post-29110","1":"product","2":"type-product","3":"status-publish","4":"has-post-thumbnail","6":"product_brand-stihl","7":"product_cat-akcesoria","9":"first","10":"instock","11":"shipping-taxable","12":"purchasable","13":"product-type-simple"},"aioseo_notices":[],"_links":{"self":[{"href":"https:\/\/profika.com.pl\/index.php\/wp-json\/wp\/v2\/product\/29110","targetHints":{"allow":["GET"]}}],"collection":[{"href":"https:\/\/profika.com.pl\/index.php\/wp-json\/wp\/v2\/product"}],"about":[{"href":"https:\/\/profika.com.pl\/index.php\/wp-json\/wp\/v2\/types\/product"}],"version-history":[{"count":1,"href":"https:\/\/profika.com.pl\/index.php\/wp-json\/wp\/v2\/product\/29110\/revisions"}],"predecessor-version":[{"id":29112,"href":"https:\/\/profika.com.pl\/index.php\/wp-json\/wp\/v2\/product\/29110\/revisions\/29112"}],"wp:featuredmedia":[{"embeddable":true,"href":"https:\/\/profika.com.pl\/index.php\/wp-json\/wp\/v2\/media\/29111"}],"wp:attachment":[{"href":"https:\/\/profika.com.pl\/index.php\/wp-json\/wp\/v2\/media?parent=29110"}],"wp:term":[{"taxonomy":"product_brand","embeddable":true,"href":"https:\/\/profika.com.pl\/index.php\/wp-json\/wp\/v2\/product_brand?post=29110"},{"taxonomy":"product_cat","embeddable":true,"href":"https:\/\/profika.com.pl\/index.php\/wp-json\/wp\/v2\/product_cat?post=29110"},{"taxonomy":"product_tag","embeddable":true,"href":"https:\/\/profika.com.pl\/index.php\/wp-json\/wp\/v2\/product_tag?post=29110"}],"curies":[{"name":"wp","href":"https:\/\/api.w.org\/{rel}","templated":true}]}}