{"id":29113,"date":"2025-09-24T12:31:07","date_gmt":"2025-09-24T10:31:07","guid":{"rendered":"https:\/\/serwer385941.lh.pl\/autoinstalator\/serwer385941.lh.pl\/wordpress135569\/?post_type=product&#038;p=29113"},"modified":"2025-09-24T15:17:21","modified_gmt":"2025-09-24T13:17:21","slug":"lancuch-do-pilarki-3-8-p-micro-mini-3-pmm-3-11mm","status":"publish","type":"product","link":"https:\/\/profika.com.pl\/index.php\/produkt\/lancuch-do-pilarki-3-8-p-micro-mini-3-pmm-3-11mm\/","title":{"rendered":"\u0141ancuch do pilarki, 3\/8&#8243; P Micro Mini 3 (PMM 3), 1,1mm"},"content":{"rendered":"","protected":false},"excerpt":{"rendered":"<p><strong>SZCZEG\u00d3\u0141Y PRODUKTU<\/strong><br \/>\nKomfortowa podstawowa pi\u0142a \u0142a\u0144cuchowa.<br \/>\nDla u\u017cytkownik\u00f3w prywatnych, w\u0142a\u015bcicieli ogrod\u00f3w i rzemie\u015blnik\u00f3w.<br \/>\nNiewielka si\u0142a odrzutu i minimalne drgania.<br \/>\nWysoka wydajno\u015b\u0107 ci\u0119cia dzi\u0119ki bardzo w\u0105skiemu rzazowi.<\/p>\n","protected":false},"featured_media":29114,"template":"","meta":[],"product_brand":[70],"product_cat":[84],"product_tag":[],"class_list":{"0":"post-29113","1":"product","2":"type-product","3":"status-publish","4":"has-post-thumbnail","6":"product_brand-stihl","7":"product_cat-glowice-tarcze-zylki","9":"first","10":"instock","11":"shipping-taxable","12":"purchasable","13":"product-type-simple"},"aioseo_notices":[],"_links":{"self":[{"href":"https:\/\/profika.com.pl\/index.php\/wp-json\/wp\/v2\/product\/29113","targetHints":{"allow":["GET"]}}],"collection":[{"href":"https:\/\/profika.com.pl\/index.php\/wp-json\/wp\/v2\/product"}],"about":[{"href":"https:\/\/profika.com.pl\/index.php\/wp-json\/wp\/v2\/types\/product"}],"version-history":[{"count":1,"href":"https:\/\/profika.com.pl\/index.php\/wp-json\/wp\/v2\/product\/29113\/revisions"}],"predecessor-version":[{"id":29115,"href":"https:\/\/profika.com.pl\/index.php\/wp-json\/wp\/v2\/product\/29113\/revisions\/29115"}],"wp:featuredmedia":[{"embeddable":true,"href":"https:\/\/profika.com.pl\/index.php\/wp-json\/wp\/v2\/media\/29114"}],"wp:attachment":[{"href":"https:\/\/profika.com.pl\/index.php\/wp-json\/wp\/v2\/media?parent=29113"}],"wp:term":[{"taxonomy":"product_brand","embeddable":true,"href":"https:\/\/profika.com.pl\/index.php\/wp-json\/wp\/v2\/product_brand?post=29113"},{"taxonomy":"product_cat","embeddable":true,"href":"https:\/\/profika.com.pl\/index.php\/wp-json\/wp\/v2\/product_cat?post=29113"},{"taxonomy":"product_tag","embeddable":true,"href":"https:\/\/profika.com.pl\/index.php\/wp-json\/wp\/v2\/product_tag?post=29113"}],"curies":[{"name":"wp","href":"https:\/\/api.w.org\/{rel}","templated":true}]}}