{"id":29131,"date":"2025-09-24T15:24:55","date_gmt":"2025-09-24T13:24:55","guid":{"rendered":"https:\/\/serwer385941.lh.pl\/autoinstalator\/serwer385941.lh.pl\/wordpress135569\/?post_type=product&#038;p=29131"},"modified":"2025-09-24T15:24:55","modified_gmt":"2025-09-24T13:24:55","slug":"kosa-spalinowa-fs-235","status":"publish","type":"product","link":"https:\/\/profika.com.pl\/index.php\/produkt\/kosa-spalinowa-fs-235\/","title":{"rendered":"Kosa spalinowa FS 235"},"content":{"rendered":"","protected":false},"excerpt":{"rendered":"<table style=\"width: fit-content; font-family: Arial, sans-serif; font-size: 14px; border-collapse: collapse;\">\n<tbody>\n<tr style=\"background-color: #f9f9f9;\">\n<td>Pojemno\u015b\u0107 skokowa<\/td>\n<td>36.3 cm\u00b3<\/td>\n<\/tr>\n<tr style=\"background-color: #ffffff;\">\n<td>Moc<\/td>\n<td>1.50 kW<\/td>\n<\/tr>\n<tr style=\"background-color: #f9f9f9;\">\n<td>Moc<\/td>\n<td>2.10 KM<\/td>\n<\/tr>\n<tr style=\"background-color: #ffffff;\">\n<td>CO\u2082<\/td>\n<td>864 g\/kWh<\/td>\n<\/tr>\n<tr style=\"background-color: #f9f9f9;\">\n<td>Ci\u0119\u017car urz\u0105dzenia bez paliwa<\/td>\n<td>6.48 kg<\/td>\n<\/tr>\n<\/tbody>\n<\/table>\n<p><b>Wyposa\u017cenie:<\/b><br \/>\n1-punktowy system antywibracyjny STIHL<br \/>\nUchwyt obur\u0119czny<br \/>\nPrze\u0142\u0105cznik wielofunkcyjny<br \/>\nKomfortowa g\u0142owica kosz\u0105ca AutoCut C 26-2<br \/>\nTr\u00f3jz\u0105b<br \/>\nSzelki<\/p>\n","protected":false},"featured_media":29127,"template":"","meta":[],"product_brand":[70],"product_cat":[76],"product_tag":[],"class_list":{"0":"post-29131","1":"product","2":"type-product","3":"status-publish","4":"has-post-thumbnail","6":"product_brand-stihl","7":"product_cat-kosy","9":"first","10":"instock","11":"shipping-taxable","12":"purchasable","13":"product-type-simple"},"aioseo_notices":[],"_links":{"self":[{"href":"https:\/\/profika.com.pl\/index.php\/wp-json\/wp\/v2\/product\/29131","targetHints":{"allow":["GET"]}}],"collection":[{"href":"https:\/\/profika.com.pl\/index.php\/wp-json\/wp\/v2\/product"}],"about":[{"href":"https:\/\/profika.com.pl\/index.php\/wp-json\/wp\/v2\/types\/product"}],"version-history":[{"count":1,"href":"https:\/\/profika.com.pl\/index.php\/wp-json\/wp\/v2\/product\/29131\/revisions"}],"predecessor-version":[{"id":29132,"href":"https:\/\/profika.com.pl\/index.php\/wp-json\/wp\/v2\/product\/29131\/revisions\/29132"}],"wp:featuredmedia":[{"embeddable":true,"href":"https:\/\/profika.com.pl\/index.php\/wp-json\/wp\/v2\/media\/29127"}],"wp:attachment":[{"href":"https:\/\/profika.com.pl\/index.php\/wp-json\/wp\/v2\/media?parent=29131"}],"wp:term":[{"taxonomy":"product_brand","embeddable":true,"href":"https:\/\/profika.com.pl\/index.php\/wp-json\/wp\/v2\/product_brand?post=29131"},{"taxonomy":"product_cat","embeddable":true,"href":"https:\/\/profika.com.pl\/index.php\/wp-json\/wp\/v2\/product_cat?post=29131"},{"taxonomy":"product_tag","embeddable":true,"href":"https:\/\/profika.com.pl\/index.php\/wp-json\/wp\/v2\/product_tag?post=29131"}],"curies":[{"name":"wp","href":"https:\/\/api.w.org\/{rel}","templated":true}]}}