{"id":29136,"date":"2025-09-24T15:35:25","date_gmt":"2025-09-24T13:35:25","guid":{"rendered":"https:\/\/serwer385941.lh.pl\/autoinstalator\/serwer385941.lh.pl\/wordpress135569\/?post_type=product&#038;p=29136"},"modified":"2025-09-24T16:22:35","modified_gmt":"2025-09-24T14:22:35","slug":"myjka-re-130-plus","status":"publish","type":"product","link":"https:\/\/profika.com.pl\/index.php\/produkt\/myjka-re-130-plus\/","title":{"rendered":"Myjka RE 130 Plus"},"content":{"rendered":"<p>Wydajna myjka wysokoci\u015bnieniowa 135-bar\u00f3w w komfortowej wersji wyposa\u017cenia (PLUS).<br \/>\nAluminiowa g\u0142owica pompy,<br \/>\nbezszczotkowy silnik indukcyjny,<br \/>\nzintegrowany w\u00f3zek jezdny,<br \/>\nzestaw do rozpylania \u015brodka czyszcz\u0105cego,<br \/>\ndysza rotacyjna,<br \/>\nregulowana dysza p\u0142aska z regulacj\u0105 ci\u015bnienia,<br \/>\nszybkoz\u0142\u0105cze zabezpieczaj\u0105ce w\u0105\u017c przed skr\u0119caniem,<br \/>\npozycja postojowa do odstawiania pistoletu podczas przerw,<br \/>\nw\u0105\u017c wysokoci\u015bnieniowy 9 m ze stalowym oplotem,<br \/>\nszczeg\u00f3lnie d\u0142uga lanca z mi\u0119kkim uchwytem poprawiaj\u0105cym komfort pracy,<br \/>\naluminiowy uchwyt transportowy, boczny schowek na dysze i przew\u00f3d zasilaj\u0105cy.<\/p>\n","protected":false},"excerpt":{"rendered":"<table style=\"width: fit-content; font-family: Arial, sans-serif; font-size: 14px; border-collapse: collapse;\">\n<tbody>\n<tr style=\"background-color: #f9f9f9;\">\n<td>Napi\u0119cie znamionowe<\/td>\n<td>220-240 V<\/td>\n<\/tr>\n<tr style=\"background-color: #ffffff;\">\n<td>Liczba faz<\/td>\n<td>1<\/td>\n<\/tr>\n<tr style=\"background-color: #f9f9f9;\">\n<td>Pob\u00f3r mocy<\/td>\n<td>2.30 kW<\/td>\n<\/tr>\n<tr style=\"background-color: #ffffff;\">\n<td>Pr\u0119dko\u015b\u0107 obrotowa<\/td>\n<td>2850 obr.\/min<\/td>\n<\/tr>\n<tr style=\"background-color: #f9f9f9;\">\n<td>Ci\u0119\u017car urz\u0105dzenia bez przewodu<\/td>\n<td>21.2 kg<\/td>\n<\/tr>\n<\/tbody>\n<\/table>\n","protected":false},"featured_media":29137,"template":"","meta":[],"product_brand":[70],"product_cat":[74],"product_tag":[],"class_list":{"0":"post-29136","1":"product","2":"type-product","3":"status-publish","4":"has-post-thumbnail","6":"product_brand-stihl","7":"product_cat-narzedzia","9":"first","10":"instock","11":"shipping-taxable","12":"purchasable","13":"product-type-simple"},"aioseo_notices":[],"_links":{"self":[{"href":"https:\/\/profika.com.pl\/index.php\/wp-json\/wp\/v2\/product\/29136","targetHints":{"allow":["GET"]}}],"collection":[{"href":"https:\/\/profika.com.pl\/index.php\/wp-json\/wp\/v2\/product"}],"about":[{"href":"https:\/\/profika.com.pl\/index.php\/wp-json\/wp\/v2\/types\/product"}],"version-history":[{"count":3,"href":"https:\/\/profika.com.pl\/index.php\/wp-json\/wp\/v2\/product\/29136\/revisions"}],"predecessor-version":[{"id":29143,"href":"https:\/\/profika.com.pl\/index.php\/wp-json\/wp\/v2\/product\/29136\/revisions\/29143"}],"wp:featuredmedia":[{"embeddable":true,"href":"https:\/\/profika.com.pl\/index.php\/wp-json\/wp\/v2\/media\/29137"}],"wp:attachment":[{"href":"https:\/\/profika.com.pl\/index.php\/wp-json\/wp\/v2\/media?parent=29136"}],"wp:term":[{"taxonomy":"product_brand","embeddable":true,"href":"https:\/\/profika.com.pl\/index.php\/wp-json\/wp\/v2\/product_brand?post=29136"},{"taxonomy":"product_cat","embeddable":true,"href":"https:\/\/profika.com.pl\/index.php\/wp-json\/wp\/v2\/product_cat?post=29136"},{"taxonomy":"product_tag","embeddable":true,"href":"https:\/\/profika.com.pl\/index.php\/wp-json\/wp\/v2\/product_tag?post=29136"}],"curies":[{"name":"wp","href":"https:\/\/api.w.org\/{rel}","templated":true}]}}