{"id":29144,"date":"2025-09-24T16:27:01","date_gmt":"2025-09-24T14:27:01","guid":{"rendered":"https:\/\/serwer385941.lh.pl\/autoinstalator\/serwer385941.lh.pl\/wordpress135569\/?post_type=product&#038;p=29144"},"modified":"2025-09-24T16:27:30","modified_gmt":"2025-09-24T14:27:30","slug":"nozyce-hl-94","status":"publish","type":"product","link":"https:\/\/profika.com.pl\/index.php\/produkt\/nozyce-hl-94\/","title":{"rendered":"No\u017cyce HL 94 C-E"},"content":{"rendered":"<p>Optymalne do profesjonalnych prac przy przycinaniu wysokich \u017cywop\u0142ot\u00f3w oraz prac w niewielkiej odleg\u0142o\u015bci od pod\u0142o\u017ca.<br \/>\nLekka przek\u0142adnia, silnik 2-MIX z systemem ECOSPEED do regulacji pr\u0119dko\u015bci obrotowej podczas pracy na d\u0142ugich odcinkach na terenach wymagaj\u0105cych zachowania ciszy,<br \/>\nsystem STIHL ErgoStart, listwa tn\u0105ca wychylna pod k\u0105tem 145\u00b0, d\u0142ugo\u015b\u0107 ca\u0142kowita 242 cm.<\/p>\n","protected":false},"excerpt":{"rendered":"<table style=\"width: fit-content; font-family: Arial, sans-serif; font-size: 14px; border-collapse: collapse;\">\n<tbody>\n<tr style=\"background-color: #f9f9f9;\">\n<td>Pojemno\u015b\u0107 skokowa<\/td>\n<td>24.1 cm\u00b3<\/td>\n<\/tr>\n<tr style=\"background-color: #ffffff;\">\n<td>Moc<\/td>\n<td>0.90 kW<\/td>\n<\/tr>\n<tr style=\"background-color: #f9f9f9;\">\n<td>Moc<\/td>\n<td>1.20 KM<\/td>\n<\/tr>\n<tr style=\"background-color: #ffffff;\">\n<td>Pr\u0119dko\u015b\u0107 skokowa<\/td>\n<td>4000<\/td>\n<\/tr>\n<tr style=\"background-color: #f9f9f9;\">\n<td>CO\u2082<\/td>\n<td>794 g\/kWh<\/td>\n<\/tr>\n<\/tbody>\n<\/table>\n","protected":false},"featured_media":29146,"template":"","meta":[],"product_brand":[70],"product_cat":[77],"product_tag":[],"class_list":{"0":"post-29144","1":"product","2":"type-product","3":"status-publish","4":"has-post-thumbnail","6":"product_brand-stihl","7":"product_cat-nozyce","9":"first","10":"instock","11":"shipping-taxable","12":"purchasable","13":"product-type-simple"},"aioseo_notices":[],"_links":{"self":[{"href":"https:\/\/profika.com.pl\/index.php\/wp-json\/wp\/v2\/product\/29144","targetHints":{"allow":["GET"]}}],"collection":[{"href":"https:\/\/profika.com.pl\/index.php\/wp-json\/wp\/v2\/product"}],"about":[{"href":"https:\/\/profika.com.pl\/index.php\/wp-json\/wp\/v2\/types\/product"}],"version-history":[{"count":2,"href":"https:\/\/profika.com.pl\/index.php\/wp-json\/wp\/v2\/product\/29144\/revisions"}],"predecessor-version":[{"id":29150,"href":"https:\/\/profika.com.pl\/index.php\/wp-json\/wp\/v2\/product\/29144\/revisions\/29150"}],"wp:featuredmedia":[{"embeddable":true,"href":"https:\/\/profika.com.pl\/index.php\/wp-json\/wp\/v2\/media\/29146"}],"wp:attachment":[{"href":"https:\/\/profika.com.pl\/index.php\/wp-json\/wp\/v2\/media?parent=29144"}],"wp:term":[{"taxonomy":"product_brand","embeddable":true,"href":"https:\/\/profika.com.pl\/index.php\/wp-json\/wp\/v2\/product_brand?post=29144"},{"taxonomy":"product_cat","embeddable":true,"href":"https:\/\/profika.com.pl\/index.php\/wp-json\/wp\/v2\/product_cat?post=29144"},{"taxonomy":"product_tag","embeddable":true,"href":"https:\/\/profika.com.pl\/index.php\/wp-json\/wp\/v2\/product_tag?post=29144"}],"curies":[{"name":"wp","href":"https:\/\/api.w.org\/{rel}","templated":true}]}}