{"id":29151,"date":"2025-09-24T16:29:55","date_gmt":"2025-09-24T14:29:55","guid":{"rendered":"https:\/\/serwer385941.lh.pl\/autoinstalator\/serwer385941.lh.pl\/wordpress135569\/?post_type=product&#038;p=29151"},"modified":"2025-09-24T16:30:07","modified_gmt":"2025-09-24T14:30:07","slug":"nozyce-hs-82-t","status":"publish","type":"product","link":"https:\/\/profika.com.pl\/index.php\/produkt\/nozyce-hs-82-t\/","title":{"rendered":"No\u017cyce HS 82 T"},"content":{"rendered":"<p>HS 82: <strong>Obustronna listwa tn\u0105ca<\/strong><\/p>\n<p>Profesjonalne no\u017cyce tn\u0105ce z silnikiem STIHL 2-MIX w wersji do trymowania.<br \/>\nDwustronna listwa tn\u0105ca, przeznaczona zar\u00f3wno do ci\u0119cia w poziomie jak i w pionie.<br \/>\nNiewielka waga i niski poziom drga\u0144. Do 5100 skok\u00f3w na minut\u0119, du\u017ca pr\u0119dko\u015b\u0107 ostrzy gwarantuj\u0105 delikatne ci\u0119cie.<\/p>\n","protected":false},"excerpt":{"rendered":"<table style=\"width: fit-content; font-family: Arial, sans-serif; font-size: 14px; border-collapse: collapse;\">\n<tbody>\n<tr style=\"background-color: #f9f9f9;\">\n<td>Pojemno\u015b\u0107 skokowa<\/td>\n<td>22.7 cm\u00b3<\/td>\n<\/tr>\n<tr style=\"background-color: #ffffff;\">\n<td>Moc<\/td>\n<td>0.70 kW<\/td>\n<\/tr>\n<tr style=\"background-color: #f9f9f9;\">\n<td>Moc<\/td>\n<td>1 KM<\/td>\n<\/tr>\n<tr style=\"background-color: #ffffff;\">\n<td>Pr\u0119dko\u015b\u0107 skokowa<\/td>\n<td>5100<\/td>\n<\/tr>\n<tr style=\"background-color: #f9f9f9;\">\n<td>CO\u2082<\/td>\n<td>967 g\/kWh<\/td>\n<\/tr>\n<\/tbody>\n<\/table>\n","protected":false},"featured_media":29147,"template":"","meta":[],"product_brand":[70],"product_cat":[77],"product_tag":[],"class_list":{"0":"post-29151","1":"product","2":"type-product","3":"status-publish","4":"has-post-thumbnail","6":"product_brand-stihl","7":"product_cat-nozyce","9":"first","10":"instock","11":"shipping-taxable","12":"purchasable","13":"product-type-simple"},"aioseo_notices":[],"_links":{"self":[{"href":"https:\/\/profika.com.pl\/index.php\/wp-json\/wp\/v2\/product\/29151","targetHints":{"allow":["GET"]}}],"collection":[{"href":"https:\/\/profika.com.pl\/index.php\/wp-json\/wp\/v2\/product"}],"about":[{"href":"https:\/\/profika.com.pl\/index.php\/wp-json\/wp\/v2\/types\/product"}],"version-history":[{"count":1,"href":"https:\/\/profika.com.pl\/index.php\/wp-json\/wp\/v2\/product\/29151\/revisions"}],"predecessor-version":[{"id":29152,"href":"https:\/\/profika.com.pl\/index.php\/wp-json\/wp\/v2\/product\/29151\/revisions\/29152"}],"wp:featuredmedia":[{"embeddable":true,"href":"https:\/\/profika.com.pl\/index.php\/wp-json\/wp\/v2\/media\/29147"}],"wp:attachment":[{"href":"https:\/\/profika.com.pl\/index.php\/wp-json\/wp\/v2\/media?parent=29151"}],"wp:term":[{"taxonomy":"product_brand","embeddable":true,"href":"https:\/\/profika.com.pl\/index.php\/wp-json\/wp\/v2\/product_brand?post=29151"},{"taxonomy":"product_cat","embeddable":true,"href":"https:\/\/profika.com.pl\/index.php\/wp-json\/wp\/v2\/product_cat?post=29151"},{"taxonomy":"product_tag","embeddable":true,"href":"https:\/\/profika.com.pl\/index.php\/wp-json\/wp\/v2\/product_tag?post=29151"}],"curies":[{"name":"wp","href":"https:\/\/api.w.org\/{rel}","templated":true}]}}