{"id":29153,"date":"2025-09-24T16:33:38","date_gmt":"2025-09-24T14:33:38","guid":{"rendered":"https:\/\/serwer385941.lh.pl\/autoinstalator\/serwer385941.lh.pl\/wordpress135569\/?post_type=product&#038;p=29153"},"modified":"2025-09-24T16:33:38","modified_gmt":"2025-09-24T14:33:38","slug":"nozyce-hsa-60-ak-system","status":"publish","type":"product","link":"https:\/\/profika.com.pl\/index.php\/produkt\/nozyce-hsa-60-ak-system\/","title":{"rendered":"No\u017cyce HSA 60 &#8211; AK System"},"content":{"rendered":"<p><strong>ERGONOMICZNA, WYGODNA PRACA.<\/strong><br \/>\nObrotowy uchwyt wielofunkcyjny umo\u017cliwia precyzyjn\u0105 i wygodn\u0105 prac\u0119 podczas przycinania \u017cywop\u0142otu z boku lub od strony czo\u0142owej.<br \/>\nMo\u017cna obraca\u0107 go o 90\u00b0 w lewo i w prawo, dzi\u0119ki czemu jest odpowiedni zar\u00f3wno dla os\u00f3b prawo-, jak i lewor\u0119cznych.<br \/>\nOznacza to, \u017ce urz\u0105dzenie zawsze le\u017cy w d\u0142oni w najbardziej ergonomicznej pozycji.<\/p>\n","protected":false},"excerpt":{"rendered":"<table style=\"width: fit-content; font-family: Arial, sans-serif; font-size: 14px; border-collapse: collapse;\">\n<tbody>\n<tr style=\"background-color: #f9f9f9;\">\n<td>Napi\u0119cie znamionowe<\/td>\n<td>36 V<\/td>\n<\/tr>\n<tr style=\"background-color: #ffffff;\">\n<td>Pob\u00f3r mocy<\/td>\n<td>0.40 kW<\/td>\n<\/tr>\n<tr style=\"background-color: #f9f9f9;\">\n<td>Moc<\/td>\n<td>0.29 kW<\/td>\n<\/tr>\n<tr style=\"background-color: #ffffff;\">\n<td>System akumulatorowy<\/td>\n<td>AK<\/td>\n<\/tr>\n<tr style=\"background-color: #f9f9f9;\">\n<td>Zalecany akumulator<\/td>\n<td>AK 10<\/td>\n<\/tr>\n<\/tbody>\n<\/table>\n","protected":false},"featured_media":29149,"template":"","meta":[],"product_brand":[70],"product_cat":[77],"product_tag":[],"class_list":{"0":"post-29153","1":"product","2":"type-product","3":"status-publish","4":"has-post-thumbnail","6":"product_brand-stihl","7":"product_cat-nozyce","9":"first","10":"instock","11":"shipping-taxable","12":"purchasable","13":"product-type-simple"},"aioseo_notices":[],"_links":{"self":[{"href":"https:\/\/profika.com.pl\/index.php\/wp-json\/wp\/v2\/product\/29153","targetHints":{"allow":["GET"]}}],"collection":[{"href":"https:\/\/profika.com.pl\/index.php\/wp-json\/wp\/v2\/product"}],"about":[{"href":"https:\/\/profika.com.pl\/index.php\/wp-json\/wp\/v2\/types\/product"}],"version-history":[{"count":1,"href":"https:\/\/profika.com.pl\/index.php\/wp-json\/wp\/v2\/product\/29153\/revisions"}],"predecessor-version":[{"id":29154,"href":"https:\/\/profika.com.pl\/index.php\/wp-json\/wp\/v2\/product\/29153\/revisions\/29154"}],"wp:featuredmedia":[{"embeddable":true,"href":"https:\/\/profika.com.pl\/index.php\/wp-json\/wp\/v2\/media\/29149"}],"wp:attachment":[{"href":"https:\/\/profika.com.pl\/index.php\/wp-json\/wp\/v2\/media?parent=29153"}],"wp:term":[{"taxonomy":"product_brand","embeddable":true,"href":"https:\/\/profika.com.pl\/index.php\/wp-json\/wp\/v2\/product_brand?post=29153"},{"taxonomy":"product_cat","embeddable":true,"href":"https:\/\/profika.com.pl\/index.php\/wp-json\/wp\/v2\/product_cat?post=29153"},{"taxonomy":"product_tag","embeddable":true,"href":"https:\/\/profika.com.pl\/index.php\/wp-json\/wp\/v2\/product_tag?post=29153"}],"curies":[{"name":"wp","href":"https:\/\/api.w.org\/{rel}","templated":true}]}}