{"id":29287,"date":"2025-09-26T12:31:38","date_gmt":"2025-09-26T10:31:38","guid":{"rendered":"https:\/\/serwer385941.lh.pl\/autoinstalator\/serwer385941.lh.pl\/wordpress135569\/?post_type=product&#038;p=29287"},"modified":"2025-09-26T12:31:38","modified_gmt":"2025-09-26T10:31:38","slug":"olej-silnikowy-stihl-2t-czerwony-1l-oryginal","status":"publish","type":"product","link":"https:\/\/profika.com.pl\/index.php\/produkt\/olej-silnikowy-stihl-2t-czerwony-1l-oryginal\/","title":{"rendered":"Olej Silnikowy Stihl 2T Czerwony 1L Orygina\u0142"},"content":{"rendered":"","protected":false},"excerpt":{"rendered":"<h4>Parametry:<\/h4>\n<ul>\n<li><b>Nr. cz\u0119\u015bci oryg.:<\/b> 0781 319 8410, 07813198410<\/li>\n<\/ul>\n<ul>\n<li><b>Pojemno\u015b\u0107:<\/b> 1 L \/ 1000 ml<\/li>\n<\/ul>\n<ul>\n<li><b>Kolor:<\/b> Czerwony<\/li>\n<\/ul>\n<ul>\n<li>Ekologiczny, mineralny olej do silnik\u00f3w dwusuwowych stosowanych w pilarkach \u0142a\u0144cuchowych, kosach i innym sprz\u0119cie ogrodniczym.<\/li>\n<\/ul>\n<ul>\n<li>Olej przeznaczony do silnik\u00f3w 2T dwusuwowych<\/li>\n<\/ul>\n<ul>\n<li>Niska sk\u0142onno\u015b\u0107 do dymienia, przyjazny dla \u015brodowiska<\/li>\n<li>Miesza\u0107 z paliwem w proporcji zalecanej przez producenta urz\u0105dzenia. W razie braku instrukcji, miesza\u0107 z paliwem w proporcji 1:50 \/ 2% (100 ml oleju na 5 litr\u00f3w paliwa) lub wy\u017cszej<\/li>\n<\/ul>\n","protected":false},"featured_media":29288,"template":"","meta":[],"product_brand":[70],"product_cat":[96],"product_tag":[],"class_list":{"0":"post-29287","1":"product","2":"type-product","3":"status-publish","4":"has-post-thumbnail","6":"product_brand-stihl","7":"product_cat-oleje","9":"first","10":"instock","11":"shipping-taxable","12":"purchasable","13":"product-type-simple"},"aioseo_notices":[],"_links":{"self":[{"href":"https:\/\/profika.com.pl\/index.php\/wp-json\/wp\/v2\/product\/29287","targetHints":{"allow":["GET"]}}],"collection":[{"href":"https:\/\/profika.com.pl\/index.php\/wp-json\/wp\/v2\/product"}],"about":[{"href":"https:\/\/profika.com.pl\/index.php\/wp-json\/wp\/v2\/types\/product"}],"version-history":[{"count":1,"href":"https:\/\/profika.com.pl\/index.php\/wp-json\/wp\/v2\/product\/29287\/revisions"}],"predecessor-version":[{"id":29289,"href":"https:\/\/profika.com.pl\/index.php\/wp-json\/wp\/v2\/product\/29287\/revisions\/29289"}],"wp:featuredmedia":[{"embeddable":true,"href":"https:\/\/profika.com.pl\/index.php\/wp-json\/wp\/v2\/media\/29288"}],"wp:attachment":[{"href":"https:\/\/profika.com.pl\/index.php\/wp-json\/wp\/v2\/media?parent=29287"}],"wp:term":[{"taxonomy":"product_brand","embeddable":true,"href":"https:\/\/profika.com.pl\/index.php\/wp-json\/wp\/v2\/product_brand?post=29287"},{"taxonomy":"product_cat","embeddable":true,"href":"https:\/\/profika.com.pl\/index.php\/wp-json\/wp\/v2\/product_cat?post=29287"},{"taxonomy":"product_tag","embeddable":true,"href":"https:\/\/profika.com.pl\/index.php\/wp-json\/wp\/v2\/product_tag?post=29287"}],"curies":[{"name":"wp","href":"https:\/\/api.w.org\/{rel}","templated":true}]}}