{"id":29290,"date":"2025-09-26T12:33:24","date_gmt":"2025-09-26T10:33:24","guid":{"rendered":"https:\/\/serwer385941.lh.pl\/autoinstalator\/serwer385941.lh.pl\/wordpress135569\/?post_type=product&#038;p=29290"},"modified":"2025-09-26T12:33:24","modified_gmt":"2025-09-26T10:33:24","slug":"olej-silnikowy-stihl-hp-super-07813198053-1l","status":"publish","type":"product","link":"https:\/\/profika.com.pl\/index.php\/produkt\/olej-silnikowy-stihl-hp-super-07813198053-1l\/","title":{"rendered":"Olej silnikowy Stihl HP Super 07813198053 1L"},"content":{"rendered":"","protected":false},"excerpt":{"rendered":"<h4>ORYGINALNY Olej Stihl do silnik\u00f3w dwusuwowych 1 Litr<\/h4>\n<p>Syntetyczny olej niskodymi\u0105cy opracowany specjalnie do silnik\u00f3w STIHL. HP Super to olej silnikowy o doskona\u0142ych w\u0142a\u015bciwo\u015bciach smarnych, rozruchowych, zapewniaj\u0105cy czyste spalanie. Klasa wydajno\u015bci: JASO-FD, ISO-L-EGD.<\/p>\n<p><b>Cechy:<\/b><\/p>\n<ul>\n<li><b>Klasa wydajno\u015bci<\/b>: JASO-FD, ISO-L-EGD,<\/li>\n<li><b>Kolor:<\/b> Zielony<\/li>\n<li><b>Pojemno\u015b\u0107:<\/b> 1 Litr<\/li>\n<li>Dobre cechy samomieszaj\u0105ce,<\/li>\n<li>Najbardziej znany i popularny olej firmy STIHL do mieszanki , do silnik\u00f3w dwusuwowych, opracowany na bazie olej\u00f3w syntetycznych,<\/li>\n<li>Opracowany w laboratoriach STIHL specjalnie na potrzeby silnik\u00f3w firmy,<\/li>\n<li>Doskona\u0142e w\u0142a\u015bciwo\u015bci smarne w ka\u017cdym zakresie obrot\u00f3w silnika,<\/li>\n<li>Zapewnia czysto\u015b\u0107 silnika i efektywne spalanie.<\/li>\n<\/ul>\n","protected":false},"featured_media":29292,"template":"","meta":[],"product_brand":[70],"product_cat":[96],"product_tag":[],"class_list":{"0":"post-29290","1":"product","2":"type-product","3":"status-publish","4":"has-post-thumbnail","6":"product_brand-stihl","7":"product_cat-oleje","9":"first","10":"instock","11":"shipping-taxable","12":"purchasable","13":"product-type-simple"},"aioseo_notices":[],"_links":{"self":[{"href":"https:\/\/profika.com.pl\/index.php\/wp-json\/wp\/v2\/product\/29290","targetHints":{"allow":["GET"]}}],"collection":[{"href":"https:\/\/profika.com.pl\/index.php\/wp-json\/wp\/v2\/product"}],"about":[{"href":"https:\/\/profika.com.pl\/index.php\/wp-json\/wp\/v2\/types\/product"}],"version-history":[{"count":1,"href":"https:\/\/profika.com.pl\/index.php\/wp-json\/wp\/v2\/product\/29290\/revisions"}],"predecessor-version":[{"id":29293,"href":"https:\/\/profika.com.pl\/index.php\/wp-json\/wp\/v2\/product\/29290\/revisions\/29293"}],"wp:featuredmedia":[{"embeddable":true,"href":"https:\/\/profika.com.pl\/index.php\/wp-json\/wp\/v2\/media\/29292"}],"wp:attachment":[{"href":"https:\/\/profika.com.pl\/index.php\/wp-json\/wp\/v2\/media?parent=29290"}],"wp:term":[{"taxonomy":"product_brand","embeddable":true,"href":"https:\/\/profika.com.pl\/index.php\/wp-json\/wp\/v2\/product_brand?post=29290"},{"taxonomy":"product_cat","embeddable":true,"href":"https:\/\/profika.com.pl\/index.php\/wp-json\/wp\/v2\/product_cat?post=29290"},{"taxonomy":"product_tag","embeddable":true,"href":"https:\/\/profika.com.pl\/index.php\/wp-json\/wp\/v2\/product_tag?post=29290"}],"curies":[{"name":"wp","href":"https:\/\/api.w.org\/{rel}","templated":true}]}}