{"id":29295,"date":"2025-09-26T12:37:21","date_gmt":"2025-09-26T10:37:21","guid":{"rendered":"https:\/\/serwer385941.lh.pl\/autoinstalator\/serwer385941.lh.pl\/wordpress135569\/?post_type=product&#038;p=29295"},"modified":"2025-09-26T14:51:04","modified_gmt":"2025-09-26T12:51:04","slug":"wielosezonowy-olej-silnikowy-cedrus-sae-10w30-06l-do-czterosuwow","status":"publish","type":"product","link":"https:\/\/profika.com.pl\/index.php\/produkt\/wielosezonowy-olej-silnikowy-cedrus-sae-10w30-06l-do-czterosuwow\/","title":{"rendered":"Wielosezonowy Olej Silnikowy Cedrus Sae 10W30 0,6L Do Czterosuw\u00f3w"},"content":{"rendered":"","protected":false},"excerpt":{"rendered":"<h3>Oryginalny olej silnikowy<\/h3>\n<h4>CEDRUS SAE 10W30 0,6L<\/h4>\n<p><b>Cedrus Garden Oil 10W30<\/b> to wysokiej jako\u015bci olej o technologii specjalnie opracowanej dla <b>cztero-suwowych<\/b> silnik\u00f3w urz\u0105dze\u0144 ogrodniczych takich jak kosiarki, glebogryzarki, od\u015bnie\u017carki itp.<\/p>\n<p><b>Olej wielosezonowy, p\u00f3\u0142syntetyczny <\/b>zapewniaj\u0105cy doskona\u0142e w\u0142a\u015bciwo\u015bci u\u017cytkowe takie jak ochrona przed korozj\u0105, zapobieganie powstaniu osad\u00f3w wysokotemperaturowych.<\/p>\n","protected":false},"featured_media":29296,"template":"","meta":[],"product_brand":[102],"product_cat":[96],"product_tag":[],"class_list":{"0":"post-29295","1":"product","2":"type-product","3":"status-publish","4":"has-post-thumbnail","6":"product_brand-cedrus","7":"product_cat-oleje","9":"first","10":"instock","11":"shipping-taxable","12":"purchasable","13":"product-type-simple"},"aioseo_notices":[],"_links":{"self":[{"href":"https:\/\/profika.com.pl\/index.php\/wp-json\/wp\/v2\/product\/29295","targetHints":{"allow":["GET"]}}],"collection":[{"href":"https:\/\/profika.com.pl\/index.php\/wp-json\/wp\/v2\/product"}],"about":[{"href":"https:\/\/profika.com.pl\/index.php\/wp-json\/wp\/v2\/types\/product"}],"version-history":[{"count":1,"href":"https:\/\/profika.com.pl\/index.php\/wp-json\/wp\/v2\/product\/29295\/revisions"}],"predecessor-version":[{"id":29300,"href":"https:\/\/profika.com.pl\/index.php\/wp-json\/wp\/v2\/product\/29295\/revisions\/29300"}],"wp:featuredmedia":[{"embeddable":true,"href":"https:\/\/profika.com.pl\/index.php\/wp-json\/wp\/v2\/media\/29296"}],"wp:attachment":[{"href":"https:\/\/profika.com.pl\/index.php\/wp-json\/wp\/v2\/media?parent=29295"}],"wp:term":[{"taxonomy":"product_brand","embeddable":true,"href":"https:\/\/profika.com.pl\/index.php\/wp-json\/wp\/v2\/product_brand?post=29295"},{"taxonomy":"product_cat","embeddable":true,"href":"https:\/\/profika.com.pl\/index.php\/wp-json\/wp\/v2\/product_cat?post=29295"},{"taxonomy":"product_tag","embeddable":true,"href":"https:\/\/profika.com.pl\/index.php\/wp-json\/wp\/v2\/product_tag?post=29295"}],"curies":[{"name":"wp","href":"https:\/\/api.w.org\/{rel}","templated":true}]}}