{"id":29301,"date":"2025-09-26T12:39:47","date_gmt":"2025-09-26T10:39:47","guid":{"rendered":"https:\/\/serwer385941.lh.pl\/autoinstalator\/serwer385941.lh.pl\/wordpress135569\/?post_type=product&#038;p=29301"},"modified":"2025-09-26T12:43:15","modified_gmt":"2025-09-26T10:43:15","slug":"oslona-twarzy-i-sluchu-stihl-economy","status":"publish","type":"product","link":"https:\/\/profika.com.pl\/index.php\/produkt\/oslona-twarzy-i-sluchu-stihl-economy\/","title":{"rendered":"Os\u0142ona twarzy i s\u0142uchu Stihl Economy"},"content":{"rendered":"","protected":false},"excerpt":{"rendered":"<p>Profesjonalista musi ufa\u0107 swoim zmys\u0142om, dlatego podczas pracy z urz\u0105dzeniami mechanicznymi nale\u017cy odpowiednio zabezpiecza\u0107 oczy i uszy. Sprawdzone w praktyce: kombinacje os\u0142on twarzy\/ s\u0142uchu z mo\u017cliwo\u015bci\u0105 indywidualnej regulacji. T\u0142umi\u0105 odg\u0142os pracy silnika i chroni\u0105 oczy i twarz przed wi\u00f3rami, od\u0142amkami i kamykami.<\/p>\n<h4>STIHL FUNCTION GPA 24 Os\u0142ona twarzy i s\u0142uchu, z nylonowym wizjerem<\/h4>\n<p>Lekka kombinacja: nauszniki przeciwha\u0142asowe zapewniaj\u0105ce dobre wyt\u0142umienie ha\u0142asu i wychylny wizjer nylonowy, regulowany pa\u0142\u0105k.<\/p>\n<p><b>Siatka nylonowa<\/b><\/p>\n<p>Najcz\u0119\u015bciej u\u017cywana. Elastyczna siatka nylonowa, mniejsze niebezpiecze\u0144stwo p\u0119kni\u0119cia i d\u0142u\u017csza \u017cywotno\u015b\u0107. Przeci\u0119tna przepuszczalno\u015b\u0107 \u015bwiat\u0142a. (Zdj. wygl\u0105d zbli\u017cony do rzeczywisto\u015bci)<\/p>\n<ul>\n<li><b>Dane techniczne:<\/b>\u00a0Warto\u015b\u0107<\/li>\n<li><b>Norma:<\/b>\u00a0EN 1.731, EN 352<\/li>\n<li><b>Izolacja akustyczna\u00a01):<\/b>\u00a0SNR 24 (H:28, M: 21; L:13)<\/li>\n<li><b>Nauszniki przeciwha\u0142asowe do dB(A):<\/b>\u00a0104<\/li>\n<\/ul>\n","protected":false},"featured_media":29304,"template":"","meta":[],"product_brand":[70],"product_cat":[98],"product_tag":[],"class_list":{"0":"post-29301","1":"product","2":"type-product","3":"status-publish","4":"has-post-thumbnail","6":"product_brand-stihl","7":"product_cat-odziez-ochronna","9":"first","10":"instock","11":"shipping-taxable","12":"purchasable","13":"product-type-simple"},"aioseo_notices":[],"_links":{"self":[{"href":"https:\/\/profika.com.pl\/index.php\/wp-json\/wp\/v2\/product\/29301","targetHints":{"allow":["GET"]}}],"collection":[{"href":"https:\/\/profika.com.pl\/index.php\/wp-json\/wp\/v2\/product"}],"about":[{"href":"https:\/\/profika.com.pl\/index.php\/wp-json\/wp\/v2\/types\/product"}],"version-history":[{"count":1,"href":"https:\/\/profika.com.pl\/index.php\/wp-json\/wp\/v2\/product\/29301\/revisions"}],"predecessor-version":[{"id":29305,"href":"https:\/\/profika.com.pl\/index.php\/wp-json\/wp\/v2\/product\/29301\/revisions\/29305"}],"wp:featuredmedia":[{"embeddable":true,"href":"https:\/\/profika.com.pl\/index.php\/wp-json\/wp\/v2\/media\/29304"}],"wp:attachment":[{"href":"https:\/\/profika.com.pl\/index.php\/wp-json\/wp\/v2\/media?parent=29301"}],"wp:term":[{"taxonomy":"product_brand","embeddable":true,"href":"https:\/\/profika.com.pl\/index.php\/wp-json\/wp\/v2\/product_brand?post=29301"},{"taxonomy":"product_cat","embeddable":true,"href":"https:\/\/profika.com.pl\/index.php\/wp-json\/wp\/v2\/product_cat?post=29301"},{"taxonomy":"product_tag","embeddable":true,"href":"https:\/\/profika.com.pl\/index.php\/wp-json\/wp\/v2\/product_tag?post=29301"}],"curies":[{"name":"wp","href":"https:\/\/api.w.org\/{rel}","templated":true}]}}