{"id":29306,"date":"2025-09-26T12:42:00","date_gmt":"2025-09-26T10:42:00","guid":{"rendered":"https:\/\/serwer385941.lh.pl\/autoinstalator\/serwer385941.lh.pl\/wordpress135569\/?post_type=product&#038;p=29306"},"modified":"2025-09-26T12:42:00","modified_gmt":"2025-09-26T10:42:00","slug":"system-napelniania-oleju-do-pil-lancuchowych-stihl","status":"publish","type":"product","link":"https:\/\/profika.com.pl\/index.php\/produkt\/system-napelniania-oleju-do-pil-lancuchowych-stihl\/","title":{"rendered":"System nape\u0142niania oleju do pi\u0142 \u0142a\u0144cuchowych Stihl"},"content":{"rendered":"","protected":false},"excerpt":{"rendered":"<h4>System nape\u0142niania oleju STIHL<\/h4>\n<p><b>Charakterystyka produktu:<\/b><\/p>\n<ul>\n<li>System tankowania paliwa uniemo\u017cliwiaj\u0105cy przepe\u0142nienie zbiornika<\/li>\n<li><b>Specjalny zaw\u00f3r odcina dop\u0142yw oleju w momencie wype\u0142nienia zbiornika i chroni przed rozlaniem<\/b><\/li>\n<li>Korek , kt\u00f3ry chroni przed zanieczyszczaniami<\/li>\n<li><b>Wygi\u0119ty kszta\u0142t znacznie u\u0142atwia wlewanie paliwa<\/b><\/li>\n<li>Blokada umo\u017cliwiaj\u0105ca swobodne oparcie o zbiornik<\/li>\n<li><b>Mo\u017cliwo\u015b\u0107 zamontowania w kanistrach STIHL, kanistrach Kombi STIHL o pojemno\u015bci maksymalnie 3 l oraz tak\u017ce do wszystkich otwor\u00f3w wlewowych do \u00d8 23,5 mm<\/b><\/li>\n<li>Nr katalogowy: 00008905004<\/li>\n<\/ul>\n<p><b>Specyfikacja produktu:<\/b><\/p>\n<ul>\n<li><b>Producent:<\/b>\u00a0STIHL<\/li>\n<li><b>Maks. otw\u00f3r wlewowy:\u00a0<\/b>\u00d8 23,5 mm<\/li>\n<li><b>Zastosowanie:<\/b>\u00a0do oleju<\/li>\n<li><b>Kanistry STHIL:\u00a0<\/b>max. pojemno\u015b\u0107 3L<\/li>\n<\/ul>\n","protected":false},"featured_media":29311,"template":"","meta":[],"product_brand":[70],"product_cat":[92],"product_tag":[],"class_list":{"0":"post-29306","1":"product","2":"type-product","3":"status-publish","4":"has-post-thumbnail","6":"product_brand-stihl","7":"product_cat-linki-korki-paliwa","9":"first","10":"instock","11":"shipping-taxable","12":"purchasable","13":"product-type-simple"},"aioseo_notices":[],"_links":{"self":[{"href":"https:\/\/profika.com.pl\/index.php\/wp-json\/wp\/v2\/product\/29306","targetHints":{"allow":["GET"]}}],"collection":[{"href":"https:\/\/profika.com.pl\/index.php\/wp-json\/wp\/v2\/product"}],"about":[{"href":"https:\/\/profika.com.pl\/index.php\/wp-json\/wp\/v2\/types\/product"}],"version-history":[{"count":1,"href":"https:\/\/profika.com.pl\/index.php\/wp-json\/wp\/v2\/product\/29306\/revisions"}],"predecessor-version":[{"id":29312,"href":"https:\/\/profika.com.pl\/index.php\/wp-json\/wp\/v2\/product\/29306\/revisions\/29312"}],"wp:featuredmedia":[{"embeddable":true,"href":"https:\/\/profika.com.pl\/index.php\/wp-json\/wp\/v2\/media\/29311"}],"wp:attachment":[{"href":"https:\/\/profika.com.pl\/index.php\/wp-json\/wp\/v2\/media?parent=29306"}],"wp:term":[{"taxonomy":"product_brand","embeddable":true,"href":"https:\/\/profika.com.pl\/index.php\/wp-json\/wp\/v2\/product_brand?post=29306"},{"taxonomy":"product_cat","embeddable":true,"href":"https:\/\/profika.com.pl\/index.php\/wp-json\/wp\/v2\/product_cat?post=29306"},{"taxonomy":"product_tag","embeddable":true,"href":"https:\/\/profika.com.pl\/index.php\/wp-json\/wp\/v2\/product_tag?post=29306"}],"curies":[{"name":"wp","href":"https:\/\/api.w.org\/{rel}","templated":true}]}}