{"id":29320,"date":"2025-09-26T13:31:34","date_gmt":"2025-09-26T11:31:34","guid":{"rendered":"https:\/\/serwer385941.lh.pl\/autoinstalator\/serwer385941.lh.pl\/wordpress135569\/?post_type=product&#038;p=29320"},"modified":"2025-09-26T13:33:23","modified_gmt":"2025-09-26T11:33:23","slug":"prowadnica-do-pily-stihl-30030005211-light-06","status":"publish","type":"product","link":"https:\/\/profika.com.pl\/index.php\/produkt\/prowadnica-do-pily-stihl-30030005211-light-06\/","title":{"rendered":"Prowadnica do pi\u0142y Stihl 30030005211 Light 06"},"content":{"rendered":"<p><strong>Cechy prowadnicy Stihl z ma\u0142ym k\u00f3\u0142kiem gwiazdkowym:<\/strong><\/p>\n<ul>\n<li>k\u00f3\u0142ko gwiazdkowe z maksymaln\u0105 ilo\u015bci\u0105 10 z\u0119b\u00f3w<\/li>\n<li>\u0142o\u017cysko gwiazdkowe mocowane za pomoc\u0105 4 nit\u00f3w<\/li>\n<li>zredukowana sk\u0142onno\u015b\u0107 do odbi\u0107<\/li>\n<li>prowadnica idealna do zastosowa\u0144 uniwersalnych przy pozyskiwaniu mi\u0119kkiego drewna i okrzesywaniu<\/li>\n<\/ul>\n<p><b>Jako\u015b\u0107 MADE IN GERMANY!<\/b><\/p>\n<p><b>Pasuje do Pilarek:\u00a0<\/b>026, MS 260, MS 261, MS 261 C, MS 261 C-Q, MS 270, MS 270 C, 028, MS 280, MS 280 C, MS 291, 029, 039, MS 290, MS 310, MS 311, MS 390, MS 391, 034, 036, MS 340, MS 360, MS 341, MS 361, MS 362, MS 362 C, 036 QS, MS 360 C-Q, MS 361 C-Q, MS 362 C-Q, 038, MS 380, 044, 046, MS 440, MS 441, MS 460, MS 461<\/p>\n<h4>SPECYFIKACJA<\/h4>\n<ul>\n<li><b>Producent:<\/b> Stihl<\/li>\n<li><b>Kategoria:<\/b> Prowadnice<\/li>\n<li><b>D\u0142ugo\u015b\u0107:<\/b> 37 cm<\/li>\n<li><b>Szeroko\u015b\u0107 ogniwa prowadz\u0105cego:<\/b> 1,6 mm<\/li>\n<li><b>Ilo\u015b\u0107 ogniw \u0142a\u0144cucha:\u00a0<\/b>56<\/li>\n<li><b>Podzia\u0142ka \u0142a\u0144cucha:<\/b> 3\/8&#8221;<\/li>\n<li><b>Typ prowadnicy:<\/b> Light 06<\/li>\n<li><b>Numer katalogowy: <\/b>3003 000 5211<\/li>\n<\/ul>\n","protected":false},"excerpt":{"rendered":"<h4>Oryginalna Prowadnica 37 CM STIHL LIGHT06 3\/8 1,6 MM<\/h4>\n<p>Nowa prowadnica Stihl Light 06 wyr\u00f3\u017cnia si\u0119 nie tylko nowym wzornictwem. Przede wszystkim nowe prowadnice <b>wyr\u00f3\u017cniaj\u0105 si\u0119 now\u0105 konstrukcj\u0105, kt\u00f3ra umo\u017cliwi\u0142a zmniejszenie ich wagi o 10-20% w por\u00f3wnaniu z tradycyjnymi prowadnicami, co w niekt\u00f3rych przypadkach przek\u0142ada\u00a0si\u0119 na zmniejszenie wagi nawet o 200 g.<\/b> Jednocze\u015bnie dzi\u0119ki redukcji ci\u0119\u017caru poprawi\u0142o si\u0119 wywa\u017cenie maszyny, co sprawia, \u017ce praca jest mniej m\u0119cz\u0105ca i bardziej komfortowa. Tak du\u017ce zmniejszenie wagi by\u0142o mo\u017cliwe dzi\u0119ki zastosowaniu nowego, w\u0119\u017cszego kszta\u0142tu prowadnicy. Dzi\u0119ki temu manewrowanie pilark\u0105 \u0142a\u0144cuchow\u0105 jest \u0142atwiejsze oraz poprawi\u0142a si\u0119 wydajno\u015b\u0107 podczas wcinania i prowadzenie w rzazie. W\u0119\u017cszy kszta\u0142t sprawia tak\u017ce, \u017ce ryzyko odbicia wstecznego jest mniejsze, co znacz\u0105co poprawia bezpiecze\u0144stwo pracy.<\/p>\n<p><strong>U\u017cytkownicy<\/strong>: dla u\u017cytkownik\u00f3w ceni\u0105cych sobie w r\u00f3wnym stopniu niski ci\u0119\u017car i stabilno\u015b\u0107 np. robotnicy le\u015bni, ogrodnicy, rolnicy.<\/p>\n<p><strong>Mo\u017cliwo\u015bci zastosowania:<\/strong> wst\u0119pne prze\u015bwietlanie drzewostan\u00f3w, wycinka s\u0142abych drzewostan\u00f3w, chirurgia le\u015bna, piel\u0119gnacja zieleni, budownictwo, wycinanie ga\u0142\u0119zi.<\/p>\n","protected":false},"featured_media":29324,"template":"","meta":[],"product_brand":[70],"product_cat":[99],"product_tag":[],"class_list":{"0":"post-29320","1":"product","2":"type-product","3":"status-publish","4":"has-post-thumbnail","6":"product_brand-stihl","7":"product_cat-lancuchy","9":"first","10":"instock","11":"shipping-taxable","12":"purchasable","13":"product-type-simple"},"aioseo_notices":[],"_links":{"self":[{"href":"https:\/\/profika.com.pl\/index.php\/wp-json\/wp\/v2\/product\/29320","targetHints":{"allow":["GET"]}}],"collection":[{"href":"https:\/\/profika.com.pl\/index.php\/wp-json\/wp\/v2\/product"}],"about":[{"href":"https:\/\/profika.com.pl\/index.php\/wp-json\/wp\/v2\/types\/product"}],"version-history":[{"count":1,"href":"https:\/\/profika.com.pl\/index.php\/wp-json\/wp\/v2\/product\/29320\/revisions"}],"predecessor-version":[{"id":29325,"href":"https:\/\/profika.com.pl\/index.php\/wp-json\/wp\/v2\/product\/29320\/revisions\/29325"}],"wp:featuredmedia":[{"embeddable":true,"href":"https:\/\/profika.com.pl\/index.php\/wp-json\/wp\/v2\/media\/29324"}],"wp:attachment":[{"href":"https:\/\/profika.com.pl\/index.php\/wp-json\/wp\/v2\/media?parent=29320"}],"wp:term":[{"taxonomy":"product_brand","embeddable":true,"href":"https:\/\/profika.com.pl\/index.php\/wp-json\/wp\/v2\/product_brand?post=29320"},{"taxonomy":"product_cat","embeddable":true,"href":"https:\/\/profika.com.pl\/index.php\/wp-json\/wp\/v2\/product_cat?post=29320"},{"taxonomy":"product_tag","embeddable":true,"href":"https:\/\/profika.com.pl\/index.php\/wp-json\/wp\/v2\/product_tag?post=29320"}],"curies":[{"name":"wp","href":"https:\/\/api.w.org\/{rel}","templated":true}]}}