{"id":29326,"date":"2025-09-26T13:36:17","date_gmt":"2025-09-26T11:36:17","guid":{"rendered":"https:\/\/serwer385941.lh.pl\/autoinstalator\/serwer385941.lh.pl\/wordpress135569\/?post_type=product&#038;p=29326"},"modified":"2025-09-26T13:36:17","modified_gmt":"2025-09-26T11:36:17","slug":"prowadnica-stihl-3003-008-6817-45cm-18-1-6-325","status":"publish","type":"product","link":"https:\/\/profika.com.pl\/index.php\/produkt\/prowadnica-stihl-3003-008-6817-45cm-18-1-6-325\/","title":{"rendered":"Prowadnica Stihl 3003 008 6817 45cm 18&#8243; 1.6 .325"},"content":{"rendered":"<h4>W\u0142a\u015bciwo\u015bci prowadnicy STIHL Rollomatic E z du\u017cym k\u00f3\u0142kiem :<\/h4>\n<ul>\n<li>\u0142o\u017cysko gwiazdkowe mocowane za pomoc\u0105 6 nit\u00f3w<\/li>\n<li>k\u00f3\u0142ko gwiazdkowe z minimum 11 z\u0119bami<\/li>\n<li>wysoka wydajno\u015b\u0107 nacinania<\/li>\n<li>spe\u0142nia wysokie wymagania w profesjonalnych zastosowaniach podczas \u015bcinki drzew i przycinaniu na d\u0142ugo\u015b\u0107<\/li>\n<li>zastosowanie w pilarkach o \u015bredniej i du\u017cej mocy powy\u017cej 3,5 kW<\/li>\n<\/ul>\n<h4>U\u017cywana w pilarkach Stihl :<\/h4>\n<p>024, MS 240, 026, MS 260, MS 261, MS 261 C, MS 261 C-Q, MS 270, MS 270 C, 028, MS 280, MS 280 C, MS 270 C-Q, MS 280 C-Q, MS 271, MS 291, MS 291 C-Q, 029, 039, MS 290, MS 310, MS 311, MS 390, MS 391, 034, 036, MS 340, MS 360,\u00a0E 20, E 220, MSE 220 &#8211;\u00a0<b>liczba ogniw prowadz\u0105cych 74<\/b><\/p>\n<p>MS 341, MS 361, MS 362, MS 362 C,\u00a0036 QS, MS 360 C-Q, MS 361 C-Q, MS 362 C-Q, 044, 046, MS 440, MS 441, MS 460, MS 461<b>&#8211;\u00a0<\/b><b>liczba ogniw prowadz\u0105cych 75<\/b><\/p>\n<h4>Dane techniczne:<\/h4>\n<ul>\n<li>d\u0142ugo\u015b\u0107: 45 cm<\/li>\n<li>podzia\u0142ka \u0142a\u0144cucha: .325\\&#8221;<\/li>\n<li>szeroko\u015b\u0107 ogniwa prowadz\u0105cego: 1,6 mm<\/li>\n<\/ul>\n<p><b>Oryginalna cz\u0119\u015b\u0107 firmy Stihl:<\/b><\/p>\n<p>nr katalogowy:\u00a0<b>30030086817<\/b><\/p>\n","protected":false},"excerpt":{"rendered":"<h4>Stihl prowadnica 45 cm 1,6 mm ,325\\&#8221; Rollomatic E\u00a030030086817<\/h4>\n<p><b>Wysokiej jako\u015bci standardowa prowadnica o bardzo du\u017cej wydajno\u015bci ci\u0119cia<\/b>\u00a0przy jednocze\u015bnie niskiej sk\u0142onno\u015bci do odbi\u0107.<\/p>\n<p>W\u00a0<b>prowadnicy Stihl Rollomatic E<\/b>\u00a0osadzone na rolce k\u00f3\u0142ko gwiazdkowe kieruje pi\u0142\u0119 \u0142a\u0144cuchow\u0105 wok\u00f3\u0142 wierzcho\u0142ka z jednej strony na drug\u0105. K\u00f3\u0142ko gwiazdkowe jest bezobs\u0142ugowe. Tarcie i zu\u017cycie pi\u0142y \u0142a\u0144cuchowej i prowadnicy jest przez to wyra\u017anie mniejsze, ni\u017c przy u\u017cyciu prowadnicy Stihl Duromatic. Poza tym\u00a0<b>osi\u0105gni\u0119to wy\u017csz\u0105 wydajno\u015b\u0107 ci\u0119cia przy tej samej mocy<\/b>\u00a0nap\u0119dowej.<\/p>\n<h4>Zastosowanie:<\/h4>\n<p>do uniwersalnych zastosowa\u0144 w le\u015bnictwie i rolnictwie oraz dla u\u017cytkownik\u00f3w okazjonalnych. Nadaje si\u0119 szczeg\u00f3lnie do wycinania ga\u0142\u0119zi, a tak\u017ce do ci\u0119cia od prawej, jak i od lewej strony.<\/p>\n<h4>Wykonanie:<\/h4>\n<p>Trzy zespawane p\u0142yty metalowe, \u015brodkowa p\u0142yta wydr\u0105\u017cona na du\u017cej powierzchni, dzi\u0119ki czemu zyskuje si\u0119 du\u017c\u0105 stabilno\u015b\u0107 przy korzystnym ci\u0119\u017carze. Pi\u0142a \u0142a\u0144cuchowa jest przenoszona przez wymienn\u0105, nie wymagaj\u0105c\u0105 smarowania ko\u0144c\u00f3wk\u0119 gwiazdkow\u0105.\u00a0\u00a0Bardzo trwa\u0142e \u0142o\u017cysko ko\u0144c\u00f3wki montowane za pomoc\u0105 4 lub 6 nit\u00f3w (w prowadnicach z k\u00f3\u0142kami z min. 11 z\u0119bami).<\/p>\n<p>&nbsp;<\/p>\n","protected":false},"featured_media":29330,"template":"","meta":[],"product_brand":[70],"product_cat":[99],"product_tag":[],"class_list":{"0":"post-29326","1":"product","2":"type-product","3":"status-publish","4":"has-post-thumbnail","6":"product_brand-stihl","7":"product_cat-lancuchy","9":"first","10":"instock","11":"shipping-taxable","12":"purchasable","13":"product-type-simple"},"aioseo_notices":[],"_links":{"self":[{"href":"https:\/\/profika.com.pl\/index.php\/wp-json\/wp\/v2\/product\/29326","targetHints":{"allow":["GET"]}}],"collection":[{"href":"https:\/\/profika.com.pl\/index.php\/wp-json\/wp\/v2\/product"}],"about":[{"href":"https:\/\/profika.com.pl\/index.php\/wp-json\/wp\/v2\/types\/product"}],"version-history":[{"count":1,"href":"https:\/\/profika.com.pl\/index.php\/wp-json\/wp\/v2\/product\/29326\/revisions"}],"predecessor-version":[{"id":29331,"href":"https:\/\/profika.com.pl\/index.php\/wp-json\/wp\/v2\/product\/29326\/revisions\/29331"}],"wp:featuredmedia":[{"embeddable":true,"href":"https:\/\/profika.com.pl\/index.php\/wp-json\/wp\/v2\/media\/29330"}],"wp:attachment":[{"href":"https:\/\/profika.com.pl\/index.php\/wp-json\/wp\/v2\/media?parent=29326"}],"wp:term":[{"taxonomy":"product_brand","embeddable":true,"href":"https:\/\/profika.com.pl\/index.php\/wp-json\/wp\/v2\/product_brand?post=29326"},{"taxonomy":"product_cat","embeddable":true,"href":"https:\/\/profika.com.pl\/index.php\/wp-json\/wp\/v2\/product_cat?post=29326"},{"taxonomy":"product_tag","embeddable":true,"href":"https:\/\/profika.com.pl\/index.php\/wp-json\/wp\/v2\/product_tag?post=29326"}],"curies":[{"name":"wp","href":"https:\/\/api.w.org\/{rel}","templated":true}]}}