{"id":29333,"date":"2025-09-26T13:38:50","date_gmt":"2025-09-26T11:38:50","guid":{"rendered":"https:\/\/serwer385941.lh.pl\/autoinstalator\/serwer385941.lh.pl\/wordpress135569\/?post_type=product&#038;p=29333"},"modified":"2025-09-26T14:19:11","modified_gmt":"2025-09-26T12:19:11","slug":"prowadnica-l04-40cm-16-13mm-3-8p-024-ms-240-026-ms-260-ms-261-ms-261-c","status":"publish","type":"product","link":"https:\/\/profika.com.pl\/index.php\/produkt\/prowadnica-l04-40cm-16-13mm-3-8p-024-ms-240-026-ms-260-ms-261-ms-261-c\/","title":{"rendered":"Prowadnica L04 40cm\/16 1,3mm 3\/8&#8243;P 024 MS 240 026 MS 260 MS 261 MS 261 C"},"content":{"rendered":"<p><strong>Cechy prowadnicy Stihl Rollomatic E z ma\u0142ym k\u00f3\u0142kiem gwiazdkowym obejmuj\u0105:<\/strong><\/p>\n<ul>\n<li>K\u00f3\u0142ko gwiazdkowe z maksymalnie 10 z\u0119bami<\/li>\n<li>\u0141o\u017cysko gwiazdkowe mocowane za pomoc\u0105 4 nit\u00f3w<\/li>\n<li>Zredukowana sk\u0142onno\u015b\u0107 do odbi\u0107<\/li>\n<li>Prowadnica idealna do zastosowa\u0144 uniwersalnych przy pozyskiwaniu mi\u0119kkiego drewna i okrzesywaniu<\/li>\n<li>Zalecane zastosowanie w pilarkach o mocy poni\u017cej 3,5 kW<\/li>\n<\/ul>\n<p><strong>Charakterystyka:<\/strong><\/p>\n<ul>\n<li><b>D\u0142ugo\u015b\u0107:<\/b> 40 cm<\/li>\n<li><b>Podzia\u0142ka \u0142a\u0144cucha:<\/b> 3\/8&#8221;P<\/li>\n<li><b>Szeroko\u015b\u0107 ogniwa prowadz\u0105cego:<\/b> 1,3 mm<\/li>\n<li><b>Liczba z\u0119b\u00f3w k\u00f3\u0142ka gwiazdkowego:<\/b> 9<\/li>\n<\/ul>\n<p>DO MASZYN: 024, MS 240, 026, MS 260, MS 261, MS 261 C, MS 261 C-Q<\/p>\n","protected":false},"excerpt":{"rendered":"<p>W prowadnicy Rollomatic E, umieszczonym na rolce, k\u00f3\u0142ko gwiazdkowe skierowuje pi\u0142\u0119 \u0142a\u0144cuchow\u0105 wok\u00f3\u0142 wierzcho\u0142ka z jednej strony na drug\u0105. K\u00f3\u0142ko gwiazdkowe jest bezobs\u0142ugowe, co przyczynia si\u0119 do zmniejszenia tarcia i zu\u017cycia pi\u0142y \u0142a\u0144cuchowej oraz prowadnicy w por\u00f3wnaniu z prowadnic\u0105 Duromatic. Dodatkowo, osi\u0105gni\u0119to wy\u017csz\u0105 wydajno\u015b\u0107 ci\u0119cia przy tej samej mocy nap\u0119dowej.<\/p>\n<p>Zastosowanie prowadnicy Rollomatic E obejmuje szeroki zakres dzia\u0142a\u0144 w le\u015bnictwie, rolnictwie oraz dla u\u017cytkownik\u00f3w okazjonalnych. Doskonale sprawdza si\u0119 przy wycinaniu ga\u0142\u0119zi oraz podczas ci\u0119cia zar\u00f3wno od prawej, jak i od lewej strony.<\/p>\n<p>Prowadnica skonstruowana jest z trzech zespawanych p\u0142yt metalowych, z centraln\u0105 p\u0142yt\u0105 wydr\u0105\u017con\u0105 na du\u017cej powierzchni, co zapewnia stabilno\u015b\u0107 przy zachowaniu korzystnego ci\u0119\u017caru. Pi\u0142a \u0142a\u0144cuchowa jest przenoszona przez wymienn\u0105, nie wymagaj\u0105c\u0105 smarowania ko\u0144c\u00f3wk\u0119 gwiazdkow\u0105. Trwa\u0142e \u0142o\u017cysko ko\u0144c\u00f3wki jest mocowane za pomoc\u0105 4 lub 6 nit\u00f3w (w prowadnicach z k\u00f3\u0142kami o min. 11 z\u0119bach).<\/p>\n","protected":false},"featured_media":29334,"template":"","meta":[],"product_brand":[70],"product_cat":[99],"product_tag":[],"class_list":{"0":"post-29333","1":"product","2":"type-product","3":"status-publish","4":"has-post-thumbnail","6":"product_brand-stihl","7":"product_cat-lancuchy","9":"first","10":"instock","11":"shipping-taxable","12":"purchasable","13":"product-type-simple"},"aioseo_notices":[],"_links":{"self":[{"href":"https:\/\/profika.com.pl\/index.php\/wp-json\/wp\/v2\/product\/29333","targetHints":{"allow":["GET"]}}],"collection":[{"href":"https:\/\/profika.com.pl\/index.php\/wp-json\/wp\/v2\/product"}],"about":[{"href":"https:\/\/profika.com.pl\/index.php\/wp-json\/wp\/v2\/types\/product"}],"version-history":[{"count":1,"href":"https:\/\/profika.com.pl\/index.php\/wp-json\/wp\/v2\/product\/29333\/revisions"}],"predecessor-version":[{"id":29335,"href":"https:\/\/profika.com.pl\/index.php\/wp-json\/wp\/v2\/product\/29333\/revisions\/29335"}],"wp:featuredmedia":[{"embeddable":true,"href":"https:\/\/profika.com.pl\/index.php\/wp-json\/wp\/v2\/media\/29334"}],"wp:attachment":[{"href":"https:\/\/profika.com.pl\/index.php\/wp-json\/wp\/v2\/media?parent=29333"}],"wp:term":[{"taxonomy":"product_brand","embeddable":true,"href":"https:\/\/profika.com.pl\/index.php\/wp-json\/wp\/v2\/product_brand?post=29333"},{"taxonomy":"product_cat","embeddable":true,"href":"https:\/\/profika.com.pl\/index.php\/wp-json\/wp\/v2\/product_cat?post=29333"},{"taxonomy":"product_tag","embeddable":true,"href":"https:\/\/profika.com.pl\/index.php\/wp-json\/wp\/v2\/product_tag?post=29333"}],"curies":[{"name":"wp","href":"https:\/\/api.w.org\/{rel}","templated":true}]}}