{"id":29336,"date":"2025-09-26T14:23:23","date_gmt":"2025-09-26T12:23:23","guid":{"rendered":"https:\/\/serwer385941.lh.pl\/autoinstalator\/serwer385941.lh.pl\/wordpress135569\/?post_type=product&#038;p=29336"},"modified":"2025-09-26T14:23:23","modified_gmt":"2025-09-26T12:23:23","slug":"prowadnica-do-pily-stihl-30030005217-3-8-45cm-1-6","status":"publish","type":"product","link":"https:\/\/profika.com.pl\/index.php\/produkt\/prowadnica-do-pily-stihl-30030005217-3-8-45cm-1-6\/","title":{"rendered":"Prowadnica do pi\u0142y Stihl 30030005217 3\/8&#8243; 45cm 1.6"},"content":{"rendered":"<p><b>Cechy prowadnicy STIHL Rollomatic E z du\u017cym k\u00f3\u0142kiem:<\/b><\/p>\n<ul>\n<li>k\u00f3\u0142ka gwiazdkowe z min. 11 z\u0119bami<\/li>\n<li>\u0142o\u017cysko gwiazdkowe mocowane sze\u015bcioma nitami<\/li>\n<li>wysoka wydajno\u015b\u0107 nacinania<\/li>\n<li>spe\u0142nia wysokie wymagania w profesjonalnych zastosowaniach podczas \u015bcinki drzew i przycinaniu na d\u0142ugo\u015b\u0107<\/li>\n<li>zastosowanie w pilarkach o \u015bredniej i du\u017cej mocy powy\u017cej 3,5 kW<\/li>\n<\/ul>\n<p><b>Charakterystyka:<\/b><\/p>\n<p><b>D\u0142ugo\u015b\u0107: <\/b>45 cm<\/p>\n<p><b>Podzia\u0142ka \u0142a\u0144cucha:\u00a0<\/b>3\/8&#8221;<\/p>\n<p><b>Szeroko\u015b\u0107 ogniwa prowadz\u0105cego:\u00a0<\/b>1,6 mm<\/p>\n<p><b>Tabela zastosowania<\/b><\/p>\n<p><b>Marka: <\/b>Stihl<\/p>\n<p><b>Model:\u00a0<\/b>026, MS 260, MS 261, MS 261 C, MS 261 C-Q, MS 270, MS 270 C, 028, MS 280, MS 280 C, MS 291, 029, 039, MS 290, MS 310, MS 311, MS 390, MS 391, 034, 036, MS 340, MS 360, MS 341, MS 361, MS 362, MS 362 C, 036 QS, MS 360 C-Q, MS 361 C-Q, MS 362 C-Q, 038, MS 380, 044, 046, MS 440, MS 441, MS 460, MS 461, 064, 066, MS 640, MS 650, MS 651, MS 660, MS 661, MS 661 C, LOGOSOL<\/p>\n<p><b>Ilo\u015b\u0107 ogniw prowadz\u0105cych pi\u0142y \u0142a\u0144cuchowej: <\/b>66<\/p>\n<p><strong>Kod produktu<\/strong>: 30030005217<\/p>\n","protected":false},"excerpt":{"rendered":"<h4>Prowadnica Rollomatic E 45cm 3\/8&#8242; 1,6mm Z11<\/h4>\n<p>W prowadnicy Stihl Rollomatic E osadzone na rolce k\u00f3\u0142ko gwiazdkowe kieruje pi\u0142\u0119 \u0142a\u0144cuchow\u0105 wok\u00f3\u0142 wierzcho\u0142ka z jednej strony na drug\u0105. K\u00f3\u0142ko gwiazdkowe jest bezobs\u0142ugowe. Tarcie i zu\u017cycie pi\u0142y \u0142a\u0144cuchowej i prowadnicy jest przez to wyra\u017anie mniejsze, ni\u017c przy u\u017cyciu prowadnicy Stihl Duromatic. Poza tym osi\u0105gni\u0119to wy\u017csz\u0105 wydajno\u015b\u0107 ci\u0119cia przy tej samej mocy nap\u0119dowej.<\/p>\n<p><b>Zastosowanie: <\/b>Idealna do uniwersalnych zastosowa\u0144 w le\u015bnictwie i rolnictwie oraz dla u\u017cytkownik\u00f3w okazjonalnych. Nadaje si\u0119 szczeg\u00f3lnie do wycinania ga\u0142\u0119zi, a tak\u017ce do ci\u0119cia od prawej, jak i od lewej strony.<\/p>\n<p><b>Wykonanie: <\/b>Trzy zespawane p\u0142yty metalowe, \u015brodkowa p\u0142yta wydr\u0105\u017cona na du\u017cej powierzchni, dzi\u0119ki czemu zyskuje si\u0119 du\u017c\u0105 stabilno\u015b\u0107 przy korzystnym ci\u0119\u017carze. Pi\u0142a \u0142a\u0144cuchowa jest przenoszona przez wymienn\u0105, nie wymagaj\u0105c\u0105 smarowania ko\u0144c\u00f3wk\u0119 gwiazdkow\u0105. Bardzo trwa\u0142e \u0142o\u017cysko ko\u0144c\u00f3wki montowane za pomoc\u0105 4 lub 6 nit\u00f3w (w prowadnicach z k\u00f3\u0142kami z min. 11 z\u0119bami).<\/p>\n","protected":false},"featured_media":29341,"template":"","meta":[],"product_brand":[70],"product_cat":[99],"product_tag":[],"class_list":{"0":"post-29336","1":"product","2":"type-product","3":"status-publish","4":"has-post-thumbnail","6":"product_brand-stihl","7":"product_cat-lancuchy","9":"first","10":"instock","11":"shipping-taxable","12":"purchasable","13":"product-type-simple"},"aioseo_notices":[],"_links":{"self":[{"href":"https:\/\/profika.com.pl\/index.php\/wp-json\/wp\/v2\/product\/29336","targetHints":{"allow":["GET"]}}],"collection":[{"href":"https:\/\/profika.com.pl\/index.php\/wp-json\/wp\/v2\/product"}],"about":[{"href":"https:\/\/profika.com.pl\/index.php\/wp-json\/wp\/v2\/types\/product"}],"version-history":[{"count":1,"href":"https:\/\/profika.com.pl\/index.php\/wp-json\/wp\/v2\/product\/29336\/revisions"}],"predecessor-version":[{"id":29342,"href":"https:\/\/profika.com.pl\/index.php\/wp-json\/wp\/v2\/product\/29336\/revisions\/29342"}],"wp:featuredmedia":[{"embeddable":true,"href":"https:\/\/profika.com.pl\/index.php\/wp-json\/wp\/v2\/media\/29341"}],"wp:attachment":[{"href":"https:\/\/profika.com.pl\/index.php\/wp-json\/wp\/v2\/media?parent=29336"}],"wp:term":[{"taxonomy":"product_brand","embeddable":true,"href":"https:\/\/profika.com.pl\/index.php\/wp-json\/wp\/v2\/product_brand?post=29336"},{"taxonomy":"product_cat","embeddable":true,"href":"https:\/\/profika.com.pl\/index.php\/wp-json\/wp\/v2\/product_cat?post=29336"},{"taxonomy":"product_tag","embeddable":true,"href":"https:\/\/profika.com.pl\/index.php\/wp-json\/wp\/v2\/product_tag?post=29336"}],"curies":[{"name":"wp","href":"https:\/\/api.w.org\/{rel}","templated":true}]}}