{"id":29343,"date":"2025-09-26T14:26:39","date_gmt":"2025-09-26T12:26:39","guid":{"rendered":"https:\/\/serwer385941.lh.pl\/autoinstalator\/serwer385941.lh.pl\/wordpress135569\/?post_type=product&#038;p=29343"},"modified":"2025-09-26T14:27:10","modified_gmt":"2025-09-26T12:27:10","slug":"prowadnica-rollomatic-e-3-8p-13mm-35-cm-stihl-light-04","status":"publish","type":"product","link":"https:\/\/profika.com.pl\/index.php\/produkt\/prowadnica-rollomatic-e-3-8p-13mm-35-cm-stihl-light-04\/","title":{"rendered":"Prowadnica Rollomatic E 3\/8\u201dP 1,3mm 35 cm STIHL LIGHT 04"},"content":{"rendered":"<p>Prowadnice cechuj\u0105 si\u0119 wysok\u0105 stabilno\u015bci\u0105 i powoduj\u0105 przesuni\u0119cie \u015brodka ci\u0119\u017cko\u015bci mechanicznej pilarki \u0142a\u0144cuchowej w kierunku jednostki nap\u0119dowej (przedniego uchwytu).<\/p>\n<ul>\n<li><b>D\u0142ugo\u015b\u0107:<\/b> 35 cm<\/li>\n<li><b>Podzia\u0142ka \u0142a\u0144cucha:<\/b> 3\/8\\&#8221;P<\/li>\n<li><b>Szeroko\u015b\u0107 ogniwa prowadz\u0105cego:<\/b> 1,3 mm<\/li>\n<\/ul>\n<p>Pasuje do:<\/p>\n<ul>\n<li><b>Stihl:<\/b> 009, 010, 011, 012, 017, 018, MS 170, MS 180, MS 171, MS 181, 019 T, MS 190 T, MS 192 C, MS 192 T, MS 193 C, MS 193 T, 020, 020 T, MS 200, MS 200 T, MS 201, MS 201 C, MS 201 T, MS 201 TC, 021, 023, 025, MS 210, MS 230, 231, MS 241 C, MS 250, 251, MS 211, E 140, E 160, E 180, MSE 140, MSE 140 C, MSE 141, MSE 160, MSE 160 C, MSE 180, MSE 180 C, MSE 200, MSE 200 C, MSE 170, MSE 190, MSE 210, MSE 230<\/li>\n<li><b>ALPINA Elettra:<\/b> 170, 270, 280, Energy 1600, 1800, Sinergy 35, Sinergy 40, P360, P361, P370, P390, P391Q;<\/li>\n<li><b>METABO:<\/b> 5338;<\/li>\n<li><b>OLEO-MAC:<\/b> 240, OM-E200<\/li>\n<\/ul>\n","protected":false},"excerpt":{"rendered":"<h4>STIHL Prowadnica 3\/8\\&#8221;P 1,3mm 35cm 50 ogniw<\/h4>\n<p>Prowadnica o lekkiej konstrukcji zbudowana z trzech p\u0142yt stalowych wydr\u0105\u017conych na du\u017cej powierzchni i zespawanych elektrycznie. Wolne przestrzenie wype\u0142nione s\u0105 poliamidem zbrojonym w\u0142\u00f3knami szklanymi. W por\u00f3wnaniu z trzycz\u0119\u015bciowymi prowadnicami \u201cStandard\u201c prowadnice <b>Rollomatic E Light<\/b> s\u0105 wyra\u017anie l\u017cejsze. Oszcz\u0119dno\u015bci w zakresie ci\u0119\u017caru wynosz\u0105 25% przy prowadnicach o kraw\u0119dziach tn\u0105cych o d\u0142ugo\u015bci 30 cm oraz 30% przy kraw\u0119dziach tn\u0105cych o d\u0142ugo\u015bci 40 cm.<\/p>\n","protected":false},"featured_media":29346,"template":"","meta":[],"product_brand":[70],"product_cat":[99],"product_tag":[],"class_list":{"0":"post-29343","1":"product","2":"type-product","3":"status-publish","4":"has-post-thumbnail","6":"product_brand-stihl","7":"product_cat-lancuchy","9":"first","10":"instock","11":"shipping-taxable","12":"purchasable","13":"product-type-simple"},"aioseo_notices":[],"_links":{"self":[{"href":"https:\/\/profika.com.pl\/index.php\/wp-json\/wp\/v2\/product\/29343","targetHints":{"allow":["GET"]}}],"collection":[{"href":"https:\/\/profika.com.pl\/index.php\/wp-json\/wp\/v2\/product"}],"about":[{"href":"https:\/\/profika.com.pl\/index.php\/wp-json\/wp\/v2\/types\/product"}],"version-history":[{"count":1,"href":"https:\/\/profika.com.pl\/index.php\/wp-json\/wp\/v2\/product\/29343\/revisions"}],"predecessor-version":[{"id":29347,"href":"https:\/\/profika.com.pl\/index.php\/wp-json\/wp\/v2\/product\/29343\/revisions\/29347"}],"wp:featuredmedia":[{"embeddable":true,"href":"https:\/\/profika.com.pl\/index.php\/wp-json\/wp\/v2\/media\/29346"}],"wp:attachment":[{"href":"https:\/\/profika.com.pl\/index.php\/wp-json\/wp\/v2\/media?parent=29343"}],"wp:term":[{"taxonomy":"product_brand","embeddable":true,"href":"https:\/\/profika.com.pl\/index.php\/wp-json\/wp\/v2\/product_brand?post=29343"},{"taxonomy":"product_cat","embeddable":true,"href":"https:\/\/profika.com.pl\/index.php\/wp-json\/wp\/v2\/product_cat?post=29343"},{"taxonomy":"product_tag","embeddable":true,"href":"https:\/\/profika.com.pl\/index.php\/wp-json\/wp\/v2\/product_tag?post=29343"}],"curies":[{"name":"wp","href":"https:\/\/api.w.org\/{rel}","templated":true}]}}