{"id":29348,"date":"2025-09-26T14:28:43","date_gmt":"2025-09-26T12:28:43","guid":{"rendered":"https:\/\/serwer385941.lh.pl\/autoinstalator\/serwer385941.lh.pl\/wordpress135569\/?post_type=product&#038;p=29348"},"modified":"2025-09-26T14:28:43","modified_gmt":"2025-09-26T12:28:43","slug":"prowadnica-stihl-wersja-limit-timbersport-325-13mm-40cm-do-ms261-ms271","status":"publish","type":"product","link":"https:\/\/profika.com.pl\/index.php\/produkt\/prowadnica-stihl-wersja-limit-timbersport-325-13mm-40cm-do-ms261-ms271\/","title":{"rendered":"Prowadnica Stihl Wersja Limit. Timbersport .325 1,3Mm 40Cm Do Ms261, Ms271"},"content":{"rendered":"","protected":false},"excerpt":{"rendered":"<h4>Prowadnica STIHL Wersja limit. TIMBERSPORT .325 1,3mm 40cm do MS261, MS271<\/h4>\n<p>Light 04 jest pierwsz\u0105 prowadnic\u0105 STIHL o nowej nazwie i innowacyjnym wzornictwie. Now\u0105 prowadnic\u0119 Light 04 wyr\u00f3\u017cnia specjalna konstrukcja. Korzy\u015bci s\u0105 wyra\u017ane. Poprawa wywa\u017cenia sprawia, \u017ce praca jest mniej m\u0119cz\u0105ca, a to wszystko dlatego, \u017ce w\u0105ski kszta\u0142t prowadnicy pozwoli\u0142 zmniejszy\u0107 jej ci\u0119\u017car nawet a\u017c o 200 g \u2013 w por\u00f3wnaniu z tradycyjnymi prowadnicami. Dzi\u0119ki temu manewrowanie pilark\u0105 \u0142a\u0144cuchow\u0105 jest \u0142atwiejsze i pozwala na sprawn\u0105 prac\u0119<\/p>\n<ul>\n<li><b>Dane techniczne:<\/b><\/li>\n<li><b>D\u0142ugo\u015b\u0107 prowadnicy:<\/b> 40cm\/16\\&#8221;<\/li>\n<li><b>Podzia\u0142ka cale:<\/b> .325<\/li>\n<li><b>Szeroko\u015b\u0107 ogniwa prowadz\u0105cego:<\/b> 1,3mm\/.063\\&#8221;<\/li>\n<li><b>Ilo\u015b\u0107 ogniw prowadz\u0105cych \u0142a\u0144cucha:<\/b> 67<\/li>\n<\/ul>\n<p><b>Numer katalogowy: 30038293313 \/ 3003\u00a0829 3313 &#8211; zamiast prowadnicy 3003 000 3313 \/ 30030003313<\/b><\/p>\n<p>Prowadnica pasuje do pilarek:<\/p>\n<p>024, 026, 029, MS240, MS260, MS261, MS270, MS271, MS280, MS290, MS291, MS310, MS311<\/p>\n","protected":false},"featured_media":29350,"template":"","meta":[],"product_brand":[70],"product_cat":[99],"product_tag":[],"class_list":{"0":"post-29348","1":"product","2":"type-product","3":"status-publish","4":"has-post-thumbnail","6":"product_brand-stihl","7":"product_cat-lancuchy","9":"first","10":"instock","11":"shipping-taxable","12":"purchasable","13":"product-type-simple"},"aioseo_notices":[],"_links":{"self":[{"href":"https:\/\/profika.com.pl\/index.php\/wp-json\/wp\/v2\/product\/29348","targetHints":{"allow":["GET"]}}],"collection":[{"href":"https:\/\/profika.com.pl\/index.php\/wp-json\/wp\/v2\/product"}],"about":[{"href":"https:\/\/profika.com.pl\/index.php\/wp-json\/wp\/v2\/types\/product"}],"version-history":[{"count":1,"href":"https:\/\/profika.com.pl\/index.php\/wp-json\/wp\/v2\/product\/29348\/revisions"}],"predecessor-version":[{"id":29351,"href":"https:\/\/profika.com.pl\/index.php\/wp-json\/wp\/v2\/product\/29348\/revisions\/29351"}],"wp:featuredmedia":[{"embeddable":true,"href":"https:\/\/profika.com.pl\/index.php\/wp-json\/wp\/v2\/media\/29350"}],"wp:attachment":[{"href":"https:\/\/profika.com.pl\/index.php\/wp-json\/wp\/v2\/media?parent=29348"}],"wp:term":[{"taxonomy":"product_brand","embeddable":true,"href":"https:\/\/profika.com.pl\/index.php\/wp-json\/wp\/v2\/product_brand?post=29348"},{"taxonomy":"product_cat","embeddable":true,"href":"https:\/\/profika.com.pl\/index.php\/wp-json\/wp\/v2\/product_cat?post=29348"},{"taxonomy":"product_tag","embeddable":true,"href":"https:\/\/profika.com.pl\/index.php\/wp-json\/wp\/v2\/product_tag?post=29348"}],"curies":[{"name":"wp","href":"https:\/\/api.w.org\/{rel}","templated":true}]}}