{"id":29352,"date":"2025-09-26T14:30:55","date_gmt":"2025-09-26T12:30:55","guid":{"rendered":"https:\/\/serwer385941.lh.pl\/autoinstalator\/serwer385941.lh.pl\/wordpress135569\/?post_type=product&#038;p=29352"},"modified":"2026-02-02T14:00:56","modified_gmt":"2026-02-02T13:00:56","slug":"cramer-48v-minipilarka-48mcs-2001386ua","status":"publish","type":"product","link":"https:\/\/profika.com.pl\/index.php\/produkt\/cramer-48v-minipilarka-48mcs-2001386ua\/","title":{"rendered":"Cramer 48V Minipilarka 48MCS 2001386UA"},"content":{"rendered":"<p><b>ZESTAW ZAWIERA:<\/b><\/p>\n<ul>\n<li>1. \u0142adowarka 48C<\/li>\n<li>2. akumulator 2Ah 48V96<\/li>\n<li>3. praktyczn\u0105 walizk\u0119<\/li>\n<\/ul>\n<p><b>Najwa\u017cniejsze dane techniczne<\/b><\/p>\n<ul>\n<li>Typ silnika Bezszczotkowy<\/li>\n<li>Moc 400W<\/li>\n<li>Pr\u0119dko\u015b\u0107 \u0142a\u0144cucha 7,8 m\/s<\/li>\n<li>Automatyczne smarowanie \u0142a\u0144cucha Nie<\/li>\n<li>Waga 1 kg<\/li>\n<li>Akumulator w zestawie 48V96<\/li>\n<\/ul>\n<p><b>CZASY PRACY:<\/b><\/p>\n<ul>\n<li>48V96 70-90 szt. k\u0142\u00f3d o \u015brednicy 10 cm<\/li>\n<li>48V192 do 180 szt. k\u0142\u00f3d o \u015brednicy 10 cm<\/li>\n<\/ul>\n","protected":false},"excerpt":{"rendered":"<h2>Minipilarka Pilarka Akumulatorowa 48V 48MSC Zestaw Cramer 2001386UA<\/h2>\n<p><b>Urz\u0105dzenie w zestawie z akumulatorem 2Ah 48v96, \u0142adowark\u0105 48c oraz praktyczn\u0105 walizk\u0105<\/b><\/p>\n<p>Cramer 48MCS \u2013 pilarka akumulatorowa do przycinania<\/p>\n<p>Cramer 48MCS to wydajna pilarka akumulatorowa 48V, kt\u00f3ra zosta\u0142a zaprojektowana do u\u017cytku przy pracach ogrodowych. Oferuje wyj\u0105tkow\u0105 trwa\u0142o\u015b\u0107 dzi\u0119ki solidnej konstrukcji, a dzi\u0119ki du\u017cej mocy (400W) pozwala na wykonanie ka\u017cdego zadania szybko, wydajnie i bezpiecznie, co zostanie docenione nawet przez wymagaj\u0105cego u\u017cytkownika. Seria Cramer 48V konkuruje z tradycyjnymi silnikami spalinowymi, ale zapewnia znacznie ni\u017csze koszty eksploatacji i wi\u0119ksz\u0105 wygod\u0119, co czyni j\u0105 idealnym wyborem. Poza korzy\u015bciami w zakresie koszt\u00f3w i wydajno\u015bci, seria Cramer 48V zapewnia bezpiecze\u0144stwo u\u017cytkownika, niski poziom wibracji, niski poziom ha\u0142asu oraz zerow\u0105 emisj\u0119 szkodliwych spalin. Dodatkowo 48MCS ma zintegrowan\u0105 os\u0142on\u0119 \u0142a\u0144cucha i bezpieczne uruchamianie za pomoc\u0105 dw\u00f3ch przycisk\u00f3w.<\/p>\n<p>Seria Cramer 48V charakteryzuje si\u0119 wymienno\u015bci\u0105 akumulatora pomi\u0119dzy dowolnymi narz\u0119dziami ca\u0142ej serii, od kosiarek, no\u017cyc do \u017cywop\u0142otu, a\u017c po dmuchawy i kosiarki.<\/p>\n","protected":false},"featured_media":29356,"template":"","meta":[],"product_brand":[101],"product_cat":[138,74],"product_tag":[],"class_list":{"0":"post-29352","1":"product","2":"type-product","3":"status-publish","4":"has-post-thumbnail","6":"product_brand-cramer","7":"product_cat-pilarki-akumulatorowe","8":"product_cat-narzedzia","10":"first","11":"instock","12":"shipping-taxable","13":"purchasable","14":"product-type-simple"},"aioseo_notices":[],"_links":{"self":[{"href":"https:\/\/profika.com.pl\/index.php\/wp-json\/wp\/v2\/product\/29352","targetHints":{"allow":["GET"]}}],"collection":[{"href":"https:\/\/profika.com.pl\/index.php\/wp-json\/wp\/v2\/product"}],"about":[{"href":"https:\/\/profika.com.pl\/index.php\/wp-json\/wp\/v2\/types\/product"}],"version-history":[{"count":1,"href":"https:\/\/profika.com.pl\/index.php\/wp-json\/wp\/v2\/product\/29352\/revisions"}],"predecessor-version":[{"id":29357,"href":"https:\/\/profika.com.pl\/index.php\/wp-json\/wp\/v2\/product\/29352\/revisions\/29357"}],"wp:featuredmedia":[{"embeddable":true,"href":"https:\/\/profika.com.pl\/index.php\/wp-json\/wp\/v2\/media\/29356"}],"wp:attachment":[{"href":"https:\/\/profika.com.pl\/index.php\/wp-json\/wp\/v2\/media?parent=29352"}],"wp:term":[{"taxonomy":"product_brand","embeddable":true,"href":"https:\/\/profika.com.pl\/index.php\/wp-json\/wp\/v2\/product_brand?post=29352"},{"taxonomy":"product_cat","embeddable":true,"href":"https:\/\/profika.com.pl\/index.php\/wp-json\/wp\/v2\/product_cat?post=29352"},{"taxonomy":"product_tag","embeddable":true,"href":"https:\/\/profika.com.pl\/index.php\/wp-json\/wp\/v2\/product_tag?post=29352"}],"curies":[{"name":"wp","href":"https:\/\/api.w.org\/{rel}","templated":true}]}}