{"id":29382,"date":"2025-09-26T15:14:35","date_gmt":"2025-09-26T13:14:35","guid":{"rendered":"https:\/\/serwer385941.lh.pl\/autoinstalator\/serwer385941.lh.pl\/wordpress135569\/?post_type=product&#038;p=29382"},"modified":"2025-09-26T15:15:23","modified_gmt":"2025-09-26T13:15:23","slug":"pilarka-pila-spalinowa-stihl-ms-182-22-km-2-mix","status":"publish","type":"product","link":"https:\/\/profika.com.pl\/index.php\/produkt\/pilarka-pila-spalinowa-stihl-ms-182-22-km-2-mix\/","title":{"rendered":"Pilarka pi\u0142a spalinowa Stihl MS 182 2,2 KM 2-MIX"},"content":{"rendered":"<h4>Pilarka spalinowa Stihl MS 182 moc 2,2 KM \/ 1,6 kW silnik 2-MIX<\/h4>\n<p>Kompaktowa pilarka spalinowa STIHL MS 182 charakteryzuje si\u0119 szerok\u0105 gam\u0105 zastosowa\u0144. Pilarka posiada mocny silnik STIHL 2-MIX, kt\u00f3ry \u0142\u0105czy bardzo dobr\u0105 wydajno\u015b\u0107 ci\u0119cia z niskim zu\u017cyciem paliwa. System antywibracyjny STIHL umo\u017cliwia prac\u0119 w spos\u00f3b nieobci\u0105\u017caj\u0105cy mi\u0119\u015bnie i stawy. Obs\u0142uga jedn\u0105 d\u017awigni\u0105 umo\u017cliwia wykonywanie wszystkich funkcji jedn\u0105 r\u0119k\u0105. Prac\u0119 u\u0142atwia stabilna przypora szponowa. Pomaga ona przytwierdzi\u0107 pilark\u0119 do drewna i wykona\u0107 precyzyjne ci\u0119cie. Wytrzyma\u0142y element filtruj\u0105cy wykonany z materia\u0142u w\u0142\u00f3kninowego zapewnia d\u0142ugie okresy mi\u0119dzy przegl\u0105dami. STIHL MS 182 jest od razu gotowa do ponownego uruchomienia, poniewa\u017c d\u017awignia kombi z funkcj\u0105 zatrzymania automatycznie powraca do pozycji roboczej. Boczny napinacz \u0142a\u0144cucha u\u0142atwia bezpieczne i \u0142atwe napinanie \u0142a\u0144cucha, a tym samym wspomaga ci\u0105g\u0142o\u015b\u0107 pracy. Gniazdo diagnostyczne jest pomocne podczas serwisu pilarki u Dealera. Ta mocna pilarka spalinowa jest idealna do ci\u0119cia drewna opa\u0142owego, prac w ogrodnictwie i architekturze krajobrazu oraz przy utrzymaniu porz\u0105dku na posesji. Dzi\u0119ki mocnemu silnikowi mo\u017ce wykonywa\u0107 bardzo szeroki zakres zada\u0144, niezale\u017cnie od tego, czy jest si\u0119 u\u017cytkownikiem prywatnym, profesjonalist\u0105 w dziedzinie ogrodnictwa i kszta\u0142towania krajobrazu czy rzemie\u015blnikiem.<\/p>\n<p><b>Silnik STIHL 2-MIX<\/b><\/p>\n<p>Dwusuwowy silnik STIHL w technologii 2-MIX zapewnia du\u017c\u0105 moc, a przy tym oszcz\u0119dno\u015b\u0107 zu\u017cycia paliwa do 20% w por\u00f3wnaniu do dwusuwowych silnik\u00f3w STIHL o podobnej mocy bez technologii 2-MIX. Emisja spalin spada o ok. 50%.<\/p>\n<p><b>System filtr\u00f3w powietrza o d\u0142ugiej \u017cywotno\u015bci<\/b><\/p>\n<p>System filtr\u00f3w powietrza o d\u0142ugiej \u017cywotno\u015bci wyd\u0142u\u017ca znacz\u0105co okresy pracy pomi\u0119dzy czyszczeniami filtra. Wi\u0119ksze i ci\u0119\u017csze drobiny s\u0105 wyrzucane przez si\u0142\u0119 od\u015brodkow\u0105 na zewn\u0105trz, a nast\u0119pnie przez wznosz\u0105c\u0105 si\u0119 ramp\u0119 dodatkowo wyrzucane do g\u00f3ry. Wst\u0119pnie oczyszczone powietrze jest doprowadzane do filtra powietrza.<\/p>\n<p><b>D\u017cwignia Kombi z przyciskiem STOP<\/b><\/p>\n<p>U\u0141ATWIA OBS\u0141UG\u0118. Potrzebna jest tylko jedna pozycja startowa na d\u017awigni kombi. Dzi\u0119ki funkcji Stop d\u017awignia po wy\u0142\u0105czeniu automatycznie wraca do pozycji roboczej. Dzi\u0119ki temu rozgrzane urz\u0105dzenie mo\u017cna od razu uruchomi\u0107.<\/p>\n<p><b>Kompensator<\/b><\/p>\n<p>Wyczyszczenie filtra staje si\u0119 konieczne dopiero wtedy, gdy moc silnika wyra\u017anie spadnie. Umieszczony w ga\u017aniku kompensator STIHL sprawia, \u017ce pomimo wzrostu zanieczyszczenia filtra powietrza moc silnika, zawarto\u015b\u0107 substancji szkodliwych w spalinach oraz zu\u017cycie paliwa przez d\u0142u\u017cszy czas pozostaj\u0105 sta\u0142e. W ten spos\u00f3b mo\u017cliwa jest d\u0142u\u017csza praca bez konieczno\u015bci przeprowadzania czynno\u015bci serwisowych.<\/p>\n<p><b>Boczny napinacz pi\u0142y \u0142a\u0144cuchowej<\/b><\/p>\n<p>\u015aruba napinacza obracana jest specjalnym pokr\u0119t\u0142em przechodz\u0105cym przez pokryw\u0119 ko\u0142a nap\u0119dowego pi\u0142y \u0142a\u0144cuchowej. Umo\u017cliwia to unikni\u0119cie kontaktu d\u0142oni z ostr\u0105 pi\u0142\u0105 \u0142a\u0144cuchow\u0105 i ostrymi z\u0119bami zderzaka oporowego.<\/p>\n<ul>\n<li>Pi\u0142a spalinowa MS 182<\/li>\n<li>Prowadnica Rollomatic E 35 cm\/14\\&#8221;<\/li>\n<li>\u0141a\u0144cuch Stihl PM3 50<\/li>\n<li>Klucz do wymiany \u015bwiecy\/ napinania \u0142a\u0144cucha<\/li>\n<li>Os\u0142ona prowadnicy<\/li>\n<li>Opakowanie kartonowe<\/li>\n<li>Instrukcja obs\u0142ugi<\/li>\n<\/ul>\n","protected":false},"excerpt":{"rendered":"<h4>Dane techniczne:<\/h4>\n<ul>\n<li><b>Moc: <\/b>2,2 KM<\/li>\n<li><b>Moc: 1,6<\/b>\/2,2 kW\/KM<\/li>\n<li><b>Pojemno\u015b\u0107 skokowa: <\/b>35,8 cm\u00b3<\/li>\n<li><b>D\u0142ugo\u015b\u0107 prowadnicy: <\/b>35 cm<\/li>\n<li><b>Szeroko\u015b\u0107 rowka prowadnicy:<\/b> 1,3 mm<\/li>\n<li><b>Ci\u0119\u017car: <\/b>4,6 kg<\/li>\n<li><b>Ci\u0119\u017car zestawu: <\/b>5,28 kg<\/li>\n<li><b>Stosunek ci\u0119\u017caru do mocy: <\/b>2,8 kg\/kW<\/li>\n<li><b>Prowadnica STIHL: <\/b>PM3<\/li>\n<li><b>Podzia\u0142ka pi\u0142y \u0142a\u0144cuchowej: <\/b>3\/8 \\&#8221; P<\/li>\n<li><b>Warto\u015b\u0107 drga\u0144 strona: <\/b>3,1\/3,7 lewa \/ prawa m\/s\u00b2<\/li>\n<li><b>Poziom ci\u015bnienia akustycznego: <\/b>103 dB(A)<\/li>\n<\/ul>\n","protected":false},"featured_media":29383,"template":"","meta":[],"product_brand":[70],"product_cat":[71],"product_tag":[],"class_list":{"0":"post-29382","1":"product","2":"type-product","3":"status-publish","4":"has-post-thumbnail","6":"product_brand-stihl","7":"product_cat-pilarki","9":"first","10":"instock","11":"shipping-taxable","12":"purchasable","13":"product-type-simple"},"aioseo_notices":[],"_links":{"self":[{"href":"https:\/\/profika.com.pl\/index.php\/wp-json\/wp\/v2\/product\/29382","targetHints":{"allow":["GET"]}}],"collection":[{"href":"https:\/\/profika.com.pl\/index.php\/wp-json\/wp\/v2\/product"}],"about":[{"href":"https:\/\/profika.com.pl\/index.php\/wp-json\/wp\/v2\/types\/product"}],"version-history":[{"count":2,"href":"https:\/\/profika.com.pl\/index.php\/wp-json\/wp\/v2\/product\/29382\/revisions"}],"predecessor-version":[{"id":29391,"href":"https:\/\/profika.com.pl\/index.php\/wp-json\/wp\/v2\/product\/29382\/revisions\/29391"}],"wp:featuredmedia":[{"embeddable":true,"href":"https:\/\/profika.com.pl\/index.php\/wp-json\/wp\/v2\/media\/29383"}],"wp:attachment":[{"href":"https:\/\/profika.com.pl\/index.php\/wp-json\/wp\/v2\/media?parent=29382"}],"wp:term":[{"taxonomy":"product_brand","embeddable":true,"href":"https:\/\/profika.com.pl\/index.php\/wp-json\/wp\/v2\/product_brand?post=29382"},{"taxonomy":"product_cat","embeddable":true,"href":"https:\/\/profika.com.pl\/index.php\/wp-json\/wp\/v2\/product_cat?post=29382"},{"taxonomy":"product_tag","embeddable":true,"href":"https:\/\/profika.com.pl\/index.php\/wp-json\/wp\/v2\/product_tag?post=29382"}],"curies":[{"name":"wp","href":"https:\/\/api.w.org\/{rel}","templated":true}]}}