{"id":29406,"date":"2025-09-26T15:26:40","date_gmt":"2025-09-26T13:26:40","guid":{"rendered":"https:\/\/serwer385941.lh.pl\/autoinstalator\/serwer385941.lh.pl\/wordpress135569\/?post_type=product&#038;p=29406"},"modified":"2026-01-30T12:11:14","modified_gmt":"2026-01-30T11:11:14","slug":"prowadnica-oregon15-325-16-mm-38cm-153vxlgd025-d025-versacut-oryginal","status":"publish","type":"product","link":"https:\/\/profika.com.pl\/index.php\/produkt\/prowadnica-oregon15-325-16-mm-38cm-153vxlgd025-d025-versacut-oryginal\/","title":{"rendered":"Prowadnica Oregon15&#8221; 325&#8221; 1,6 Mm 38Cm 153Vxlgd025 D025 Versacut Orygina\u0142"},"content":{"rendered":"<p><b>PROWADNICA<\/b> <b>OREGON VERSACUT<\/b>\u00a0 <b>(PROFESJONALNA)<\/b> 153VXLGD025<\/p>\n<p><b>PROWADNICA<\/b> &#8211; 15&#8221; (\u00a038 cm d\u0142ugo\u015b\u0107 robocza\u00a0)\u00a0(d\u0142ugo\u015b\u0107 ca\u0142kowita\u00a043,5 cm)\u00a0325&#8221; 1,6 mm<\/p>\n<p>DO PILAREK<\/p>\n<p>PASUJE DO M.IN.<\/p>\n<p><b>MARKI I MODELE:<\/b><\/p>\n<p><b>STIHL: <\/b>024, 026, 028, 029, 030, 031, 032, 034, 036, 039, 040, MS 260, MS 261, MS 270, MS 271, MS 280, MS 290, MS 291, MS 310, MS 341, MS 360, MS 361, MS 390<\/p>\n<p><b>Specyfikacje:<\/b><\/p>\n<p><b>Typ noska prowadnicy VXLG:<\/b><\/p>\n<p>&#8211; Podzia\u0142ka prowadnicy: 325\\&#8221;<\/p>\n<p>&#8211; Ilo\u015b\u0107 z\u0119b\u00f3w na nosku: 12<\/p>\n<p>&#8211; Ilo\u015b\u0107 nit\u00f3w: 5<\/p>\n<p>D\u0142u\u017csz\u0105 \u017cywotno\u015b\u0107 samego noska prowadnicy zapewnia dodatkowo <b>nowo-zaprojektowane \u0142o\u017cysko z z\u0119batk\u0105<\/b>.<\/p>\n<p><b>Technologia LubriTec:<\/b><\/p>\n<p><b>NOWY<\/b> wydajniejszy system dostarczania oleju<\/p>\n<p><b>Przeznaczenie:<\/b><\/p>\n<p>dla arboryst\u00f3w, sadownik\u00f3w i profesjonalist\u00f3w<\/p>\n<p>ceni\u0105cych wszechstronno\u015b\u0107\u00a0 i prac\u0119 w zmiennym \u015brodowisku.<\/p>\n<p><b>VersaCutTM<\/b> &#8211; wszechstronno\u015b\u0107 przede wszystkim<\/p>\n<p>Prowadnica VersaCutTM\u00a0 nadaje si\u0119 do uk\u0142ad\u00f3w tn\u0105cych przeznaczonych do ci\u0119cia ka\u017cdego rodzaju drzewa &#8211; o r\u00f3\u017cnej grubo\u015bci.<\/p>\n<p>Nie wymaga wielu dodatkowych czynno\u015bci, aby pozosta\u0142a w dobrym stanie i s\u0142u\u017cy\u0142a przez d\u0142ugi czas.<\/p>\n<p>Zmniejszona waga zapewnia tak\u017ce zwi\u0119kszon\u0105 kontrol\u0119 nad ci\u0119ciem i mniejsze zm\u0119czenie operatora.<\/p>\n<p>Dzi\u0119ki VersaCutTM nie musisz kupowa\u0107 dw\u00f3ch r\u00f3\u017cnych prowadnic.<\/p>\n<p>Je\u017celi jeste\u015b u\u017cytkownikiem, kt\u00f3ry wykorzystuje pilark\u0119 do ci\u0119cia du\u017cej ilo\u015bci ga\u0142\u0119zi i<\/p>\n<p>sporadycznie tniesz grubsze pnie to jest to rozwi\u0105zanie idealne dla Ciebie.<\/p>\n<p>&#8211; Przeznaczona do ci\u0119cia du\u017cej ilo\u015bci ga\u0142\u0119zi czy krzew\u00f3w.<\/p>\n<p>&#8211; Nie wymaga wielu dodatkowych czynno\u015bci konserwacyjnych.<\/p>\n<p>&#8211; Niewielka waga (prowadnica jest l\u017cejsza o 20%) pozwala na d\u0142u\u017c\u0105 prac\u0119 i mniejsze zm\u0119czenie u\u017cytkownika<\/p>\n<p>&#8211; Nowy system smarowania LubriTecTM<\/p>\n<p>&#8211; Nowy proces UV s\u0142u\u017c\u0105cy do pokrycia prowadnicy farb\u0105 zapobiega dostaniu si\u0119 farby do jej rowka &#8211; powoduj\u0105c w\u0142a\u015bciw\u0105 prac\u0119 i precyzj\u0119 uk\u0142adu tn\u0105cego.<\/p>\n<p><b>NR CZ\u0118\u015aCI ORYGINALNEJ:<\/b><\/p>\n<p><b>OREGON:<\/b> 153VXLGD025 , 153SLGD025<\/p>\n<p><b>WINDSOR:<\/b> 154063SPNJ<\/p>\n<p><b>Uwaga! Prowadnice nie posiadaj\u0105 fabrycznie nasmarowanej ko\u0144c\u00f3wki.<\/b><\/p>\n<p><b>W celu unikni\u0119cia uszkodzenia, przed pierwszym u\u017cyciem nale\u017cy BEZWZGL\u0118DNIE nasmarowa\u0107 prowadnic\u0119 specjalnym smarem do tego przeznaczonym.<\/b><\/p>\n","protected":false},"excerpt":{"rendered":"<p><b>WYMIARY:<\/b><\/p>\n<p>Podzia\u0142ka \u0142a\u0144cucha (cal) &#8211;\u00a0325 \\&#8221;<\/p>\n<p>Grubo\u015b\u0107 ogniwa \u0142a\u0144cucha (mm) &#8211;\u00a01,6 (.063\\&#8221;)<\/p>\n<p>D\u0142ugo\u015b\u0107 (cal\/mm) &#8211;\u00a015&#8221; (\u00a038 cm d\u0142ugo\u015b\u0107 robocza\u00a0)\u00a0(d\u0142ugo\u015b\u0107 ca\u0142kowita\u00a043,5 cm)<\/p>\n<p>Liczba ogniw \u0142a\u0144cucha &#8211;\u00a056 ogniw<\/p>\n<p>Przy\u0142\u0105cze\/monta\u017c &#8211;\u00a0D025<\/p>\n","protected":false},"featured_media":29410,"template":"","meta":[],"product_brand":[104],"product_cat":[136,73,99],"product_tag":[],"class_list":{"0":"post-29406","1":"product","2":"type-product","3":"status-publish","4":"has-post-thumbnail","6":"product_brand-oregon","7":"product_cat-prowadnice-akcesoria","8":"product_cat-akcesoria","9":"product_cat-lancuchy","11":"first","12":"instock","13":"shipping-taxable","14":"purchasable","15":"product-type-simple"},"aioseo_notices":[],"_links":{"self":[{"href":"https:\/\/profika.com.pl\/index.php\/wp-json\/wp\/v2\/product\/29406","targetHints":{"allow":["GET"]}}],"collection":[{"href":"https:\/\/profika.com.pl\/index.php\/wp-json\/wp\/v2\/product"}],"about":[{"href":"https:\/\/profika.com.pl\/index.php\/wp-json\/wp\/v2\/types\/product"}],"version-history":[{"count":1,"href":"https:\/\/profika.com.pl\/index.php\/wp-json\/wp\/v2\/product\/29406\/revisions"}],"predecessor-version":[{"id":29411,"href":"https:\/\/profika.com.pl\/index.php\/wp-json\/wp\/v2\/product\/29406\/revisions\/29411"}],"wp:featuredmedia":[{"embeddable":true,"href":"https:\/\/profika.com.pl\/index.php\/wp-json\/wp\/v2\/media\/29410"}],"wp:attachment":[{"href":"https:\/\/profika.com.pl\/index.php\/wp-json\/wp\/v2\/media?parent=29406"}],"wp:term":[{"taxonomy":"product_brand","embeddable":true,"href":"https:\/\/profika.com.pl\/index.php\/wp-json\/wp\/v2\/product_brand?post=29406"},{"taxonomy":"product_cat","embeddable":true,"href":"https:\/\/profika.com.pl\/index.php\/wp-json\/wp\/v2\/product_cat?post=29406"},{"taxonomy":"product_tag","embeddable":true,"href":"https:\/\/profika.com.pl\/index.php\/wp-json\/wp\/v2\/product_tag?post=29406"}],"curies":[{"name":"wp","href":"https:\/\/api.w.org\/{rel}","templated":true}]}}