{"id":29418,"date":"2025-09-26T15:31:41","date_gmt":"2025-09-26T13:31:41","guid":{"rendered":"https:\/\/serwer385941.lh.pl\/autoinstalator\/serwer385941.lh.pl\/wordpress135569\/?post_type=product&#038;p=29418"},"modified":"2025-09-26T15:34:27","modified_gmt":"2025-09-26T13:34:27","slug":"akumulator-ego-ba1400t-2-5ah-140wh","status":"publish","type":"product","link":"https:\/\/profika.com.pl\/index.php\/produkt\/akumulator-ego-ba1400t-2-5ah-140wh\/","title":{"rendered":"Akumulator Ego BA1400T 2.5AH 140WH"},"content":{"rendered":"<h4>Wybierz narz\u0119dzia akumulatorowe &#8211; chro\u0144 \u015brodowisko naturalne<\/h4>\n<p>EGO anga\u017cuje si\u0119 w produkcj\u0119 innowacyjnych, niezawodnych i przyjaznych dla \u015brodowiska urz\u0105dze\u0144 akumulatorowych. Celem firmy jest tworzenie produkt\u00f3w niewp\u0142ywaj\u0105cych negatywnie na \u015brodowisko.<\/p>\n<h4>Z pasj\u0105 dbamy o \u015brodowisko ale jeste\u015bmy na pocz\u0105tku tej fascynuj\u0105cej przygody!<\/h4>\n<p>W 2004 roku EGO, na terenie w\u0142asnego parku przesy\u0142owego Green Power, zbudowa\u0142o ogr\u00f3d dachowy o powierzchni 7000 m2. Zamontowana jest tam 2-megawatowa instalacja fotowoltaiczna, znana jako The Blue Roof, kt\u00f3ra wytwarza energi\u0119 pozwalaj\u0105c\u0105 zaoszcz\u0119dzi\u0107 r\u00f3wnowarto\u015b\u0107 755 ton w\u0119gla, zmniejsza tak\u017ce emisj\u0119 dwutlenku siarki o 50 ton oraz dwutlenku w\u0119gla o 1677 ton ROCZNIE (!). Park przemys\u0142owy korzysta r\u00f3wnie\u017c z najnowszych technologii ogrzewania gruntowego, klimatyzacji i magazynowania wody. Sam system ogrzewania za pomoc\u0105 gruntowych pomp ciep\u0142a pozwala zaoszcz\u0119dzi\u0107 1 milion kWh energii elektrycznej rocznie, co odpowiada 378 tonom w\u0119gla. Zmniejsza to emisj\u0119 dwutlenku siarki o oko\u0142o 25 ton i dwutlenku w\u0119gla o 839 ton rocznie.<\/p>\n<h4>Zadbaj o sw\u00f3j ogr\u00f3d, zadbaj o swoje zdrowie<\/h4>\n<p>Badania wskazuj\u0105, \u017ce regularne przebywanie na \u015bwie\u017cym powietrzu ma pozytywny wp\u0142yw na ludzki organizm i pozwala na budowanie w\u0142asnej odporno\u015bci. Cz\u0119ste korzystanie z ogrodu dodatnie wp\u0142ywa na nastr\u00f3j i redukuje stres. Kontakt z przyrod\u0105 wyj\u0105tkowo koj\u0105co oddzia\u0142uje na ludzki organizm. Prace w ogrodzie pozwalaj\u0105 si\u0119 wyciszy\u0107, zapomnie\u0107 o \u015bwiecie zewn\u0119trznym i skupi\u0107 si\u0119 na tym co tu i teraz. Tw\u00f3j ogr\u00f3d to Twoje zdrowie.<\/p>\n<h4>Zbuduj w\u0142asny EKOsystem EGO<\/h4>\n<p><b>Jeden akumulator mo\u017cesz wykorzysta\u0107 do ca\u0142ego zestawu narz\u0119dzi<\/b> o tej samej serii napi\u0119cia.<\/p>\n<p>Wszystkie sprz\u0119ty marki EGO kupisz bezpo\u015brednio u nas.<\/p>\n<h4>Super jako\u015b\u0107 i atrakcyjna cena<\/h4>\n<p><b>EGO<\/b> to marka b\u0119d\u0105ca jednym ze \u015bwiatowych\u00a0lider\u00f3w w produkcji elektronarz\u0119dzi i urz\u0105dze\u0144 akumulatorowych. Firma powsta\u0142a w 1993 roku, zatrudnia ponad 7000 wykwalifikowanych pracownik\u00f3w oraz produkuje ponad 10 milion\u00f3w urz\u0105dze\u0144 rocznie. Produkty marki EGO sprzedawane s\u0105 globalnie i dost\u0119pne s\u0105 w ponad 100 krajach na ca\u0142ym \u015bwiecie. Urz\u0105dzenia gwarantuj\u0105 wysok\u0105 jako\u015b\u0107 oraz dba\u0142o\u015b\u0107 o \u015brodowisko naturalne.<\/p>\n","protected":false},"excerpt":{"rendered":"<h4>Akumulator 2,5Ah EGO POWER+<\/h4>\n<h4><b>Gwarantowana przez producenta<\/b> minimalna pewno\u015b\u0107 dzia\u0142ania <b>5 lat na urz\u0105dzenia EGO<\/b> i a\u017c <b>3 lata na akumulatory EGO<\/b>.<\/h4>\n<h4>Dane techniczne:<\/h4>\n<ul>\n<li>Napi\u0119cie: 12V<\/li>\n<li>Nat\u0119\u017cenie pr\u0105du: 2.5 Ah<\/li>\n<li>Pojemno\u015b\u0107: 140 WH<\/li>\n<\/ul>\n","protected":false},"featured_media":29420,"template":"","meta":[],"product_brand":[103],"product_cat":[86],"product_tag":[],"class_list":{"0":"post-29418","1":"product","2":"type-product","3":"status-publish","4":"has-post-thumbnail","6":"product_brand-ego","7":"product_cat-akumulatory","9":"first","10":"instock","11":"shipping-taxable","12":"purchasable","13":"product-type-simple"},"aioseo_notices":[],"_links":{"self":[{"href":"https:\/\/profika.com.pl\/index.php\/wp-json\/wp\/v2\/product\/29418","targetHints":{"allow":["GET"]}}],"collection":[{"href":"https:\/\/profika.com.pl\/index.php\/wp-json\/wp\/v2\/product"}],"about":[{"href":"https:\/\/profika.com.pl\/index.php\/wp-json\/wp\/v2\/types\/product"}],"version-history":[{"count":2,"href":"https:\/\/profika.com.pl\/index.php\/wp-json\/wp\/v2\/product\/29418\/revisions"}],"predecessor-version":[{"id":29438,"href":"https:\/\/profika.com.pl\/index.php\/wp-json\/wp\/v2\/product\/29418\/revisions\/29438"}],"wp:featuredmedia":[{"embeddable":true,"href":"https:\/\/profika.com.pl\/index.php\/wp-json\/wp\/v2\/media\/29420"}],"wp:attachment":[{"href":"https:\/\/profika.com.pl\/index.php\/wp-json\/wp\/v2\/media?parent=29418"}],"wp:term":[{"taxonomy":"product_brand","embeddable":true,"href":"https:\/\/profika.com.pl\/index.php\/wp-json\/wp\/v2\/product_brand?post=29418"},{"taxonomy":"product_cat","embeddable":true,"href":"https:\/\/profika.com.pl\/index.php\/wp-json\/wp\/v2\/product_cat?post=29418"},{"taxonomy":"product_tag","embeddable":true,"href":"https:\/\/profika.com.pl\/index.php\/wp-json\/wp\/v2\/product_tag?post=29418"}],"curies":[{"name":"wp","href":"https:\/\/api.w.org\/{rel}","templated":true}]}}