{"id":29439,"date":"2025-09-26T15:43:31","date_gmt":"2025-09-26T13:43:31","guid":{"rendered":"https:\/\/serwer385941.lh.pl\/autoinstalator\/serwer385941.lh.pl\/wordpress135569\/?post_type=product&#038;p=29439"},"modified":"2025-09-26T15:43:31","modified_gmt":"2025-09-26T13:43:31","slug":"gaznik-do-pily-nac-sps01-45-tt-cs4500-cst45-40-02a","status":"publish","type":"product","link":"https:\/\/profika.com.pl\/index.php\/produkt\/gaznik-do-pily-nac-sps01-45-tt-cs4500-cst45-40-02a\/","title":{"rendered":"Ga\u017anik do pi\u0142y NAC SPS01-45 TT-CS4500 CST45-40-02A"},"content":{"rendered":"<p><b>Kod produktu: NZ103\u00a0<\/b><\/p>\n<p>Zaprojektowany z my\u015bl\u0105 o precyzyjnym mieszaniu paliwa z powietrzem, co przek\u0142ada si\u0119 na stabiln\u0105 prac\u0119 silnika oraz optymalne spalanie.<\/p>\n<p>Dedykowany do pilarek NAC, ga\u017anik zapewnia wysok\u0105 wydajno\u015b\u0107 urz\u0105dze\u0144, dbaj\u0105c jednocze\u015bnie o efektywno\u015b\u0107 spalania paliwa.<\/p>\n<p>\u2705 <b>Kompatybilno\u015b\u0107<\/b> \u2013 Dedykowany do pilarek NAC: CS45, CS52, NO-CS38, YD45, CA-CS45, SPS01-45, CS4500, CS5200, SPS02-45, SPS0152, CST45 CST52 oraz w wielu innych urz\u0105dzeniach z oznaczeniem: CS, PN, YD, SPS, TT-CS, CST, 45, 52, 58, 4500, 5200, 5800<\/p>\n<p>\u2705 <b>Optymalne mieszanie paliwa z powietrzem<\/b> \u2013 Precyzyjne dozowanie mieszanki paliwowo-powietrznej zapewnia efektywne spalanie i stabiln\u0105 prac\u0119 silnika.<\/p>\n<p>\u2705\u00a0<b>Wysoka jako\u015b\u0107 wykonania<\/b> \u2013 Wykonany z wysokiej jako\u015bci materia\u0142\u00f3w, gwarantuje d\u0142ug\u0105 \u017cywotno\u015b\u0107 i niezawodno\u015b\u0107 nawet przy intensywnej eksploatacji.<\/p>\n<p>\u2705\u00a0<b>\u0141atwa instalacja<\/b> \u2013 Prosty monta\u017c umo\u017cliwia szybk\u0105 wymian\u0119 ga\u017anika bez konieczno\u015bci korzystania z profesjonalnego serwisu.<\/p>\n<p><b>Stosowany w:<\/b><\/p>\n<ul>\n<li>NAC SPS01-45 \/ SPS 01-45<\/li>\n<li>NAC SPS02-45 \/ SPS 02-45<\/li>\n<li>NAC SPS0152 \/ SPS 01-52<\/li>\n<li>NAC TT-CS4500<\/li>\n<li>NAC CST45<\/li>\n<li>NAC TT-CS5200<\/li>\n<li>NAC CST52<\/li>\n<li>oraz w wielu innych urz\u0105dzeniach z oznaczeniem: CS, PN, YD, SPS, TT-CS, CST, 45, 52, 58, 4500, 5200, 5800<\/li>\n<li>pasuje do maszyn ogrodowych produkcji chi\u0144skiej sprzedawanych w marketach: BASSPOLSKA, DEMON, EUROCRAFT, EUROTEC, FLO, GUDE, MAGNUM, MATRIX, NAC, POWERTEC, ROLNIK, SCION, TEXAS, VICTUS, i inne.<\/li>\n<\/ul>\n<p>\ud83d\udee0\ufe0f <b>Zadbaj o optymaln\u0105 prac\u0119 swojej pilarki \u2013 wybierz oryginalny ga\u017anik NAC!<\/b><\/p>\n","protected":false},"excerpt":{"rendered":"<p><b>Ga\u017anik NAC CS45 CS52 NO-CS38, YD45, CA-CS45, SPS01-45 CS4500 CS5200 pilarki<\/b><\/p>\n<p><b>Wymiary:<\/b><\/p>\n<ul>\n<li>rozstaw otwor\u00f3w mocuj\u0105cych: <b>31 mm<\/b><\/li>\n<li>gardziel: <b>19 mm<\/b><\/li>\n<li>gardziel z drugiej strony: <b>16<\/b><b>mm<\/b><\/li>\n<li>wysoko\u015b\u0107: <b>63 mm<\/b><\/li>\n<\/ul>\n","protected":false},"featured_media":29441,"template":"","meta":[],"product_brand":[102],"product_cat":[88],"product_tag":[],"class_list":{"0":"post-29439","1":"product","2":"type-product","3":"status-publish","4":"has-post-thumbnail","6":"product_brand-cedrus","7":"product_cat-silniki","9":"first","10":"instock","11":"shipping-taxable","12":"purchasable","13":"product-type-simple"},"aioseo_notices":[],"_links":{"self":[{"href":"https:\/\/profika.com.pl\/index.php\/wp-json\/wp\/v2\/product\/29439","targetHints":{"allow":["GET"]}}],"collection":[{"href":"https:\/\/profika.com.pl\/index.php\/wp-json\/wp\/v2\/product"}],"about":[{"href":"https:\/\/profika.com.pl\/index.php\/wp-json\/wp\/v2\/types\/product"}],"version-history":[{"count":1,"href":"https:\/\/profika.com.pl\/index.php\/wp-json\/wp\/v2\/product\/29439\/revisions"}],"predecessor-version":[{"id":29442,"href":"https:\/\/profika.com.pl\/index.php\/wp-json\/wp\/v2\/product\/29439\/revisions\/29442"}],"wp:featuredmedia":[{"embeddable":true,"href":"https:\/\/profika.com.pl\/index.php\/wp-json\/wp\/v2\/media\/29441"}],"wp:attachment":[{"href":"https:\/\/profika.com.pl\/index.php\/wp-json\/wp\/v2\/media?parent=29439"}],"wp:term":[{"taxonomy":"product_brand","embeddable":true,"href":"https:\/\/profika.com.pl\/index.php\/wp-json\/wp\/v2\/product_brand?post=29439"},{"taxonomy":"product_cat","embeddable":true,"href":"https:\/\/profika.com.pl\/index.php\/wp-json\/wp\/v2\/product_cat?post=29439"},{"taxonomy":"product_tag","embeddable":true,"href":"https:\/\/profika.com.pl\/index.php\/wp-json\/wp\/v2\/product_tag?post=29439"}],"curies":[{"name":"wp","href":"https:\/\/api.w.org\/{rel}","templated":true}]}}