{"id":29443,"date":"2025-09-26T18:05:08","date_gmt":"2025-09-26T16:05:08","guid":{"rendered":"https:\/\/serwer385941.lh.pl\/autoinstalator\/serwer385941.lh.pl\/wordpress135569\/?post_type=product&#038;p=29443"},"modified":"2025-09-26T18:05:08","modified_gmt":"2025-09-26T16:05:08","slug":"gaznik-kosy-nac-cg260b-cg330b-wlbc260-2zxu-11-mm-marketowe","status":"publish","type":"product","link":"https:\/\/profika.com.pl\/index.php\/produkt\/gaznik-kosy-nac-cg260b-cg330b-wlbc260-2zxu-11-mm-marketowe\/","title":{"rendered":"Ga\u017anik kosy NAC CG260B CG330B WLBC260-2ZXU 11 mm marketowe"},"content":{"rendered":"<p><b>Kod produktu: NZ104\u00a0<\/b><\/p>\n<p><b>Ga\u017anik kosy NAC WLBC260-2ZXU CG260B CG330B 11MM<\/b> to cz\u0119\u015b\u0107 zaprojektowana z my\u015bl\u0105 o precyzyjnym mieszaniu paliwa z powietrzem, co przek\u0142ada si\u0119 na stabiln\u0105 prac\u0119 silnika oraz optymalne spalanie.<\/p>\n<p>Dedykowany do wykaszarek marketowych, ga\u017anik zapewnia wysok\u0105 wydajno\u015b\u0107 urz\u0105dze\u0144, dbaj\u0105c jednocze\u015bnie o efektywne spalanie paliwa.<\/p>\n<p>\u2705 <b>Kompatybilno\u015b\u0107<\/b> \u2013 Dedykowany do wykaszarek marketowych, kompatybilny z modelami oznaczonymi WLBC260-2ZXU, CG260B, CG330B oraz 11MM.<\/p>\n<p>\u2705\u00a0<b>Optymalne mieszanie paliwa z powietrzem<\/b> \u2013 Precyzyjne dozowanie mieszanki paliwowo-powietrznej zapewnia efektywne spalanie i stabiln\u0105 prac\u0119 silnika.<\/p>\n<p>\u2705\u00a0<b>Wysoka jako\u015b\u0107 wykonania<\/b> \u2013 Wykonany z wysokiej jako\u015bci materia\u0142\u00f3w, gwarantuje d\u0142ug\u0105 \u017cywotno\u015b\u0107 i niezawodno\u015b\u0107 nawet przy intensywnej eksploatacji.<\/p>\n<p>\u2705\u00a0<b>\u0141atwa instalacja<\/b> \u2013 Prosty monta\u017c umo\u017cliwia szybk\u0105 wymian\u0119 ga\u017anika bez konieczno\u015bci korzystania z profesjonalnego serwisu.<\/p>\n<p><b>Stosowany w modelach NAC:<\/b><\/p>\n<ul>\n<li>CG260B<\/li>\n<li>WLBC260-2ZXU<\/li>\n<li>BP254-10-V<\/li>\n<li>BP325CA-S<\/li>\n<li>BVP254-1-BO<\/li>\n<li>BVP260-1-Y<\/li>\n<li>pasuje do maszyn ogrodowych produkcji chi\u0144skiej sprzedawanych w marketach: BASSPOLSKA, DEMON, EUROCRAFT, EUROTEC, FLO, GUDE, MAGNUM, MATRIX, NAC, POWERTEC, ROLNIK, SCION, TEXAS, VICTUS, i inne.<\/li>\n<\/ul>\n<p>\ud83d\udee0\ufe0f <b>Zadbaj o optymaln\u0105 prac\u0119 swojego silnika!<\/b><\/p>\n","protected":false},"excerpt":{"rendered":"<p><b>Ga\u017anik NAC WLBC260-2ZXU CG260B CG330B 11mm wykaszarki marketowe<\/b><\/p>\n<p><b>Wymiary:<\/b><\/p>\n<ul>\n<li>rozstaw otwor\u00f3w mocuj\u0105cych: <b>31 mm<\/b><\/li>\n<li>gardziel: <b>17 mm<\/b><\/li>\n<li>gardziel z drugiej strony: <b>10<\/b><b>mm<\/b><\/li>\n<li>wysoko\u015b\u0107: <b>85\u00a0<\/b><b>mm<\/b><\/li>\n<\/ul>\n","protected":false},"featured_media":29448,"template":"","meta":[],"product_brand":[105],"product_cat":[88],"product_tag":[],"class_list":{"0":"post-29443","1":"product","2":"type-product","3":"status-publish","4":"has-post-thumbnail","6":"product_brand-nac","7":"product_cat-silniki","9":"first","10":"instock","11":"shipping-taxable","12":"purchasable","13":"product-type-simple"},"aioseo_notices":[],"_links":{"self":[{"href":"https:\/\/profika.com.pl\/index.php\/wp-json\/wp\/v2\/product\/29443","targetHints":{"allow":["GET"]}}],"collection":[{"href":"https:\/\/profika.com.pl\/index.php\/wp-json\/wp\/v2\/product"}],"about":[{"href":"https:\/\/profika.com.pl\/index.php\/wp-json\/wp\/v2\/types\/product"}],"version-history":[{"count":1,"href":"https:\/\/profika.com.pl\/index.php\/wp-json\/wp\/v2\/product\/29443\/revisions"}],"predecessor-version":[{"id":29449,"href":"https:\/\/profika.com.pl\/index.php\/wp-json\/wp\/v2\/product\/29443\/revisions\/29449"}],"wp:featuredmedia":[{"embeddable":true,"href":"https:\/\/profika.com.pl\/index.php\/wp-json\/wp\/v2\/media\/29448"}],"wp:attachment":[{"href":"https:\/\/profika.com.pl\/index.php\/wp-json\/wp\/v2\/media?parent=29443"}],"wp:term":[{"taxonomy":"product_brand","embeddable":true,"href":"https:\/\/profika.com.pl\/index.php\/wp-json\/wp\/v2\/product_brand?post=29443"},{"taxonomy":"product_cat","embeddable":true,"href":"https:\/\/profika.com.pl\/index.php\/wp-json\/wp\/v2\/product_cat?post=29443"},{"taxonomy":"product_tag","embeddable":true,"href":"https:\/\/profika.com.pl\/index.php\/wp-json\/wp\/v2\/product_tag?post=29443"}],"curies":[{"name":"wp","href":"https:\/\/api.w.org\/{rel}","templated":true}]}}