{"id":29464,"date":"2025-09-26T18:18:11","date_gmt":"2025-09-26T16:18:11","guid":{"rendered":"https:\/\/serwer385941.lh.pl\/autoinstalator\/serwer385941.lh.pl\/wordpress135569\/?post_type=product&#038;p=29464"},"modified":"2026-01-30T12:15:15","modified_gmt":"2026-01-30T11:15:15","slug":"prowadnica-oregon-100sdea041-10-3-8-1-3","status":"publish","type":"product","link":"https:\/\/profika.com.pl\/index.php\/produkt\/prowadnica-oregon-100sdea041-10-3-8-1-3\/","title":{"rendered":"Prowadnica Oregon 100SDEA041 10&#8243; 3\/8&#8243; 1.3"},"content":{"rendered":"<h4>Specyfikacje prowadnicy obejmuj\u0105:<\/h4>\n<ul>\n<li><b>D\u0142ugo\u015b\u0107 prowadnicy<\/b>: 25 cm (10 cali), idealna do prac o mniejszej skali oraz w ograniczonych przestrzeniach.<\/li>\n<li><b>Podzia\u0142ka \u0142a\u0144cucha<\/b>: 3\/8 cala NP, co wskazuje na zastosowanie cie\u0144szego i l\u017cejszego \u0142a\u0144cucha, doskona\u0142ego do precyzyjnych ci\u0119\u0107.<\/li>\n<li><b>Szeroko\u015b\u0107 rowka<\/b>: 1,3 mm, zapewniaj\u0105ca odpowiednie dopasowanie \u0142a\u0144cucha, co zwi\u0119ksza precyzj\u0119 i bezpiecze\u0144stwo u\u017cytkowania.<\/li>\n<\/ul>\n<p>Model 100SDEA041 jest szczeg\u00f3lnie polecany dla u\u017cytkownik\u00f3w domowych, gdzie wymagana jest szczeg\u00f3lna precyzja. Prowadnica ta jest kompatybilna z wieloma modelami pilarek, co czyni j\u0105 uniwersalnym wyborem dla szerokiego spektrum zastosowa\u0144. Zapewnia ona p\u0142ynne i efektywne ci\u0119cie, minimalizuj\u0105c przy tym wibracje, co przek\u0142ada si\u0119 na komfort pracy.<\/p>\n<h4>Pasuje do pilarek:<\/h4>\n<p><b>Husqvarna:<\/b> T425,\u00a023,\u00a0E16,\u00a0E316,\u00a0E317,\u00a0E321,<\/p>\n<p><b>Oleo-Mac:<\/b> GS35,\u00a0GS350,\u00a0GS370,\u00a0931,\u00a0932,\u00a0GS410C,Solo613,<\/p>\n<p><b>Makita: <\/b>DCS230T,\u00a0DCS232T,\u00a0DCS3410TH,\u00a0DCS3501,\u00a0DCS4610,\u00a0DCS300,\u00a0DCS330,\u00a0DCS300S,\u00a0DCS340,\u00a0DCS34,\u00a0DCS341,\u00a0DCS3500,\u00a0DCS350, DCS3520A, DCS380,\u00a0DCS390,\u00a0DCS400,\u00a0DCS401,\u00a0DCS330S,\u00a0UC3501,\u00a0UC3520A,\u00a0BUC250RDE,\u00a0BUC122RFE,\u00a0UC3030A,\u00a0UC3530AK,\u00a0UC3000,\u00a0UC3500,\u00a0UC4000,\u00a0UC4030AK,\u00a05012,\u00a05014,\u00a05016,\u00a0EA3110T,\u00a0UC10A,\u00a03520A,\u00a0EA3200S35A,\u00a0UC3541A,\u00a0UC4041A,<\/p>\n<p><b>Jonsered:<\/b> 2033TH,<\/p>\n<p><b>Dolmar: <\/b>PS330, PS33,\u00a0PS3300TH,\u00a0PS34,\u00a0PS340,\u00a0PS341,\u00a0PS344,\u00a0PS3410, PS350,\u00a0PS390,\u00a0PS400,\u00a0PS401,\u00a0PS41,\u00a0PS45,\u00a0ES3,\u00a0ES6,\u00a0ES30,\u00a0ES37,\u00a0ES40,\u00a0ES41, ES140,\u00a0ES151,\u00a0ES152,\u00a0ES152A,\u00a0ES153,\u00a0ES160,\u00a0ES161,\u00a0ES162,\u00a0ES162A,\u00a0ES163,\u00a0ES172,\u00a0ES172A,\u00a0ES173,\u00a0ES183,\u00a0ES2035,\u00a0ES2040,\u00a0100,\u00a0101,\u00a0102,\u00a0103,\u00a0104,\u00a0105, 106,\u00a0108,\u00a0275,\u00a0285,<\/p>\n<p><b>Partner:<\/b> 330,\u00a0335,\u00a0340,\u00a0345,\u00a0350,\u00a0351,\u00a0370,\u00a0385,\u00a0P390,\u00a0395,\u00a0P420,\u00a0P842,<\/p>\n<p><b>Zenoah: <\/b>G2500T,\u00a0GZ3300,\u00a0GZ3200T,\u00a0G3200T,\u00a0GZ3500T,\u00a0G3800, G3800AVS,\u00a0G2500PS,\u00a0G2000T,\u00a0GT250, GT310,\u00a0G300T,\u00a0G310TS,\u00a0G320AVS, G250TS, G3100, G3200,\u00a0G3300,<\/p>\n<p><b>Homelite: <\/b>HCS3335,\u00a0HCS4041CA,\u00a020AV,\u00a023AV,\u00a027,\u00a03300,\u00a03350,\u00a03550,\u00a03800,\u00a03335, 3850,\u00a04500,\u00a04550,\u00a0PS33,\u00a0RANGER,\u00a0CS40, TIMBERMAN, UT10901, UT10926, UT10974,<\/p>\n<p><b>Alpina:<\/b> ELECTRIC,\u00a0E120,\u00a0E130,\u00a0ES182,\u00a0ES202,\u00a0E150,\u00a0KS1400B,\u00a0KS1500B,\u00a0A10E,\u00a0A14E,\u00a0352,\u00a0382,<\/p>\n<p><b>Echo:<\/b> CS2600ES,\u00a0CS260TES,\u00a0CS2700ES,\u00a0CS3500ES,\u00a0CS350WES,\u00a0CS351WES,\u00a0CS360WES,\u00a0CS310WES,\u00a0CS2511TES,\u00a0CS2511WES,\u00a0CS280TES,<\/p>\n<p><b>FloraBest:<\/b> FHE550A1,\u00a0FKS2000,\u00a0FKS2200,\u00a0FHE 550A1, B1FKS, 6FKS, 2200B1FKS, 2000\/7FKS, 2200\/08FKS, 2200\/10FKS, 2200\/8FKS, 2200\/9FKS, 2200\/1FKS,\u00a02200A1,<\/p>\n<p><b>McCulloch: <\/b>442,<\/p>\n<p><b>Ryobi: <\/b>PCN3335,\u00a0APR02,<\/p>\n<p><b>Shindaiwa:<\/b> 285S,\u00a0300S,\u00a0305S,\u00a0350,\u00a0352S,\u00a0360,\u00a0251TS,\u00a0251WS,\u00a0362WS,<\/p>\n","protected":false},"excerpt":{"rendered":"<h4>PROWADNICA 10&#8243; 25cm 3\/8&#8243; 1.3mm 40Z 100SDEA041<\/h4>\n<p><b>Prowadnica Oregon<\/b> 100SDEA041 o d\u0142ugo\u015bci 25 cm (10 cali) i szeroko\u015bci rowka 1,3 mm to wysokiej jako\u015bci komponent przeznaczony do u\u017cycia z mniejszymi pilarkami \u0142a\u0144cuchowymi. Jest to model z serii Single Rivet, kt\u00f3ry charakteryzuje si\u0119 prostot\u0105 monta\u017cu i solidno\u015bci\u0105 konstrukcji, zapewniaj\u0105c stabilno\u015b\u0107 oraz efektywno\u015b\u0107 ci\u0119cia.<\/p>\n<h4>Dane techniczne:<\/h4>\n<p><b>Nazwa serii:<\/b> Single Rivet<\/p>\n<p><b>Grubo\u015b\u0107 ogniwa \u0142a\u0144cucha: <\/b>1,3 mm<\/p>\n<p><b>Liczba ogniw \u0142a\u0144cucha: <\/b>40<\/p>\n<p><b>Podzia\u0142ka \u0142a\u0144cucha:<\/b> 3\/8&#8243; (niski profil)<\/p>\n<p><b>D\u0142ugo\u015b\u0107 robocza prowadnicy:<\/b> 10&#8243; &#8211; 25cm<\/p>\n","protected":false},"featured_media":31315,"template":"","meta":[],"product_brand":[104],"product_cat":[136,73,99],"product_tag":[],"class_list":{"0":"post-29464","1":"product","2":"type-product","3":"status-publish","4":"has-post-thumbnail","6":"product_brand-oregon","7":"product_cat-prowadnice-akcesoria","8":"product_cat-akcesoria","9":"product_cat-lancuchy","11":"first","12":"instock","13":"shipping-taxable","14":"purchasable","15":"product-type-simple"},"aioseo_notices":[],"_links":{"self":[{"href":"https:\/\/profika.com.pl\/index.php\/wp-json\/wp\/v2\/product\/29464","targetHints":{"allow":["GET"]}}],"collection":[{"href":"https:\/\/profika.com.pl\/index.php\/wp-json\/wp\/v2\/product"}],"about":[{"href":"https:\/\/profika.com.pl\/index.php\/wp-json\/wp\/v2\/types\/product"}],"version-history":[{"count":1,"href":"https:\/\/profika.com.pl\/index.php\/wp-json\/wp\/v2\/product\/29464\/revisions"}],"predecessor-version":[{"id":29479,"href":"https:\/\/profika.com.pl\/index.php\/wp-json\/wp\/v2\/product\/29464\/revisions\/29479"}],"wp:featuredmedia":[{"embeddable":true,"href":"https:\/\/profika.com.pl\/index.php\/wp-json\/wp\/v2\/media\/31315"}],"wp:attachment":[{"href":"https:\/\/profika.com.pl\/index.php\/wp-json\/wp\/v2\/media?parent=29464"}],"wp:term":[{"taxonomy":"product_brand","embeddable":true,"href":"https:\/\/profika.com.pl\/index.php\/wp-json\/wp\/v2\/product_brand?post=29464"},{"taxonomy":"product_cat","embeddable":true,"href":"https:\/\/profika.com.pl\/index.php\/wp-json\/wp\/v2\/product_cat?post=29464"},{"taxonomy":"product_tag","embeddable":true,"href":"https:\/\/profika.com.pl\/index.php\/wp-json\/wp\/v2\/product_tag?post=29464"}],"curies":[{"name":"wp","href":"https:\/\/api.w.org\/{rel}","templated":true}]}}