{"id":29480,"date":"2025-09-26T18:23:06","date_gmt":"2025-09-26T16:23:06","guid":{"rendered":"https:\/\/serwer385941.lh.pl\/autoinstalator\/serwer385941.lh.pl\/wordpress135569\/?post_type=product&#038;p=29480"},"modified":"2026-01-30T12:10:26","modified_gmt":"2026-01-30T11:10:26","slug":"prowadnica-oregon-35cm-14-3-8-13mm-stihl-ms-160-ms-192-ms-200-ms-211","status":"publish","type":"product","link":"https:\/\/profika.com.pl\/index.php\/produkt\/prowadnica-oregon-35cm-14-3-8-13mm-stihl-ms-160-ms-192-ms-200-ms-211\/","title":{"rendered":"Prowadnica Oregon 35Cm 14&#8243; 3\/8&#8243; 1,3Mm Stihl Ms 160 Ms 192 Ms 200 Ms 211"},"content":{"rendered":"<p><strong>Numer orygina\u0142u:<\/strong> <b>140SXEA074<\/b><\/p>\n<p><b>Ko\u0144c\u00f3wka monta\u017cowa: A074<\/b><\/p>\n<p>Ko\u0144c\u00f3wka monta\u017cowa A074 to kszta\u0142t monta\u017cowy, stosowany g\u0142\u00f3wnie w pilarkach marki Stihl\u00ae cechuj\u0105cych si\u0119 ni\u017csz\u0105 moc\u0105.<\/p>\n<p>Spotykana w pilarkach poni\u017cszych marek:<\/p>\n<p>Alpina, Castor, Metabo, Stihl, Oleo-Mac<\/p>\n<h4><strong>Pasuje do:<\/strong><\/h4>\n<ul>\n<li><b>Stihl<\/b> MS E140, MS 160, MS 170, MS 180, MS 191, MS 192, MS 200, MS 200 T, MS E200, MS 210, MS 211, MS 230, MS 231, MS 241, MS 250, MS 251, 009, 010, 011, 012, 017, 018, 019, 019 T, 020, 020 T, 021, 021 C, 023, 025, 25, MS 181<\/li>\n<li><b>Oleo-Mac<\/b> OEM200, 240<\/li>\n<li><b>Alpina<\/b> P360, P370, P390, Elletra 160, Elletra 170, Energy 1.6, Energy 1.8, Sinergy 35, Sinergy 40, 270, 280, P361, P391<\/li>\n<\/ul>\n<h4><b>Odpowiednik prowadnic:<\/b><\/h4>\n<p>ALPINA: 4112560<\/p>\n<p>STIHL: 3005 000 4809<\/p>\n<p>WINDSOR: 14ST50SSR<\/p>\n<p>&nbsp;<\/p>\n","protected":false},"excerpt":{"rendered":"<p><b>ORYGINALNA PROWADNICA OREGON 35cm 14&#8243; 3\/8&#8243; 1,3mm<\/b><\/p>\n<h4><b>Parametry techniczne:<\/b><\/h4>\n<ul>\n<li>Nazwa serii AdvanceCut<\/li>\n<li>Szeroko\u015b\u0107 rowka 1,3 mm<\/li>\n<li>Typ noska SXE<\/li>\n<li>Podzia\u0142ka 3\/8&#8243; (niski profil)<\/li>\n<li>Ko\u0144c\u00f3wka monta\u017cowa A074<\/li>\n<li>D\u0142ugo\u015b\u0107 prowadnicy 14&#8243; &#8211; 35cm<\/li>\n<li>Ilo\u015b\u0107 z\u0119b\u00f3w na nosku 9<\/li>\n<li>Ilo\u015b\u0107 nit\u00f3w 3<\/li>\n<\/ul>\n","protected":false},"featured_media":29483,"template":"","meta":[],"product_brand":[104],"product_cat":[99],"product_tag":[],"class_list":{"0":"post-29480","1":"product","2":"type-product","3":"status-publish","4":"has-post-thumbnail","6":"product_brand-oregon","7":"product_cat-lancuchy","9":"first","10":"instock","11":"shipping-taxable","12":"purchasable","13":"product-type-simple"},"aioseo_notices":[],"_links":{"self":[{"href":"https:\/\/profika.com.pl\/index.php\/wp-json\/wp\/v2\/product\/29480","targetHints":{"allow":["GET"]}}],"collection":[{"href":"https:\/\/profika.com.pl\/index.php\/wp-json\/wp\/v2\/product"}],"about":[{"href":"https:\/\/profika.com.pl\/index.php\/wp-json\/wp\/v2\/types\/product"}],"version-history":[{"count":1,"href":"https:\/\/profika.com.pl\/index.php\/wp-json\/wp\/v2\/product\/29480\/revisions"}],"predecessor-version":[{"id":29484,"href":"https:\/\/profika.com.pl\/index.php\/wp-json\/wp\/v2\/product\/29480\/revisions\/29484"}],"wp:featuredmedia":[{"embeddable":true,"href":"https:\/\/profika.com.pl\/index.php\/wp-json\/wp\/v2\/media\/29483"}],"wp:attachment":[{"href":"https:\/\/profika.com.pl\/index.php\/wp-json\/wp\/v2\/media?parent=29480"}],"wp:term":[{"taxonomy":"product_brand","embeddable":true,"href":"https:\/\/profika.com.pl\/index.php\/wp-json\/wp\/v2\/product_brand?post=29480"},{"taxonomy":"product_cat","embeddable":true,"href":"https:\/\/profika.com.pl\/index.php\/wp-json\/wp\/v2\/product_cat?post=29480"},{"taxonomy":"product_tag","embeddable":true,"href":"https:\/\/profika.com.pl\/index.php\/wp-json\/wp\/v2\/product_tag?post=29480"}],"curies":[{"name":"wp","href":"https:\/\/api.w.org\/{rel}","templated":true}]}}