{"id":29485,"date":"2025-09-26T18:26:10","date_gmt":"2025-09-26T16:26:10","guid":{"rendered":"https:\/\/serwer385941.lh.pl\/autoinstalator\/serwer385941.lh.pl\/wordpress135569\/?post_type=product&#038;p=29485"},"modified":"2026-02-02T13:40:39","modified_gmt":"2026-02-02T12:40:39","slug":"lancuch-tnacy-oregon-powercut-325-15-mm-56-ogniwa-21lpx056e-oryginal","status":"publish","type":"product","link":"https:\/\/profika.com.pl\/index.php\/produkt\/lancuch-tnacy-oregon-powercut-325-15-mm-56-ogniwa-21lpx056e-oryginal\/","title":{"rendered":"\u0141a\u0144cuch tn\u0105cy Oregon powercut .325&#8243; 1,5 Mm 56 Ogniwa 21Lpx056E &#8211; orygina\u0142"},"content":{"rendered":"<p><b>NR CZ\u0118\u015aCI ORYGINALNEJ:<\/b><\/p>\n<ul>\n<li>OREGON: <b>21LPX056E<\/b><\/li>\n<\/ul>\n<p><b>MARKI I MODELE:<\/b><\/p>\n<p><b>Husqvarna<\/b><\/p>\n<p>36, 40, 42, 45, 51, 136, 154, 240, 242, 254, 257, 262, 339XP, 340, 345, 346, 346XP, 350, 353, 357, 357XP, 359, 365, 435, 435E, 440E, 445, 445E, 450E, 455 RANCHER, 460 RANCHER, 460, 455E RANCHER, 41, 44, 50, 133, 137, 141, 142, 234, 238, 242XP, 246, 261, 338XPT, 351, 444, 55, 140, 235, 240e, 254XP<\/p>\n<p><b>Stihl<\/b><\/p>\n<p>MS 200, 029, 031, 032, 034, 036, 039, MS 290, MS 390, MS 360, MS 361, 024, 026, 028, 030, MS 240, MS 260, MS 270, MS 280, MS 36E<\/p>\n<p><b>Oleo-Mac<\/b><\/p>\n<p>938, 940, 941, 942, 945, 946, 947, 950 Super, 950A, 950, 951, 952, 956, 962, E300F, 850, GS350, GS370, GS410CX<\/p>\n<p><b>Solo<\/b><\/p>\n<p>639, 641, 644, 645, 647, 650, 651, 652, 656, 665, 654<\/p>\n<p><b>Makita<\/b><\/p>\n<p>DCS430, DCS460, DCS500, DCS5030, DCS520, DCS4300I, DCS5200I, DCS431, 45, DCS4600S, DCS5000, DCS43001, DCS4630<\/p>\n<p><b>Jonsered<\/b><\/p>\n<p>370, 380, 410, 420, 425, 435, 45, 450, 451, 451EVS, 452, 455, 490, 49SP, 50, 51, 52, 510, 520, 521, 525, 535, 590, 2012, 2014, 2015, 2016, 2036, 2040, 2041, 2045, 2050, 2051, 2054, 2055, 2145, 2147, 2149, 2152, 2150, 2153, 2155, 2156, 2159, 2163, CS2149W, CS2152W, 2063, 2141<\/p>\n<p><b>Dolmar<\/b><\/p>\n<p>109, 110, 111, 112, 113, 114, 115i, 116, PS460, PS4600, PS4605, PS500, PS5000, PS510, PS5100S, PS540, ES1800<\/p>\n<p><b>Partner<\/b><\/p>\n<p>365, 400, 405, 410, 450, 460, 465, 495, 500, 510, 540, 545, P500, P5000, P5500, 470, 1200EL, 1400EL, 1450EL, 1500EL, 1650EL, 1650<\/p>\n<p><b>Zenoah<\/b><\/p>\n<p>G38, G415AVS, G410AVS, G455AVS, G46, G500AVS, G5300, G5000, G380AVS<\/p>\n<p><b>Homelite<\/b><\/p>\n<p>HCS4040, HCS4446CA, 250, 252, 290, 290C, 300, 340C, 3850B, 415B, 4550B, 340, 3850C, 444, HCS4045<\/p>\n<p><b>Nac<\/b><\/p>\n<p>SPS01-45, SPS02-45, SPS01-52, YD40, YD 40\/45, YD52, NO-CS38<\/p>\n<p><b>Alpina<\/b><\/p>\n<p>A40, A40E, PROF-41, PROF-45, PRO540, PRO600, P400, P450, P460, P500, P510, P522<\/p>\n<p><b>Echo<\/b><\/p>\n<p>CS4200ES, CS4400<\/p>\n<p><b>Shindaiwa<\/b><\/p>\n<p>446S, 488, 490, 389S, 452S, 501SX<\/p>\n<p><b>OREGON to \u015bwiatowy lider w produkcji uk\u0142ad\u00f3w tn\u0105cych i akcesori\u00f3w do urz\u0105dze\u0144 le\u015bno &#8211; ogrodniczych.<\/b><\/p>\n<p>OREGON to cz\u0119\u015b\u0107 mi\u0119dzynarodowego koncernu Blount International, kt\u00f3ry zatrudniaj\u0105c ponad 4500 ludzi, dzia\u0142a na ca\u0142ym \u015bwiecie i posiada w\u0142asne fabryki w Portland, Oregon USA, Guelph, Ontario, Kanada oraz Curtiba i\u00a0San Paolo w Brazylii. Posiada r\u00f3wnie\u017c w\u0142asne centra dystrybucyjne w Tokio, Moskwie, Tewkesbury, Tubingen, Lyonie, Varberg i Mont-Saint Guibert\/Courcelles (Belgia).<\/p>\n<p><b>Systemy zastosowane w \u0142a\u0144cuchu:<\/b><\/p>\n<ul>\n<li>Ogniwa prowadz\u0105ce posiadaj\u0105 specjalne wyst\u0119py redukuj\u0105ce odbicie.<\/li>\n<li>Wysokowydajne ogniwa tn\u0105ce typu \\&#8221;pe\u0142ne d\u0142uto\\&#8221; o ostrym profilu.<\/li>\n<li>Zastosowana w konstrukcji koncepcja <b>Vibe-Ban\u00a0<\/b>pozwoli\u0142a ograniczy\u0107 poziom wibracji o co najmniej 25% na uchwytach pilarki.<\/li>\n<li>Ogniwa \u0142\u0105cz\u0105ce typu <b>Lubrilink<\/b> pomagaj\u0105 przytrzyma\u0107 olej tam, gdzie jest on potrzebny \u2013 czyli na \u0142a\u0144cuchu.<\/li>\n<li>Otwory smarowne <b>Lubriwell<\/b> w ogniwach prowadz\u0105cych \u0142a\u0144cucha tn\u0105cego pomagaj\u0105 rozprowadzi\u0107 olej na ca\u0142ej d\u0142ugo\u015bci rowka prowadnicy<\/li>\n<\/ul>\n<p><b>OBJA\u015aNIENIE PARAMETR\u00d3W:<\/b><\/p>\n<p><b>1. PODZIA\u0141KA \u0141A\u0143CUCHA<\/b><\/p>\n<p>Podzia\u0142ka \u0142a\u0144cucha jest to odleg\u0142o\u015b\u0107 pomi\u0119dzy osiami pierwszego i trzeciego nita (w dowolnym miejscu \u0142a\u0144cucha). Wyra\u017cony w calach\u00a0lub\u00a0(mm) np.<\/p>\n<ul>\n<li><b>1\/4&#8221;<\/b> (13 mm)<\/li>\n<li><b>325\\&#8221;<\/b> (16,5 mm)<\/li>\n<li><b>3\/8\\&#8221; LP<\/b> (Niski Profil) (19 mm) &#8211; \u0142a\u0144cuchy LP wyst\u0119puj\u0105 w pilarkach elektrycznych, spalinowych i akumulatorowych\u00a0o\u00a0niskiej mocy.<\/li>\n<li><b>3\/8\\&#8221;<\/b> (19 mm)<\/li>\n<li><b>404\\&#8221;<\/b> (20 mm)<\/li>\n<\/ul>\n<p>W przypadku u\u017cywanych \u0142a\u0144cuch\u00f3w tn\u0105cych, odleg\u0142o\u015b\u0107 ta mo\u017ce si\u0119 zwi\u0119kszy\u0107 ze wzgl\u0119du na zu\u017cycie \u0142a\u0144cucha i jego w\u0142a\u015bciwo\u015bci rozci\u0105gaj\u0105ce.<\/p>\n<p><b>UWAGA! Podzia\u0142ka w ca\u0142ym uk\u0142adzie tn\u0105cym (\u0142a\u0144cuch, prowadnica, b\u0119ben sprz\u0119g\u0142a) musi by\u0107 taka sama.<\/b><\/p>\n<p><b>2. SZEROKO\u015a\u0106 OGNIWA PROWADZ\u0104CEGO<\/b><\/p>\n<p>Ogniwo prowadz\u0105ce \u0142a\u0144cucha tn\u0105cego jest to ogniwo, kt\u00f3re wchodzi i porusza si\u0119 w rowku prowadnicy, szeroko\u015b\u0107\u00a0wyra\u017cona w mm lub calach\u00a0np.<\/p>\n<ul>\n<li><b>1,1 mm<\/b> 043&#8221;<\/li>\n<li><b>1,3 mm<\/b> 050&#8221;<\/li>\n<li><b>1,5 mm<\/b> 058&#8221;<\/li>\n<li><b>1,6 mm<\/b> 063&#8221;<\/li>\n<\/ul>\n<p><b>3.\u00a0LICZBA OGNIW \u0141A\u0143CUCHA<\/b><\/p>\n<p>KONIECZNIE policz\u00a0liczb\u0119 ogniw prowadz\u0105cych (ogniwo prowadz\u0105ce \u0142a\u0144cucha tn\u0105cego jest to ogniwo, kt\u00f3re wchodzi i porusza si\u0119 w rowku prowadnicy) lub poszukaj specjalnych oznacze\u0144 na prowadnicy &#8211; liczba ogniw oznaczana jest zazwyczaj cyfr\u0105 obok liter \\&#8221;DL\\&#8221; (z ang. Drive Links)<\/p>\n<p>(prosz\u0119 si\u0119 upewni\u0107, \u017ce \u0142a\u0144cuch nie by\u0142 wcze\u015bniej skracany np. w skutek rozci\u0105gni\u0119cia)<\/p>\n<p><b>W WI\u0118KSZO\u015aCI MODELI MONTOWANE BY\u0141Y PROWADNICE O R\u00d3\u017bNYCH PARAMETRACH, CO ZA TYM IDZIE, DO JEDNEGO MODELU MO\u017bE PASOWA\u0106 KILKA RODZAJ\u00d3W \u0141A\u0143CUCHA.<\/b><\/p>\n","protected":false},"excerpt":{"rendered":"<p><strong>Oryginalny \u0142a\u0144cuch ameryka\u0144skiej marki oregon. Do pilarek spalinowych, elektrycznych i akumulatorowych.<\/strong><\/p>\n<p><b>Parametry \u0142a\u0144cucha:<\/b><\/p>\n<p>Podzia\u0142ka: <b>325&#8243;<\/b><\/p>\n<p>Grubo\u015b\u0107 ogniwa (mm): <b>1,5 mm<\/b><\/p>\n<p>Liczba\u00a0ogniw: <b>56<\/b><\/p>\n<p>\u015arednica zalecanego pilnika do ostrzenia: <b>4,8 mm<\/b><\/p>\n","protected":false},"featured_media":31337,"template":"","meta":[],"product_brand":[104],"product_cat":[99],"product_tag":[],"class_list":{"0":"post-29485","1":"product","2":"type-product","3":"status-publish","4":"has-post-thumbnail","6":"product_brand-oregon","7":"product_cat-lancuchy","9":"first","10":"instock","11":"shipping-taxable","12":"purchasable","13":"product-type-simple"},"aioseo_notices":[],"_links":{"self":[{"href":"https:\/\/profika.com.pl\/index.php\/wp-json\/wp\/v2\/product\/29485","targetHints":{"allow":["GET"]}}],"collection":[{"href":"https:\/\/profika.com.pl\/index.php\/wp-json\/wp\/v2\/product"}],"about":[{"href":"https:\/\/profika.com.pl\/index.php\/wp-json\/wp\/v2\/types\/product"}],"version-history":[{"count":1,"href":"https:\/\/profika.com.pl\/index.php\/wp-json\/wp\/v2\/product\/29485\/revisions"}],"predecessor-version":[{"id":29489,"href":"https:\/\/profika.com.pl\/index.php\/wp-json\/wp\/v2\/product\/29485\/revisions\/29489"}],"wp:featuredmedia":[{"embeddable":true,"href":"https:\/\/profika.com.pl\/index.php\/wp-json\/wp\/v2\/media\/31337"}],"wp:attachment":[{"href":"https:\/\/profika.com.pl\/index.php\/wp-json\/wp\/v2\/media?parent=29485"}],"wp:term":[{"taxonomy":"product_brand","embeddable":true,"href":"https:\/\/profika.com.pl\/index.php\/wp-json\/wp\/v2\/product_brand?post=29485"},{"taxonomy":"product_cat","embeddable":true,"href":"https:\/\/profika.com.pl\/index.php\/wp-json\/wp\/v2\/product_cat?post=29485"},{"taxonomy":"product_tag","embeddable":true,"href":"https:\/\/profika.com.pl\/index.php\/wp-json\/wp\/v2\/product_tag?post=29485"}],"curies":[{"name":"wp","href":"https:\/\/api.w.org\/{rel}","templated":true}]}}