{"id":29490,"date":"2025-09-26T18:28:36","date_gmt":"2025-09-26T16:28:36","guid":{"rendered":"https:\/\/serwer385941.lh.pl\/autoinstalator\/serwer385941.lh.pl\/wordpress135569\/?post_type=product&#038;p=29490"},"modified":"2025-09-26T18:28:36","modified_gmt":"2025-09-26T16:28:36","slug":"lancuch-tnacy-oregon-325-13mm-56-ogniw-20lpx056e","status":"publish","type":"product","link":"https:\/\/profika.com.pl\/index.php\/produkt\/lancuch-tnacy-oregon-325-13mm-56-ogniw-20lpx056e\/","title":{"rendered":"\u0141a\u0144cuch tn\u0105cy Oregon .325 1,3Mm 56 ogniw 20Lpx056E"},"content":{"rendered":"<h4>\u0141a\u0144cuch z ogniwem tn\u0105cym typu: &#8222;Pe\u0142ne d\u0142uto&#8221;<\/h4>\n<p>\u0141a\u0144cuchy tn\u0105ce z ogniwem typu pe\u0142ne d\u0142uto, posiadaj\u0105 z\u0119by tn\u0105ce o ostrym profilu, kt\u00f3re umo\u017cliwiaj\u0105 bardziej wydajn\u0105 prac\u0119 (szybsze ci\u0119cie). Wyst\u0119py anty-odbiciowe w po\u0142\u0105czeniu z agresywn\u0105 charakterystyk\u0105 ci\u0119cia zapewniaj\u0105 szybk\u0105 i g\u0142adk\u0105 prac\u0119 uk\u0142adu tn\u0105cego, co stanowi g\u0142\u00f3wn\u0105 zalet\u0119 \u0142a\u0144cuch\u00f3w o takim profilu, docenian\u0105 przez profesjonalist\u00f3w. Kwadratowa powierzchnia tn\u0105ca typu &#8222;kanciak&#8221; rewelacyjnie radzi sobie z przecinaniem w\u0142\u00f3kien drzewnych.<\/p>\n<p>\u0141a\u0144cuchy typu &#8222;pe\u0142ne d\u0142uto&#8221; stanowi\u0105 wi\u0119ksze obci\u0105\u017cenie dla silnika, dlatego cz\u0119\u015bciej stosowane s\u0105 w pilarkach o wi\u0119kszej mocy.<\/p>\n<p>Szybkie, czyste i g\u0142adkie ci\u0119cie.<\/p>\n<p>Bardzo wydajna praca\u00a0ceniona np. przy pozyskiwaniu drewna.<\/p>\n<p>Przy ci\u0119ciu &#8222;mi\u0119kkiego&#8221;, niezabrudzonego drewna sprawdza si\u0119 lepiej ni\u017c \u0142a\u0144cuch o profilu p\u00f3\u0142d\u0142uto.<\/p>\n<p>Wymaga ostrzenia cz\u0119\u015bciej ni\u017c \u0142a\u0144cuchy o zaokr\u0105glonym profilu.<\/p>\n<p>Zalecany do pilarek o wi\u0119kszej mocy.<\/p>\n<p>Stosowany i polecany przez profesjonalist\u00f3w.<\/p>\n<p>&nbsp;<\/p>\n","protected":false},"excerpt":{"rendered":"<h4>ZESTAW 2 SZTUK Oryginalnego \u0141a\u0144cucha firmy OREGON.<\/h4>\n<h4>PARAMETRY:<\/h4>\n<ul>\n<li><b>Stan<\/b>\u00a0&#8211; nowy<\/li>\n<li><b>Podzia\u0142ka \u0142a\u0144cucha<\/b>\u00a0&#8211;\u00a0.325<\/li>\n<li><b>Szeroko\u015b\u0107 rowka<\/b> &#8211; 1,3 mm<\/li>\n<li><b>Ilo\u015b\u0107 ogniw<\/b> &#8211; 64<\/li>\n<li><b>Typ<\/b>\u00a0&#8211; pe\u0142ne d\u0142uto<\/li>\n<li><b>Symbol\u00a0OREGON<\/b> &#8211; 20LPX<\/li>\n<li><b>\u0141A\u0143CUCH PASUJE NA PROWADNIC\u0118 O D\u0141UGO\u015aCI 15&#8243; (38CM)<\/b><\/li>\n<\/ul>\n","protected":false},"featured_media":29492,"template":"","meta":[],"product_brand":[104],"product_cat":[99],"product_tag":[],"class_list":{"0":"post-29490","1":"product","2":"type-product","3":"status-publish","4":"has-post-thumbnail","6":"product_brand-oregon","7":"product_cat-lancuchy","9":"first","10":"instock","11":"shipping-taxable","12":"purchasable","13":"product-type-simple"},"aioseo_notices":[],"_links":{"self":[{"href":"https:\/\/profika.com.pl\/index.php\/wp-json\/wp\/v2\/product\/29490","targetHints":{"allow":["GET"]}}],"collection":[{"href":"https:\/\/profika.com.pl\/index.php\/wp-json\/wp\/v2\/product"}],"about":[{"href":"https:\/\/profika.com.pl\/index.php\/wp-json\/wp\/v2\/types\/product"}],"version-history":[{"count":1,"href":"https:\/\/profika.com.pl\/index.php\/wp-json\/wp\/v2\/product\/29490\/revisions"}],"predecessor-version":[{"id":29493,"href":"https:\/\/profika.com.pl\/index.php\/wp-json\/wp\/v2\/product\/29490\/revisions\/29493"}],"wp:featuredmedia":[{"embeddable":true,"href":"https:\/\/profika.com.pl\/index.php\/wp-json\/wp\/v2\/media\/29492"}],"wp:attachment":[{"href":"https:\/\/profika.com.pl\/index.php\/wp-json\/wp\/v2\/media?parent=29490"}],"wp:term":[{"taxonomy":"product_brand","embeddable":true,"href":"https:\/\/profika.com.pl\/index.php\/wp-json\/wp\/v2\/product_brand?post=29490"},{"taxonomy":"product_cat","embeddable":true,"href":"https:\/\/profika.com.pl\/index.php\/wp-json\/wp\/v2\/product_cat?post=29490"},{"taxonomy":"product_tag","embeddable":true,"href":"https:\/\/profika.com.pl\/index.php\/wp-json\/wp\/v2\/product_tag?post=29490"}],"curies":[{"name":"wp","href":"https:\/\/api.w.org\/{rel}","templated":true}]}}