{"id":29494,"date":"2025-09-26T18:30:40","date_gmt":"2025-09-26T16:30:40","guid":{"rendered":"https:\/\/serwer385941.lh.pl\/autoinstalator\/serwer385941.lh.pl\/wordpress135569\/?post_type=product&#038;p=29494"},"modified":"2025-09-26T18:30:40","modified_gmt":"2025-09-26T16:30:40","slug":"cedrus-kask-kompletny-z-siatka-dp85evm85sep106","status":"publish","type":"product","link":"https:\/\/profika.com.pl\/index.php\/produkt\/cedrus-kask-kompletny-z-siatka-dp85evm85sep106\/","title":{"rendered":"Cedrus kask kompletny z siatk\u0105 DP85EVM85SEP106"},"content":{"rendered":"<p>Kombinacje os\u0142on twarzy i\u00a0s\u0142uchu sprawdzaj\u0105 si\u0119 doskonale podczas prac z urz\u0105dzeniami mechanicznymi. T\u0142umi\u0105 odg\u0142osy silnika i chroni\u0105 twarz przed wszelkiego rodzaju odpryskami, wi\u00f3rami, opi\u0142kami i py\u0142ami.<\/p>\n<p>Os\u0142ona twarzy MARKI CEDRUS to tania i skuteczna ochrona, kt\u00f3ra \u015bwietnie sprawdza si\u0119 w ka\u017cdej sytuacji. Nylonowa siatka zapewnia niezb\u0119dn\u0105 ochron\u0119, dobr\u0105 widoczno\u015b\u0107 i du\u017cy ruch powietrza. Wysokiej klasy nauszniki chroni\u0105 s\u0142uch nawet w najbardziej ekstremalnych sytuacjach.<\/p>\n<p><b>Ochronniki s\u0142uchu EP106-56 : CE EN352-1 (SNR:25.5dB)<\/b><\/p>\n<ul>\n<li>Lekki, ekonomiczny design.<\/li>\n<li>Mi\u0119kkie poduszki z PCV dla wygody podczas d\u0142ugotrwa\u0142ego u\u017cytkowania.<\/li>\n<li>Regulowany pa\u0142\u0105k.<\/li>\n<li>Mi\u0119kki pa\u0142\u0105k dla wi\u0119kszego komfortu.<\/li>\n<li>Oslona twarzy VM85M-25 : CE EN1731<\/li>\n<li>Stalowa siatka<\/li>\n<\/ul>\n","protected":false},"excerpt":{"rendered":"<h4>OS\u0141ONA TWARZY S\u0141UCHU PRZY\u0141BICA NAUSZNIKI MARKI CEDRUS<\/h4>\n<p><b>Charakterystyka:<\/b><\/p>\n<ul>\n<li>doskona\u0142a do u\u017cytku z kosami, pilarkami i no\u017cycami<\/li>\n<li>nylonowa siatka zapewnia doskona\u0142\u0105 widoczno\u015b\u0107, przep\u0142yw powietrza i ochron\u0119<\/li>\n<li>regulowany pa\u0142\u0105k na g\u0142ow\u0119 umo\u017cliwia dobra dopasowanie os\u0142ony<\/li>\n<li>mo\u017cliwo\u015b\u0107 podniesienia siatki<\/li>\n<li>spe\u0142nia normy:\u00a0EN 352, EN 1731<\/li>\n<li>dost\u0119p do cz\u0119\u015bci zamiennych<\/li>\n<\/ul>\n","protected":false},"featured_media":29495,"template":"","meta":[],"product_brand":[102],"product_cat":[98],"product_tag":[],"class_list":{"0":"post-29494","1":"product","2":"type-product","3":"status-publish","4":"has-post-thumbnail","6":"product_brand-cedrus","7":"product_cat-odziez-ochronna","9":"first","10":"instock","11":"shipping-taxable","12":"purchasable","13":"product-type-simple"},"aioseo_notices":[],"_links":{"self":[{"href":"https:\/\/profika.com.pl\/index.php\/wp-json\/wp\/v2\/product\/29494","targetHints":{"allow":["GET"]}}],"collection":[{"href":"https:\/\/profika.com.pl\/index.php\/wp-json\/wp\/v2\/product"}],"about":[{"href":"https:\/\/profika.com.pl\/index.php\/wp-json\/wp\/v2\/types\/product"}],"version-history":[{"count":2,"href":"https:\/\/profika.com.pl\/index.php\/wp-json\/wp\/v2\/product\/29494\/revisions"}],"predecessor-version":[{"id":30597,"href":"https:\/\/profika.com.pl\/index.php\/wp-json\/wp\/v2\/product\/29494\/revisions\/30597"}],"wp:featuredmedia":[{"embeddable":true,"href":"https:\/\/profika.com.pl\/index.php\/wp-json\/wp\/v2\/media\/29495"}],"wp:attachment":[{"href":"https:\/\/profika.com.pl\/index.php\/wp-json\/wp\/v2\/media?parent=29494"}],"wp:term":[{"taxonomy":"product_brand","embeddable":true,"href":"https:\/\/profika.com.pl\/index.php\/wp-json\/wp\/v2\/product_brand?post=29494"},{"taxonomy":"product_cat","embeddable":true,"href":"https:\/\/profika.com.pl\/index.php\/wp-json\/wp\/v2\/product_cat?post=29494"},{"taxonomy":"product_tag","embeddable":true,"href":"https:\/\/profika.com.pl\/index.php\/wp-json\/wp\/v2\/product_tag?post=29494"}],"curies":[{"name":"wp","href":"https:\/\/api.w.org\/{rel}","templated":true}]}}