{"id":29497,"date":"2025-09-26T18:38:12","date_gmt":"2025-09-26T16:38:12","guid":{"rendered":"https:\/\/serwer385941.lh.pl\/autoinstalator\/serwer385941.lh.pl\/wordpress135569\/?post_type=product&#038;p=29497"},"modified":"2025-09-26T18:38:12","modified_gmt":"2025-09-26T16:38:12","slug":"oregon-lancuch-38cm-325-13mm-64-ogniwa-poldluto-pilarki","status":"publish","type":"product","link":"https:\/\/profika.com.pl\/index.php\/produkt\/oregon-lancuch-38cm-325-13mm-64-ogniwa-poldluto-pilarki\/","title":{"rendered":"Oregon \u0142a\u0144cuch 38Cm 325&#8243; 1,3Mm 64 ogniwa p\u00f3\u0142d\u0142uto pilarki"},"content":{"rendered":"<p><b>NR CZ\u0118\u015aCI ORYGINALNEJ:<\/b><\/p>\n<ul>\n<li>OREGON: <b>20BPX , 20LPX , M20LPX , 95VPX , 95TXL<\/b><\/li>\n<li>STIHL: <b>23RS , 23RMC<\/b><\/li>\n<li>HUSQVARNA: <b>H22 , H23 , H30\/SP33G<\/b><\/li>\n<li>DOLMAR: <b>484 , 82<\/b><\/li>\n<li>CARLTON: <b>K1NK-BL , K1C , K1L<\/b><\/li>\n<li>WINDSOR: <b>50JSG , 50J , 50JL<\/b><\/li>\n<\/ul>\n<p><b>MARKI I MODELE:<\/b><\/p>\n<p><b>HUSQVARNA<\/b><\/p>\n<ul>\n<li>36,\u00a040,\u00a041, 42, 44,\u00a045,\u00a050,\u00a051,\u00a055,\u00a0133,\u00a0136, 137, 141, 142, 154, 234, 238, 240, 242, 246, 254, 257, 261, 262, 340, 345, 346, 350, 351, 353, 357, 359, 365, 435, 444, 445, 460, 242XP, 254XP, 338XPT, 339XP, 346XP, 357XP, 435E, 440E, 445E, 450E, 455 ERANCHER, 455 RANCHER, 460 RANCHER, T435<\/li>\n<\/ul>\n<p><b>OLEO-MAC<\/b><\/p>\n<ul>\n<li>850, 938, 940, 941, 942, 945, 946, 947, 950, 951, 952, 956, 962, 941C, 950A, 950Super, E300F, GS350, GS370, GS410CX<\/li>\n<\/ul>\n<p><b>SOLO<\/b><\/p>\n<ul>\n<li>639, 641, 644, 645, 647, 650, 651, 652, 656, 665<\/li>\n<\/ul>\n<p><b>MAKITA<\/b><\/p>\n<ul>\n<li>DCS430, DCS43001, DCS4300I, DCS431, DCS460, DCS4600S, DCS4630, DCS500, DCS5000, DCS5030, DCS520, DCS5200I<\/li>\n<\/ul>\n<p><b>JONSERED<\/b><\/p>\n<ul>\n<li>45, 50, 51, 52, 370, 380, 410, 420, 425, 435, 450, 451, 452, 455, 490, 510, 520, 521, 525, 535, 590, 2012, 2014, 2015, 2016, 2036, 2040, 2041, 2045, 2050, 2051, 2054, 2055, 2063, 2141, 2145, 2147, 2149, 2150, 2152, 2153, 2155, 2156, 2159, 2163, 451EVS, 49SP, CS2149W, CS2152W<\/li>\n<\/ul>\n<p><b>DOLMAR<\/b><\/p>\n<ul>\n<li>109, 110, 111, 112, 113, 114, 116, 115i, PS460, PS4600, PS4605, PS500, PS5000, PS510, PS5100S, PS540<\/li>\n<\/ul>\n<p><b>PARTNER<\/b><\/p>\n<ul>\n<li>365, 400, 405, 410, 450, 460, 465, 470, 495, 500, 510, 540, 545, 1200EL, 1400EL, 1450EL, 1500EL, 1650EL, P500, P5000, P5500<\/li>\n<\/ul>\n<p><b>OREGON to \u015bwiatowy lider w produkcji uk\u0142ad\u00f3w tn\u0105cych i akcesori\u00f3w do urz\u0105dze\u0144 le\u015bno &#8211; ogrodniczych.<\/b><\/p>\n<p>OREGON to cz\u0119\u015b\u0107 mi\u0119dzynarodowego koncernu Blount International, kt\u00f3ry zatrudniaj\u0105c ponad 4500 ludzi, dzia\u0142a na ca\u0142ym \u015bwiecie i posiada w\u0142asne fabryki w Portland, Oregon USA, Guelph, Ontario, Kanada oraz Curtiba i\u00a0San Paolo w Brazylii. Posiada r\u00f3wnie\u017c w\u0142asne centra dystrybucyjne w Tokio, Moskwie, Tewkesbury, Tubingen, Lyonie, Varberg i Mont-Saint Guibert\/Courcelles (Belgia).<\/p>\n<p><b>Systemy zastosowane w \u0142a\u0144cuchu:<\/b><\/p>\n<ul>\n<li>\u0141agodnie pochylone ograniczniki zag\u0142\u0119bienia w ogniwach tn\u0105cych oraz umieszczone pomi\u0119dzy nimi ogniwa \u0142\u0105cz\u0105ce o podwy\u017cszonej wysoko\u015bci zapewniaj\u0105 znakomit\u0105 ochron\u0119 przeciw odbiciu.<\/li>\n<li>Zastosowana w konstrukcji koncepcja <b>Vibe-Ban\u00a0<\/b>pozwoli\u0142a ograniczy\u0107 poziom wibracji o co najmniej 25% na uchwytach pilarki.<\/li>\n<li>Ogniwa \u0142\u0105cz\u0105ce typu <b>Lubrilink<\/b> pomagaj\u0105 przytrzyma\u0107 olej tam, gdzie jest on potrzebny \u2013 czyli na \u0142a\u0144cuchu.<\/li>\n<li>Otwory smarowne <b>Lubriwell<\/b> w ogniwach prowadz\u0105cych \u0142a\u0144cucha tn\u0105cego pomagaj\u0105 rozprowadzi\u0107 olej na ca\u0142ej d\u0142ugo\u015bci rowka prowadnicy<\/li>\n<\/ul>\n<p><b>OBJA\u015aNIENIE PARAMETR\u00d3W:<\/b><\/p>\n<p><b>1. PODZIA\u0141KA \u0141A\u0143CUCHA<\/b><\/p>\n<p>Podzia\u0142ka \u0142a\u0144cucha jest to odleg\u0142o\u015b\u0107 pomi\u0119dzy osiami pierwszego i trzeciego nita (w dowolnym miejscu \u0142a\u0144cucha). Wyra\u017cony w calach\u00a0lub\u00a0(mm) np.<\/p>\n<ul>\n<li><b>1\/4&#8221;<\/b> (13 mm)<\/li>\n<li><b>325\\&#8221;<\/b> (16,5 mm)<\/li>\n<li><b>3\/8\\&#8221; LP<\/b> (Niski Profil) (19 mm) &#8211; \u0142a\u0144cuchy LP wyst\u0119puj\u0105 w pilarkach elektrycznych, spalinowych i akumulatorowych\u00a0o\u00a0niskiej mocy.<\/li>\n<li><b>3\/8\\&#8221;<\/b> (19 mm)<\/li>\n<li><b>404\\&#8221;<\/b> (20 mm)<\/li>\n<\/ul>\n<p>W przypadku u\u017cywanych \u0142a\u0144cuch\u00f3w tn\u0105cych, odleg\u0142o\u015b\u0107 ta mo\u017ce si\u0119 zwi\u0119kszy\u0107 ze wzgl\u0119du na zu\u017cycie \u0142a\u0144cucha i jego w\u0142a\u015bciwo\u015bci rozci\u0105gaj\u0105ce.<\/p>\n<p><b>UWAGA! Podzia\u0142ka w ca\u0142ym uk\u0142adzie tn\u0105cym (\u0142a\u0144cuch, prowadnica, b\u0119ben sprz\u0119g\u0142a) musi by\u0107 taka sama.<\/b><\/p>\n<p><b>2. SZEROKO\u015a\u0106 OGNIWA PROWADZ\u0104CEGO<\/b><\/p>\n<p>Ogniwo prowadz\u0105ce \u0142a\u0144cucha tn\u0105cego jest to ogniwo, kt\u00f3re wchodzi i porusza si\u0119 w rowku prowadnicy, szeroko\u015b\u0107\u00a0wyra\u017cona w mm lub calach\u00a0np.<\/p>\n<ul>\n<li><b>1,1 mm<\/b> 043&#8221;<\/li>\n<li><b>1,3 mm<\/b> 050&#8221;<\/li>\n<li><b>1,5 mm<\/b> 058&#8221;<\/li>\n<li><b>1,6 mm<\/b> 063&#8221;<\/li>\n<\/ul>\n<p><b>3.\u00a0LICZBA OGNIW \u0141A\u0143CUCHA<\/b><\/p>\n<p>KONIECZNIE policz\u00a0liczb\u0119 ogniw prowadz\u0105cych (ogniwo prowadz\u0105ce \u0142a\u0144cucha tn\u0105cego jest to ogniwo, kt\u00f3re wchodzi i porusza si\u0119 w rowku prowadnicy) lub poszukaj specjalnych oznacze\u0144 na prowadnicy &#8211; liczba ogniw oznaczana jest zazwyczaj cyfr\u0105 obok liter \\&#8221;DL\\&#8221; (z ang. Drive Links)<\/p>\n<p>(prosz\u0119 si\u0119 upewni\u0107, \u017ce \u0142a\u0144cuch nie by\u0142 wcze\u015bniej skracany np. w skutek rozci\u0105gni\u0119cia)<\/p>\n<p><b>W WI\u0118KSZO\u015aCI MODELI MONTOWANE BY\u0141Y PROWADNICE O R\u00d3\u017bNYCH PARAMETRACH, CO ZA TYM IDZIE, DO JEDNEGO MODELU MO\u017bE PASOWA\u0106 KILKA RODZAJ\u00d3W \u0141A\u0143CUCHA.<\/b><\/p>\n","protected":false},"excerpt":{"rendered":"<p>Oryginalny \u0142a\u0144cuch ameryka\u0144skiej marki Oregon!!! Do pilarek spalinowych, elektrycznych i akumulatorowych.<\/p>\n<p><b>PARAMETRY \u0141A\u0143CUCHA:<\/b><\/p>\n<p>Podzia\u0142ka: <b>325&#8243;<\/b><\/p>\n<p>Grubo\u015b\u0107 ogniwa (mm): <b>1,3 mm (.050&#8221;)<\/b><\/p>\n<p>Liczba\u00a0ogniw: <b>64<\/b><\/p>\n<p>Do prowadnic o d\u0142ugo\u015bci: <b>15&#8243; (cale) 38 (cm)<\/b><\/p>\n<p>Zalecana \u015brednica pilnika: <b>4,8 mm<\/b><\/p>\n","protected":false},"featured_media":29499,"template":"","meta":[],"product_brand":[104],"product_cat":[99],"product_tag":[],"class_list":{"0":"post-29497","1":"product","2":"type-product","3":"status-publish","4":"has-post-thumbnail","6":"product_brand-oregon","7":"product_cat-lancuchy","9":"first","10":"instock","11":"shipping-taxable","12":"purchasable","13":"product-type-simple"},"aioseo_notices":[],"_links":{"self":[{"href":"https:\/\/profika.com.pl\/index.php\/wp-json\/wp\/v2\/product\/29497","targetHints":{"allow":["GET"]}}],"collection":[{"href":"https:\/\/profika.com.pl\/index.php\/wp-json\/wp\/v2\/product"}],"about":[{"href":"https:\/\/profika.com.pl\/index.php\/wp-json\/wp\/v2\/types\/product"}],"version-history":[{"count":1,"href":"https:\/\/profika.com.pl\/index.php\/wp-json\/wp\/v2\/product\/29497\/revisions"}],"predecessor-version":[{"id":29500,"href":"https:\/\/profika.com.pl\/index.php\/wp-json\/wp\/v2\/product\/29497\/revisions\/29500"}],"wp:featuredmedia":[{"embeddable":true,"href":"https:\/\/profika.com.pl\/index.php\/wp-json\/wp\/v2\/media\/29499"}],"wp:attachment":[{"href":"https:\/\/profika.com.pl\/index.php\/wp-json\/wp\/v2\/media?parent=29497"}],"wp:term":[{"taxonomy":"product_brand","embeddable":true,"href":"https:\/\/profika.com.pl\/index.php\/wp-json\/wp\/v2\/product_brand?post=29497"},{"taxonomy":"product_cat","embeddable":true,"href":"https:\/\/profika.com.pl\/index.php\/wp-json\/wp\/v2\/product_cat?post=29497"},{"taxonomy":"product_tag","embeddable":true,"href":"https:\/\/profika.com.pl\/index.php\/wp-json\/wp\/v2\/product_tag?post=29497"}],"curies":[{"name":"wp","href":"https:\/\/api.w.org\/{rel}","templated":true}]}}