{"id":29501,"date":"2025-09-26T18:40:02","date_gmt":"2025-09-26T16:40:02","guid":{"rendered":"https:\/\/serwer385941.lh.pl\/autoinstalator\/serwer385941.lh.pl\/wordpress135569\/?post_type=product&#038;p=29501"},"modified":"2025-09-26T18:40:03","modified_gmt":"2025-09-26T16:40:03","slug":"lancuch-oregon-72-ogniwa-325-15mm-nac-cst52-45e","status":"publish","type":"product","link":"https:\/\/profika.com.pl\/index.php\/produkt\/lancuch-oregon-72-ogniwa-325-15mm-nac-cst52-45e\/","title":{"rendered":"\u0141a\u0144cuch Oregon 72 ogniwa .325&#8243;\/1,5mm NAC CST52-45E"},"content":{"rendered":"<h4>\u0141A\u0143CUCH OREGON SUPER 20 D\u0141UTO .325&#8243; 1,5mm NAC CST52-45-09AC CST52-45CCW TT-CS5200 SPS01-45\u00a0 SPS02-45<\/h4>\n<p>\u0141a\u0144cuchy Oregon PowerCut\u00ae \u0142\u0105cz\u0105 w sobie si\u0142\u0119, wytrzyma\u0142o\u015b\u0107 i wysok\u0105 wydajno\u015b\u0107 spe\u0142niaj\u0105c oczekiwania nawet najbardziej wymagaj\u0105cych profesjonalnych pilarzy. Technologie smarowania, dost\u0119pne d\u0142ugo\u015bci i jako\u015b\u0107 produktu sprawiaj\u0105 \u017ce s\u0105 idealne do wycinania najszerszych drzew.\u00a0Najlepszy \u0142a\u0144cuch tn\u0105cy dla le\u015bnik\u00f3w i wykwalifikowanych pracownik\u00f3w le\u015bnych, kt\u00f3rzy u\u017cywaj\u0105 pi\u0142 o wysokiej wydajno\u015bci.Ogniwa tn\u0105ce o kszta\u0142cie pe\u0142nego d\u0142uta doskonale sprawdzaj\u0105 si\u0119 do bardziej agresywnej pracy z pilarkami wi\u0119kszej mocy.<\/p>\n<p>Wytrzyma\u0142o\u015b\u0107 i \u017cywotno\u015b\u0107 produkt\u00f3w serii PowerCut\u00ae jest wielokrotnie wi\u0119ksza ni\u017c produkt\u00f3w serii AdvanceCut.<\/p>\n<h4>PASUJE DO MODELI:<\/h4>\n<ul>\n<li>TT-CS5200<\/li>\n<li>SPS01-45 (STARY TYP)<\/li>\n<li>SPS02-45<\/li>\n<li>CST52-45E<\/li>\n<li>CST52-45-01AC<\/li>\n<li>CST52-45-09AC<\/li>\n<li>CST52-45CCW<\/li>\n<\/ul>\n","protected":false},"excerpt":{"rendered":"<ul>\n<li><b>Szeroko\u015b\u0107 rowka:<\/b> 1,5 mm<\/li>\n<li><b>Ilo\u015b\u0107 ogniw:<\/b> 72 szt.<\/li>\n<li><b>Podzia\u0142ka:<\/b> .325&#8243;<\/li>\n<li><b>Rodzaj d\u0142uta:<\/b> Pe\u0142ne d\u0142uto<\/li>\n<\/ul>\n","protected":false},"featured_media":29502,"template":"","meta":[],"product_brand":[104],"product_cat":[99],"product_tag":[],"class_list":{"0":"post-29501","1":"product","2":"type-product","3":"status-publish","4":"has-post-thumbnail","6":"product_brand-oregon","7":"product_cat-lancuchy","9":"first","10":"instock","11":"shipping-taxable","12":"purchasable","13":"product-type-simple"},"aioseo_notices":[],"_links":{"self":[{"href":"https:\/\/profika.com.pl\/index.php\/wp-json\/wp\/v2\/product\/29501","targetHints":{"allow":["GET"]}}],"collection":[{"href":"https:\/\/profika.com.pl\/index.php\/wp-json\/wp\/v2\/product"}],"about":[{"href":"https:\/\/profika.com.pl\/index.php\/wp-json\/wp\/v2\/types\/product"}],"version-history":[{"count":1,"href":"https:\/\/profika.com.pl\/index.php\/wp-json\/wp\/v2\/product\/29501\/revisions"}],"predecessor-version":[{"id":29504,"href":"https:\/\/profika.com.pl\/index.php\/wp-json\/wp\/v2\/product\/29501\/revisions\/29504"}],"wp:featuredmedia":[{"embeddable":true,"href":"https:\/\/profika.com.pl\/index.php\/wp-json\/wp\/v2\/media\/29502"}],"wp:attachment":[{"href":"https:\/\/profika.com.pl\/index.php\/wp-json\/wp\/v2\/media?parent=29501"}],"wp:term":[{"taxonomy":"product_brand","embeddable":true,"href":"https:\/\/profika.com.pl\/index.php\/wp-json\/wp\/v2\/product_brand?post=29501"},{"taxonomy":"product_cat","embeddable":true,"href":"https:\/\/profika.com.pl\/index.php\/wp-json\/wp\/v2\/product_cat?post=29501"},{"taxonomy":"product_tag","embeddable":true,"href":"https:\/\/profika.com.pl\/index.php\/wp-json\/wp\/v2\/product_tag?post=29501"}],"curies":[{"name":"wp","href":"https:\/\/api.w.org\/{rel}","templated":true}]}}