{"id":29505,"date":"2025-09-26T18:41:36","date_gmt":"2025-09-26T16:41:36","guid":{"rendered":"https:\/\/serwer385941.lh.pl\/autoinstalator\/serwer385941.lh.pl\/wordpress135569\/?post_type=product&#038;p=29505"},"modified":"2025-10-03T09:24:03","modified_gmt":"2025-10-03T07:24:03","slug":"robot-koszacy-automatyczny-do-trawy-1000m2-cramer-rm1000","status":"publish","type":"product","link":"https:\/\/profika.com.pl\/index.php\/produkt\/robot-koszacy-automatyczny-do-trawy-1000m2-cramer-rm1000\/","title":{"rendered":"Robot kosz\u0105cy automatyczny do trawy 1000m2 CRAMER RM1000"},"content":{"rendered":"<h4>Automatyczny robot kosz\u0105cy<\/h4>\n<p>Cramer RM1000 to automatyczy robot kosz\u0105cy, kt\u00f3ry zajmuje si\u0119 utrzymaniem trawnika do powierzchni 1000m2 przy nachyleniach powierzchni wynosz\u0105cych do 35%. Jego cicha praca wynosz\u0105ca zaledwie 60dB pozwala na dzia\u0142anie w dowolnym momencie dnia i nocy, bez obawy o zak\u0142\u00f3canie spokoju w najbli\u017cszym s\u0105siedztwie.<\/p>\n<p><b>Najlepszy wyb\u00f3r dla trawnika<\/b><\/p>\n<p>Regulacja wysoko\u015bci koszenia jest niezwykle prosta i oferuje zakres wysoko\u015bci w przedziale od 20 mm do 60 mm, co pozwala wybra\u0107 idealny wygl\u0105d trawnika. Dzi\u0119ki temu trawnik mo\u017ce by\u0107 elegancki i nisko przystrzy\u017cony lub d\u0142u\u017cszy i bardziej naturalny.<\/p>\n<p><b>\u0141atwe czyszczenie<\/b><\/p>\n<p>Dzi\u0119ki wysokiej klasie ochrony przed wod\u0105 IPX5 robot kosz\u0105cy jest znakomicie chroniony przed warunkami atmosferycznymi. Ponadto nale\u017cy zwr\u00f3ci\u0107 uwag\u0119 na fakt, \u017ce mo\u017ce by\u0107 czyszczony wod\u0105 pod ci\u015bnieniem przy u\u017cyciu w\u0119\u017ca ogrodowego. To wszystko dzi\u0119ki \u0142atwo zdejmowalnej pokrywie.<\/p>\n<p><b>Bezpiecze\u0144stwo i zabezpieczenia<\/b><\/p>\n<p>Opr\u00f3cz wielu funkcji zwi\u0105zanych z bezpiecze\u0144stwem u\u017cytkowania maszyny, seria RM posiada tak\u017ce zintegrowany system chroni\u0105cy maszyn\u0119 przed kradzie\u017c\u0105. Dzi\u0119ki \u0142\u0105czno\u015bci GSM (2G\/4G) robot cechuje si\u0119 pozycjonowaniem GPS oraz stref\u0105 \\&#8221;Geofence\\&#8221;, po opuszczeniu kt\u00f3rej zostanie zablokowany, uruchomi alarm oraz zaoferuje \u015bledzenie na \u017cywo swojego po\u0142o\u017cenia za po\u015brednictwem aplikacji Cramer Connect.<\/p>\n<p>Cramer RM1000 to w pe\u0142ni zautomatyzowany robot kosz\u0105cy.<\/p>\n<p>Za po\u015brednictwem standardu GSM 2G\/4G bezprzewodowego po\u0142\u0105czenia smartfona i aplikacji Cramer Connect mo\u017cesz w \u0142atwy spos\u00f3b monitorowa\u0107 stan robota oraz zarz\u0105dza\u0107 harmonogramem koszenia.<\/p>\n<p>&nbsp;<\/p>\n","protected":false},"excerpt":{"rendered":"<h4>5 LAT GWARANCJI<\/h4>\n<h4>A\u017b 12 LAT KOMUNIKACJI GPS W CENIE ROBOTA KOSZ\u0104CEGO<\/h4>\n<ul>\n<li><b>Sugerowana powierzchnia do (m2):<\/b> 1000<\/li>\n<li><b>Szeroko\u015b\u0107 robocza (cm):<\/b> 22<\/li>\n<li><b>Zakres wysoko\u015bci koszenia (mm):<\/b> 20<\/li>\n<li><b>Wysoko\u015b\u0107 ci\u0119cia &#8211; max (mm):<\/b> 60<\/li>\n<\/ul>\n","protected":false},"featured_media":29506,"template":"","meta":[],"product_brand":[101],"product_cat":[94],"product_tag":[],"class_list":{"0":"post-29505","1":"product","2":"type-product","3":"status-publish","4":"has-post-thumbnail","6":"product_brand-cramer","7":"product_cat-roboty-koszace","9":"first","10":"instock","11":"sale","12":"shipping-taxable","13":"purchasable","14":"product-type-simple"},"aioseo_notices":[],"_links":{"self":[{"href":"https:\/\/profika.com.pl\/index.php\/wp-json\/wp\/v2\/product\/29505","targetHints":{"allow":["GET"]}}],"collection":[{"href":"https:\/\/profika.com.pl\/index.php\/wp-json\/wp\/v2\/product"}],"about":[{"href":"https:\/\/profika.com.pl\/index.php\/wp-json\/wp\/v2\/types\/product"}],"version-history":[{"count":2,"href":"https:\/\/profika.com.pl\/index.php\/wp-json\/wp\/v2\/product\/29505\/revisions"}],"predecessor-version":[{"id":30134,"href":"https:\/\/profika.com.pl\/index.php\/wp-json\/wp\/v2\/product\/29505\/revisions\/30134"}],"wp:featuredmedia":[{"embeddable":true,"href":"https:\/\/profika.com.pl\/index.php\/wp-json\/wp\/v2\/media\/29506"}],"wp:attachment":[{"href":"https:\/\/profika.com.pl\/index.php\/wp-json\/wp\/v2\/media?parent=29505"}],"wp:term":[{"taxonomy":"product_brand","embeddable":true,"href":"https:\/\/profika.com.pl\/index.php\/wp-json\/wp\/v2\/product_brand?post=29505"},{"taxonomy":"product_cat","embeddable":true,"href":"https:\/\/profika.com.pl\/index.php\/wp-json\/wp\/v2\/product_cat?post=29505"},{"taxonomy":"product_tag","embeddable":true,"href":"https:\/\/profika.com.pl\/index.php\/wp-json\/wp\/v2\/product_tag?post=29505"}],"curies":[{"name":"wp","href":"https:\/\/api.w.org\/{rel}","templated":true}]}}