{"id":29524,"date":"2025-09-26T18:44:41","date_gmt":"2025-09-26T16:44:41","guid":{"rendered":"https:\/\/serwer385941.lh.pl\/autoinstalator\/serwer385941.lh.pl\/wordpress135569\/?post_type=product&#038;p=29524"},"modified":"2025-10-03T09:23:27","modified_gmt":"2025-10-03T07:23:27","slug":"olej-stihl-hp-5-l-0w-20","status":"publish","type":"product","link":"https:\/\/profika.com.pl\/index.php\/produkt\/olej-stihl-hp-5-l-0w-20\/","title":{"rendered":"Olej Stihl HP 5 L 0W-20"},"content":{"rendered":"<p>Olej do silnik\u00f3w dwusuwowych na bazie olej\u00f3w mineralnych. Bardzo dobre w\u0142a\u015bciwo\u015bci smarne i du\u017ca czysto\u015b\u0107 silnika. Klasa mocy: JASO-FB. Proporcje mieszanki 1:50. Informacji na temat innych wielko\u015bci pojemnik\u00f3w udzieli Pa\u0144stwu ch\u0119tnie Autoryzowany Dealer STIHL<\/p>\n<p>Dobre po\u0142\u0105czenie. Czyste rozwi\u0105zanie.<\/p>\n<p><b>STIHL HP<\/b>\u00a0opracowany zosta\u0142 specjalnie na potrzeby wysokich wymaga\u0144 urz\u0105dze\u0144 silnikowych. Olej do silnik\u00f3w dwusuwowych STIHL ogranicza zanieczyszczenie komory spalania i systemu wydechowego, nie wchodzi w reakcje z uszczelnieniem. W ten spos\u00f3b pomaga zachowa\u0107 wysok\u0105 wydajno\u015b\u0107 naszych urz\u0105dze\u0144 \u2013 zar\u00f3wno przy d\u0142ugotrwa\u0142ym u\u017cytkowaniu jak i przy pe\u0142nym obci\u0105\u017ceniu.<\/p>\n<p>Dobra ochrona. Dzie\u0144 po dniu.<\/p>\n<p>STIHL HP\u00a0zapewnia w\u0142a\u015bciwo\u015bci smarne jak i ochron\u0119 przed szybkim zu\u017cyciem a tym samym dba o d\u0142u\u017csze \u017cycie silnika urz\u0105dzenia. Olej STIHL HP pozostawia podczas spalania niewielkie ilo\u015bci nagaru w silniku, dzi\u0119ki czemu prawdopodobie\u0144stwo uszkodzenia \u015bwiec zap\u0142onowych jest znikome. Wydajno\u015b\u0107 silnika pozostaje zachowana na d\u0142ugi czas.<\/p>\n<p>Wszystko czerwone. To dobrze.<\/p>\n<p>Olej do silnik\u00f3w dwusuwowych\u00a0STIHL HP\u00a0posiada dobre cechy samomieszaj\u0105ce. Sk\u0142ad mieszanki mo\u017cna \u0142atwo kontrolowa\u0107 dzi\u0119ki intensywnemu zabarwieniu na czerwono.<\/p>\n<p>&nbsp;<\/p>\n<p>&nbsp;<\/p>\n","protected":false},"excerpt":{"rendered":"<p><b>Zalety:<\/b><\/p>\n<p>* Wydajno\u015b\u0107 HP<\/p>\n<p>* Czysto\u015b\u0107 +<\/p>\n<p>* Dzia\u0142anie ochronne +<\/p>\n<p>* Dzia\u0142anie smarne +<\/p>\n<p>* Moc silnika +<\/p>\n","protected":false},"featured_media":29528,"template":"","meta":[],"product_brand":[70],"product_cat":[96],"product_tag":[],"class_list":{"0":"post-29524","1":"product","2":"type-product","3":"status-publish","4":"has-post-thumbnail","6":"product_brand-stihl","7":"product_cat-oleje","9":"first","10":"instock","11":"shipping-taxable","12":"purchasable","13":"product-type-simple"},"aioseo_notices":[],"_links":{"self":[{"href":"https:\/\/profika.com.pl\/index.php\/wp-json\/wp\/v2\/product\/29524","targetHints":{"allow":["GET"]}}],"collection":[{"href":"https:\/\/profika.com.pl\/index.php\/wp-json\/wp\/v2\/product"}],"about":[{"href":"https:\/\/profika.com.pl\/index.php\/wp-json\/wp\/v2\/types\/product"}],"version-history":[{"count":1,"href":"https:\/\/profika.com.pl\/index.php\/wp-json\/wp\/v2\/product\/29524\/revisions"}],"predecessor-version":[{"id":29529,"href":"https:\/\/profika.com.pl\/index.php\/wp-json\/wp\/v2\/product\/29524\/revisions\/29529"}],"wp:featuredmedia":[{"embeddable":true,"href":"https:\/\/profika.com.pl\/index.php\/wp-json\/wp\/v2\/media\/29528"}],"wp:attachment":[{"href":"https:\/\/profika.com.pl\/index.php\/wp-json\/wp\/v2\/media?parent=29524"}],"wp:term":[{"taxonomy":"product_brand","embeddable":true,"href":"https:\/\/profika.com.pl\/index.php\/wp-json\/wp\/v2\/product_brand?post=29524"},{"taxonomy":"product_cat","embeddable":true,"href":"https:\/\/profika.com.pl\/index.php\/wp-json\/wp\/v2\/product_cat?post=29524"},{"taxonomy":"product_tag","embeddable":true,"href":"https:\/\/profika.com.pl\/index.php\/wp-json\/wp\/v2\/product_tag?post=29524"}],"curies":[{"name":"wp","href":"https:\/\/api.w.org\/{rel}","templated":true}]}}