{"id":29534,"date":"2025-09-26T18:47:40","date_gmt":"2025-09-26T16:47:40","guid":{"rendered":"https:\/\/serwer385941.lh.pl\/autoinstalator\/serwer385941.lh.pl\/wordpress135569\/?post_type=product&#038;p=29534"},"modified":"2026-01-29T16:10:57","modified_gmt":"2026-01-29T15:10:57","slug":"kanister-stihl-kombi-pro-00008810113-pomaranczowy-53l-komplet-z-lejkami","status":"publish","type":"product","link":"https:\/\/profika.com.pl\/index.php\/produkt\/kanister-stihl-kombi-pro-00008810113-pomaranczowy-53l-komplet-z-lejkami\/","title":{"rendered":"Kanister Stihl Kombi Pro 00008810113 pomara\u0144czowy 5+3L komplet z lejkami"},"content":{"rendered":"<h4>KANISTER KOMBI POMARA\u0143CZOWY PROFI 5L\/3L 00008810113 STIHL<\/h4>\n<p>0795711130015<\/p>\n<p>Grupa STIHL projektuje, produkuje i sprzedaje urz\u0105dzenia dla le\u015bnictwa i rolnictwa oraz do piel\u0119gnacji krajobrazu, budownictwa i dla prywatnych w\u0142a\u015bcicieli ogrod\u00f3w. Globalna sie\u0107 dystrybucji i mi\u0119dzynarodowa grupa produkcyjna stanowi\u0105 podstaw\u0119 sukcesu STIHL. Firma stosuje zr\u00f3wnowa\u017con\u0105 polityk\u0119 zak\u0142adow\u0105 i produkuje na ca\u0142ym \u015bwiecie z zachowaniem najwy\u017cszych standard\u00f3w produkcji i jako\u015bci.<\/p>\n<p>&nbsp;<\/p>\n","protected":false},"excerpt":{"rendered":"<h4>CECHY PRODUKTU:<\/h4>\n<ul>\n<li>Przechowuj paliwo i olej do pi\u0142 \u0142a\u0144cuchowych w jednym kanistrze<\/li>\n<li>Wersja profesjonalna<\/li>\n<li>Dwa zasobniki do umieszczenia narz\u0119dzi i systemu nape\u0142niania (narz\u0119dzia i system nape\u0142niania do nabycia oddzielnie).<\/li>\n<li>Do transportu 5 l paliwa i 3 l oleju do pi\u0142 \u0142a\u0144cuchowych<\/li>\n<li>Posiada certyfikat UN<\/li>\n<li>Kolor: pomara\u0144czowy<\/li>\n<\/ul>\n","protected":false},"featured_media":29537,"template":"","meta":[],"product_brand":[70],"product_cat":[135,96,92],"product_tag":[],"class_list":{"0":"post-29534","1":"product","2":"type-product","3":"status-publish","4":"has-post-thumbnail","6":"product_brand-stihl","7":"product_cat-kanistry","8":"product_cat-oleje","9":"product_cat-linki-korki-paliwa","11":"first","12":"instock","13":"shipping-taxable","14":"purchasable","15":"product-type-simple"},"aioseo_notices":[],"_links":{"self":[{"href":"https:\/\/profika.com.pl\/index.php\/wp-json\/wp\/v2\/product\/29534","targetHints":{"allow":["GET"]}}],"collection":[{"href":"https:\/\/profika.com.pl\/index.php\/wp-json\/wp\/v2\/product"}],"about":[{"href":"https:\/\/profika.com.pl\/index.php\/wp-json\/wp\/v2\/types\/product"}],"version-history":[{"count":2,"href":"https:\/\/profika.com.pl\/index.php\/wp-json\/wp\/v2\/product\/29534\/revisions"}],"predecessor-version":[{"id":31281,"href":"https:\/\/profika.com.pl\/index.php\/wp-json\/wp\/v2\/product\/29534\/revisions\/31281"}],"wp:featuredmedia":[{"embeddable":true,"href":"https:\/\/profika.com.pl\/index.php\/wp-json\/wp\/v2\/media\/29537"}],"wp:attachment":[{"href":"https:\/\/profika.com.pl\/index.php\/wp-json\/wp\/v2\/media?parent=29534"}],"wp:term":[{"taxonomy":"product_brand","embeddable":true,"href":"https:\/\/profika.com.pl\/index.php\/wp-json\/wp\/v2\/product_brand?post=29534"},{"taxonomy":"product_cat","embeddable":true,"href":"https:\/\/profika.com.pl\/index.php\/wp-json\/wp\/v2\/product_cat?post=29534"},{"taxonomy":"product_tag","embeddable":true,"href":"https:\/\/profika.com.pl\/index.php\/wp-json\/wp\/v2\/product_tag?post=29534"}],"curies":[{"name":"wp","href":"https:\/\/api.w.org\/{rel}","templated":true}]}}