{"id":29539,"date":"2025-09-26T18:49:37","date_gmt":"2025-09-26T16:49:37","guid":{"rendered":"https:\/\/serwer385941.lh.pl\/autoinstalator\/serwer385941.lh.pl\/wordpress135569\/?post_type=product&#038;p=29539"},"modified":"2025-09-26T18:51:18","modified_gmt":"2025-09-26T16:51:18","slug":"klin-do-scinki-drzew-aluminiowy-500g-210x43x34mm-granit-black-edition","status":"publish","type":"product","link":"https:\/\/profika.com.pl\/index.php\/produkt\/klin-do-scinki-drzew-aluminiowy-500g-210x43x34mm-granit-black-edition\/","title":{"rendered":"Klin do \u015bcinki drzew aluminiowy 500g 210x43x34mm Granit Black Edition"},"content":{"rendered":"<h4>Klin do \u015bcinki drzew aluminiowy 500g 210x43x34mm Granit Black Edition<\/h4>\n<ul>\n<li>Wysoka jako\u015b\u0107 wykonania<\/li>\n<\/ul>\n<p>\u2705 Klin do \u015bcinki drzew aluminiowy 800g 253x56x35mm Granit to niezawodne narz\u0119dzie, kt\u00f3re pomo\u017ce Ci w \u0142atwy i bezpieczny spos\u00f3b \u015bcina\u0107 drzewa.<\/p>\n<p>\u2705 Klin jest wykonany z wysokiej jako\u015bci aluminium, kt\u00f3re zapewnia mu lekko\u015b\u0107 i wytrzyma\u0142o\u015b\u0107.<\/p>\n<p>\u2705 Dzi\u0119ki swojej konstrukcji klin \u0142atwo si\u0119 wbija w drewno, a jego z\u0105bkowana powierzchnia zapewnia pewny chwyt.<\/p>\n<h4>Klin do \u015bcinki drzew aluminiowy 500g 210x43x34mm Granit Black Edition, g\u0142\u00f3wne cechy:<\/h4>\n<ul>\n<li>Wykonany z wysokiej jako\u015bci aluminium<\/li>\n<li>Z\u0105bkowana powierzchnia zapewnia pewny chwyt<\/li>\n<li>Lekki i wytrzyma\u0142y<\/li>\n<li>\u0141atwy w u\u017cyciu<\/li>\n<li>Masywny, kuty, hartowany<\/li>\n<\/ul>\n<p>&nbsp;<\/p>\n","protected":false},"excerpt":{"rendered":"<h4>Klin do \u015bcinki drzew aluminiowy 500g 210x43x34mm Granit Black Edition, informacje techniczne:<\/h4>\n<ul>\n<li>Materia\u0142: Aluminium<\/li>\n<li>Szeroko\u015b\u0107: 43mm<\/li>\n<li>Wysoko\u015b\u0107: 34mm<\/li>\n<li>D\u0142ugo\u015b\u0107: 210mm<\/li>\n<li>Masa: 500g<\/li>\n<li>Producent: Granit<\/li>\n<\/ul>\n<p>&nbsp;<\/p>\n","protected":false},"featured_media":29540,"template":"","meta":[],"product_brand":[107],"product_cat":[87],"product_tag":[],"class_list":{"0":"post-29539","1":"product","2":"type-product","3":"status-publish","4":"has-post-thumbnail","6":"product_brand-granit","7":"product_cat-czesci","9":"first","10":"instock","11":"shipping-taxable","12":"purchasable","13":"product-type-simple"},"aioseo_notices":[],"_links":{"self":[{"href":"https:\/\/profika.com.pl\/index.php\/wp-json\/wp\/v2\/product\/29539","targetHints":{"allow":["GET"]}}],"collection":[{"href":"https:\/\/profika.com.pl\/index.php\/wp-json\/wp\/v2\/product"}],"about":[{"href":"https:\/\/profika.com.pl\/index.php\/wp-json\/wp\/v2\/types\/product"}],"version-history":[{"count":1,"href":"https:\/\/profika.com.pl\/index.php\/wp-json\/wp\/v2\/product\/29539\/revisions"}],"predecessor-version":[{"id":29547,"href":"https:\/\/profika.com.pl\/index.php\/wp-json\/wp\/v2\/product\/29539\/revisions\/29547"}],"wp:featuredmedia":[{"embeddable":true,"href":"https:\/\/profika.com.pl\/index.php\/wp-json\/wp\/v2\/media\/29540"}],"wp:attachment":[{"href":"https:\/\/profika.com.pl\/index.php\/wp-json\/wp\/v2\/media?parent=29539"}],"wp:term":[{"taxonomy":"product_brand","embeddable":true,"href":"https:\/\/profika.com.pl\/index.php\/wp-json\/wp\/v2\/product_brand?post=29539"},{"taxonomy":"product_cat","embeddable":true,"href":"https:\/\/profika.com.pl\/index.php\/wp-json\/wp\/v2\/product_cat?post=29539"},{"taxonomy":"product_tag","embeddable":true,"href":"https:\/\/profika.com.pl\/index.php\/wp-json\/wp\/v2\/product_tag?post=29539"}],"curies":[{"name":"wp","href":"https:\/\/api.w.org\/{rel}","templated":true}]}}