{"id":29548,"date":"2025-09-26T18:51:06","date_gmt":"2025-09-26T16:51:06","guid":{"rendered":"https:\/\/serwer385941.lh.pl\/autoinstalator\/serwer385941.lh.pl\/wordpress135569\/?post_type=product&#038;p=29548"},"modified":"2025-09-26T18:51:06","modified_gmt":"2025-09-26T16:51:06","slug":"klin-do-scinki-drzew-aluminiowy-1000g-280x60x40mm-granit-black-edition","status":"publish","type":"product","link":"https:\/\/profika.com.pl\/index.php\/produkt\/klin-do-scinki-drzew-aluminiowy-1000g-280x60x40mm-granit-black-edition\/","title":{"rendered":"Klin do \u015bcinki drzew aluminiowy 1000g 280x60x40mm Granit Black Edition"},"content":{"rendered":"<h4>Klin do \u015bcinki drzew aluminiowy 1000g 280x60x40mm Granit Black Edition<\/h4>\n<ul>\n<li>Wysoka jako\u015b\u0107 wykonania<\/li>\n<\/ul>\n<p>\u2705 Klin do \u015bcinki drzew aluminiowy 1000g 280x60x40mm Granit to niezawodne narz\u0119dzie, kt\u00f3re pomo\u017ce Ci w \u0142atwy i bezpieczny spos\u00f3b \u015bcina\u0107 drzewa.<\/p>\n<p>\u2705 Klin jest wykonany z wysokiej jako\u015bci aluminium, kt\u00f3re zapewnia mu lekko\u015b\u0107 i wytrzyma\u0142o\u015b\u0107.<\/p>\n<p>\u2705 Dzi\u0119ki swojej konstrukcji klin \u0142atwo si\u0119 wbija w drewno, a jego z\u0105bkowana powierzchnia zapewnia pewny chwyt.<\/p>\n<h4>Klin do \u015bcinki drzew aluminiowy 1000g 280x60x40mm Granit Black Edition, g\u0142\u00f3wne cechy:<\/h4>\n<ul>\n<li>Wykonany z wysokiej jako\u015bci aluminium<\/li>\n<li>Z\u0105bkowana powierzchnia zapewnia pewny chwyt<\/li>\n<li>Lekki i wytrzyma\u0142y<\/li>\n<li>\u0141atwy w u\u017cyciu<\/li>\n<li>Masywny, kuty, hartowany<\/li>\n<\/ul>\n","protected":false},"excerpt":{"rendered":"<h4>Klin do \u015bcinki drzew aluminiowy 1000g 280x60x40mm Granit Black Edition, informacje techniczne:<\/h4>\n<ul>\n<li>Materia\u0142: Aluminium<\/li>\n<li>Szeroko\u015b\u0107: 60mm<\/li>\n<li>Wysoko\u015b\u0107: 40mm<\/li>\n<li>D\u0142ugo\u015b\u0107: 280mm<\/li>\n<li>Masa: 1000g<\/li>\n<li>Producent: Granit<\/li>\n<\/ul>\n","protected":false},"featured_media":29556,"template":"","meta":[],"product_brand":[107],"product_cat":[87],"product_tag":[],"class_list":{"0":"post-29548","1":"product","2":"type-product","3":"status-publish","4":"has-post-thumbnail","6":"product_brand-granit","7":"product_cat-czesci","9":"first","10":"instock","11":"shipping-taxable","12":"purchasable","13":"product-type-simple"},"aioseo_notices":[],"_links":{"self":[{"href":"https:\/\/profika.com.pl\/index.php\/wp-json\/wp\/v2\/product\/29548","targetHints":{"allow":["GET"]}}],"collection":[{"href":"https:\/\/profika.com.pl\/index.php\/wp-json\/wp\/v2\/product"}],"about":[{"href":"https:\/\/profika.com.pl\/index.php\/wp-json\/wp\/v2\/types\/product"}],"version-history":[{"count":1,"href":"https:\/\/profika.com.pl\/index.php\/wp-json\/wp\/v2\/product\/29548\/revisions"}],"predecessor-version":[{"id":29557,"href":"https:\/\/profika.com.pl\/index.php\/wp-json\/wp\/v2\/product\/29548\/revisions\/29557"}],"wp:featuredmedia":[{"embeddable":true,"href":"https:\/\/profika.com.pl\/index.php\/wp-json\/wp\/v2\/media\/29556"}],"wp:attachment":[{"href":"https:\/\/profika.com.pl\/index.php\/wp-json\/wp\/v2\/media?parent=29548"}],"wp:term":[{"taxonomy":"product_brand","embeddable":true,"href":"https:\/\/profika.com.pl\/index.php\/wp-json\/wp\/v2\/product_brand?post=29548"},{"taxonomy":"product_cat","embeddable":true,"href":"https:\/\/profika.com.pl\/index.php\/wp-json\/wp\/v2\/product_cat?post=29548"},{"taxonomy":"product_tag","embeddable":true,"href":"https:\/\/profika.com.pl\/index.php\/wp-json\/wp\/v2\/product_tag?post=29548"}],"curies":[{"name":"wp","href":"https:\/\/api.w.org\/{rel}","templated":true}]}}