{"id":29573,"date":"2025-09-26T18:54:18","date_gmt":"2025-09-26T16:54:18","guid":{"rendered":"https:\/\/serwer385941.lh.pl\/autoinstalator\/serwer385941.lh.pl\/wordpress135569\/?post_type=product&#038;p=29573"},"modified":"2025-09-26T18:54:19","modified_gmt":"2025-09-26T16:54:19","slug":"oslona-twarzy-sluchu-stihl-00008840254","status":"publish","type":"product","link":"https:\/\/profika.com.pl\/index.php\/produkt\/oslona-twarzy-sluchu-stihl-00008840254\/","title":{"rendered":"Os\u0142ona twarzy, s\u0142uchu Stihl 00008840254"},"content":{"rendered":"<p><b>Charakterystyka:<\/b><\/p>\n<ul>\n<li>os\u0142ona twarzy Stihl z nylonow\u0105 siatk\u0105, z dodatkow\u0105 ochron\u0105 czo\u0142a i wysokiej klasy nausznikami<\/li>\n<li>doskonale sprawdza si\u0119 przy ci\u0119\u017ckich pracach z kos\u0105 mechaniczn\u0105, pilark\u0105 czy no\u017cycami<\/li>\n<li>dodatkowa ochrona czo\u0142a chroni je przed s\u0142o\u0144cem i ci\u0119tym materia\u0142em<\/li>\n<li>regulacja wysoko\u015bci nausznik\u00f3w pozwala precyzyjnie dopasowa\u0107 je kszta\u0142tu g\u0142owy operatora<\/li>\n<li>wygodny pasek z mi\u0119kk\u0105 podbitk\u0105 utrzymuj\u0105cy os\u0142on\u0119 w jednej pozycji zapewnia komfort u\u017cytkowania<\/li>\n<li>mo\u017cliwo\u015b\u0107 podniesienia os\u0142ony<\/li>\n<li>spe\u0142nia normy: EN 352, EN 166<\/li>\n<li>dost\u0119p do cz\u0119\u015bci zamiennych<\/li>\n<\/ul>\n<p><b>Charakterystyka nausznik\u00f3w:<\/b><\/p>\n<ul>\n<li>SNR: 30 dB\u00a0(Simplified Noise Reduction &#8211;\u00a0uproszczony wsp\u00f3\u0142czynnik redukcji ha\u0142asu, pozwala oszacowa\u0107 og\u00f3lny poziom ochrony s\u0142uchu &#8211; im wy\u017csza warto\u015b\u0107 SNR tym lepsza ochrona s\u0142uchu)<\/li>\n<li>Warto\u015b\u0107 H: 34 dB &#8211; warto\u015b\u0107 wyt\u0142umienia akustycznego dla d\u017awi\u0119k\u00f3w o wysokiej cz\u0119stotliwo\u015bci<\/li>\n<li>Warto\u015b\u0107 M: 27 dB &#8211; warto\u015b\u0107 wyt\u0142umienia akustycznego dla d\u017awi\u0119k\u00f3w o \u015bredniej cz\u0119stotliwo\u015bci<\/li>\n<li>Warto\u015b\u0107 L: 18 dB &#8211; warto\u015b\u0107 wyt\u0142umienia akustycznego dla d\u017awi\u0119k\u00f3w o niskiej cz\u0119stotliwo\u015bci<\/li>\n<\/ul>\n","protected":false},"excerpt":{"rendered":"<p><b>OPIS PRODUKTU<\/b><\/p>\n<p>Kombinacje os\u0142on twarzy\/s\u0142uchu Stihl sprawdzaj\u0105 si\u0119 doskonale podczas prac z urz\u0105dzeniami mechanicznymi. T\u0142umi\u0105 odg\u0142osy silnika i chroni\u0105 twarz przed wszelkiego rodzaju odpryskami, wi\u00f3rami, opi\u0142kami i py\u0142ami.<\/p>\n<p><strong>Charakterystyka<\/strong> &#8211; patrz poni\u017cej w opisie produktu.<\/p>\n","protected":false},"featured_media":29574,"template":"","meta":[],"product_brand":[70],"product_cat":[98],"product_tag":[],"class_list":{"0":"post-29573","1":"product","2":"type-product","3":"status-publish","4":"has-post-thumbnail","6":"product_brand-stihl","7":"product_cat-odziez-ochronna","9":"first","10":"instock","11":"shipping-taxable","12":"purchasable","13":"product-type-simple"},"aioseo_notices":[],"_links":{"self":[{"href":"https:\/\/profika.com.pl\/index.php\/wp-json\/wp\/v2\/product\/29573","targetHints":{"allow":["GET"]}}],"collection":[{"href":"https:\/\/profika.com.pl\/index.php\/wp-json\/wp\/v2\/product"}],"about":[{"href":"https:\/\/profika.com.pl\/index.php\/wp-json\/wp\/v2\/types\/product"}],"version-history":[{"count":1,"href":"https:\/\/profika.com.pl\/index.php\/wp-json\/wp\/v2\/product\/29573\/revisions"}],"predecessor-version":[{"id":29580,"href":"https:\/\/profika.com.pl\/index.php\/wp-json\/wp\/v2\/product\/29573\/revisions\/29580"}],"wp:featuredmedia":[{"embeddable":true,"href":"https:\/\/profika.com.pl\/index.php\/wp-json\/wp\/v2\/media\/29574"}],"wp:attachment":[{"href":"https:\/\/profika.com.pl\/index.php\/wp-json\/wp\/v2\/media?parent=29573"}],"wp:term":[{"taxonomy":"product_brand","embeddable":true,"href":"https:\/\/profika.com.pl\/index.php\/wp-json\/wp\/v2\/product_brand?post=29573"},{"taxonomy":"product_cat","embeddable":true,"href":"https:\/\/profika.com.pl\/index.php\/wp-json\/wp\/v2\/product_cat?post=29573"},{"taxonomy":"product_tag","embeddable":true,"href":"https:\/\/profika.com.pl\/index.php\/wp-json\/wp\/v2\/product_tag?post=29573"}],"curies":[{"name":"wp","href":"https:\/\/api.w.org\/{rel}","templated":true}]}}