{"id":29581,"date":"2025-09-26T18:55:50","date_gmt":"2025-09-26T16:55:50","guid":{"rendered":"https:\/\/serwer385941.lh.pl\/autoinstalator\/serwer385941.lh.pl\/wordpress135569\/?post_type=product&#038;p=29581"},"modified":"2026-01-22T09:40:45","modified_gmt":"2026-01-22T08:40:45","slug":"kask-cedrus-sm967-56","status":"publish","type":"product","link":"https:\/\/profika.com.pl\/index.php\/produkt\/kask-cedrus-sm967-56\/","title":{"rendered":"Kask Cedrus SM967-56"},"content":{"rendered":"<h4>Os\u0142ona twarzy i s\u0142uchu, siatka stalowa ochronna w zestawie ze s\u0142uchawkami.<\/h4>\n<p>Siatkowa os\u0142ona chroni twarz oraz oczy podczas wykonywanych prac le\u015bnych i ogrodowych. Przeznaczona jest do prac zwi\u0105zanych z wykaszaniem, koszeniem w ogrodzie czy w lesie jak i w czasie prac wykonywanych pilark\u0105.<\/p>\n<p>Komplet sk\u0142ada si\u0119 z:<\/p>\n<p>&#8211; kask ochronny SM901N-56<\/p>\n<p>&#8211; uchwyt do kasku H867-56A<\/p>\n<p>&#8211; ochronniki s\u0142uchu EP167-56<\/p>\n<p>&#8211; os\u0142ony twarzy z siatki VM85S-56<\/p>\n","protected":false},"excerpt":{"rendered":"<h4>Kask ochronny drwala SM967 kompletny \/3cz\u0119\u015bci\/<\/h4>\n<ul>\n<li><b>Kolorystyka<\/b>: Pomara\u0144czowo-czarna<\/li>\n<li><b>Marka<\/b>: CEDRUS<\/li>\n<li><b>Indeks<\/b>: SM967-56<\/li>\n<li><b>Model<\/b>: Ochrona twarzy i s\u0142uchu<\/li>\n<li><b>Liczba element\u00f3w<\/b>: 3<\/li>\n<\/ul>\n","protected":false},"featured_media":29583,"template":"","meta":[],"product_brand":[102],"product_cat":[98],"product_tag":[],"class_list":{"0":"post-29581","1":"product","2":"type-product","3":"status-publish","4":"has-post-thumbnail","6":"product_brand-cedrus","7":"product_cat-odziez-ochronna","9":"first","10":"instock","11":"sale","12":"shipping-taxable","13":"purchasable","14":"product-type-simple"},"aioseo_notices":[],"_links":{"self":[{"href":"https:\/\/profika.com.pl\/index.php\/wp-json\/wp\/v2\/product\/29581","targetHints":{"allow":["GET"]}}],"collection":[{"href":"https:\/\/profika.com.pl\/index.php\/wp-json\/wp\/v2\/product"}],"about":[{"href":"https:\/\/profika.com.pl\/index.php\/wp-json\/wp\/v2\/types\/product"}],"version-history":[{"count":2,"href":"https:\/\/profika.com.pl\/index.php\/wp-json\/wp\/v2\/product\/29581\/revisions"}],"predecessor-version":[{"id":31210,"href":"https:\/\/profika.com.pl\/index.php\/wp-json\/wp\/v2\/product\/29581\/revisions\/31210"}],"wp:featuredmedia":[{"embeddable":true,"href":"https:\/\/profika.com.pl\/index.php\/wp-json\/wp\/v2\/media\/29583"}],"wp:attachment":[{"href":"https:\/\/profika.com.pl\/index.php\/wp-json\/wp\/v2\/media?parent=29581"}],"wp:term":[{"taxonomy":"product_brand","embeddable":true,"href":"https:\/\/profika.com.pl\/index.php\/wp-json\/wp\/v2\/product_brand?post=29581"},{"taxonomy":"product_cat","embeddable":true,"href":"https:\/\/profika.com.pl\/index.php\/wp-json\/wp\/v2\/product_cat?post=29581"},{"taxonomy":"product_tag","embeddable":true,"href":"https:\/\/profika.com.pl\/index.php\/wp-json\/wp\/v2\/product_tag?post=29581"}],"curies":[{"name":"wp","href":"https:\/\/api.w.org\/{rel}","templated":true}]}}