{"id":29585,"date":"2025-09-26T18:57:40","date_gmt":"2025-09-26T16:57:40","guid":{"rendered":"https:\/\/serwer385941.lh.pl\/autoinstalator\/serwer385941.lh.pl\/wordpress135569\/?post_type=product&#038;p=29585"},"modified":"2026-02-02T13:35:55","modified_gmt":"2026-02-02T12:35:55","slug":"lancuch-oregon-do-pily-15-64-ogniwa-325-15-powercut-21lpx064e","status":"publish","type":"product","link":"https:\/\/profika.com.pl\/index.php\/produkt\/lancuch-oregon-do-pily-15-64-ogniwa-325-15-powercut-21lpx064e\/","title":{"rendered":"\u0141a\u0144cuch Oregon 15&#8243; 64 ogniwa 325 1,5 POWERCUT 21LPX064E"},"content":{"rendered":"<p><b>\u0141a\u0144cuchy Oregon<\/b>\u00a0\u0142\u0105cz\u0105 w sobie\u00a0<b>si\u0142\u0119, wytrzyma\u0142o\u015b\u0107 i wysok\u0105 wydajno\u015b\u0107<\/b>\u00a0spe\u0142niaj\u0105c oczekiwania nawet najbardziej wymagaj\u0105cych profesjonalnych pilarzy. Technologie smarowania, dost\u0119pne d\u0142ugo\u015bci i jako\u015b\u0107 produktu sprawiaj\u0105 \u017ce s\u0105 idealne do wycinania najszerszych drzew.<\/p>\n<p>Najlepszy \u0142a\u0144cuch tn\u0105cy dla le\u015bnik\u00f3w i wykwalifikowanych pracownik\u00f3w le\u015bnych, kt\u00f3rzy u\u017cywaj\u0105 pi\u0142 o wysokiej wydajno\u015bci.<\/p>\n<p>Ogniwa tn\u0105ce o kszta\u0142cie pe\u0142nego d\u0142uta doskonale sprawdzaj\u0105 si\u0119 do bardziej agresywnej pracy z pilarkami wi\u0119kszej mocy.<\/p>\n<p>Ogromn\u0105<b>\u00a0zalet\u0105<\/b>\u00a0\u0142a\u0144cucha jest\u00a0<b>Wytrzyma\u0142o\u015b\u0107 i \u017cywotno\u015b\u0107<\/b><\/p>\n<p>&nbsp;<\/p>\n<h4>\u0141a\u0144cuch tn\u0105cy 15&#8243; 325&#8221; 1.5 mm 64 ogniwa<\/h4>\n<p>POLECANY DO PILAREK<\/p>\n<p><b>Husqvarna:<\/b>\u00a0133 136 137 141 142 154 234 235 238 240 242 242XP 246 254 254 XP 257 261 262 338XPT 339XP 340 345 346 346XP 350 351 353 357 357XP 359 36 365 40 41 42 435 435E 44 440 440E 444 445 445E 45 450E 455 RANCHER 455E RANCHER 460 460 RANCHER 50 51 T425 T435<\/p>\n<p><b>Makita:<\/b>\u00a045 DCS430 DCS43001 DCS4300I DCS431 DCS460 DCS4600S DCS500 DCS5000 DCS5030 DCS520 DCS5200I<\/p>\n<p><b>Partner:<\/b>\u00a0360 365 400 405 410 450 460 465 470 495 500 510 540 545 P500 P5000 P5500<\/p>\n<p><b>Oleo-Mac:<\/b>\u00a0850 938 940 941 942 942C 945 946 947 950 950 Super 950A 951 952 956 962 E300F<\/p>\n<p><b>Dolmar:<\/b>109 110 111 112 113 114 115i 116 ES1800 PS460 PS4600 PS4605 PS500 PS5000 PS510 PS5100S PS540<\/p>\n<p><b>Homelite:<\/b>\u00a0250 252 290 290C 300 340 340C 3850B 3850C 4045 415B 444 4550B HCS4040 HCS4446CA<\/p>\n<p><b>Jonsered:<\/b>\u00a02012 2014 2015 2016 2036 2040 2041 2045 2050 2051 2054 2055 2063 2141 2145 2147 2149 2150 2152 2153 2155 2156 2159 2163 370 380 410 420 425 435 45 450 451 451EVS 452 455 490 49SP 50 51 510 52 520 521 525 535 590 CS2149W CS2152W<\/p>\n<p><b>Solo:<\/b>\u00a0639 641 644 645 647 650 651 652 656 665<\/p>\n<p><b>Zenoha<\/b>: G38 G410AVS G415AVS G455AVS G46 G5000 G500AVS G5300<\/p>\n<p><b>Oraz chi\u0144skich pilarek: Harder , Matrix, FLora, Nac, Eurotec, Victus, Magnum,KraftWelle, VD Profi, PN 4500, Pn 5200, Steel oraz wielu innych<\/b><\/p>\n<p>&nbsp;<\/p>\n","protected":false},"excerpt":{"rendered":"<h4>\u0141A\u0143CUCH OREGON DO PI\u0141Y 15\\&#8221; 64 OGNIWA 325 1,5<\/h4>\n<p><b>Dane techniczne<\/b><\/p>\n<ul>\n<li>Model: OREGON 21LPX064E<\/li>\n<li>Skok: 325&#8243;<\/li>\n<li>Szeroko\u015b\u0107 ogniwa prowadz\u0105cego: 1,5 mm<\/li>\n<li>Ilo\u015b\u0107 z\u0119b\u00f3w tn\u0105cych: 32<\/li>\n<li>Ilo\u015b\u0107 ogniw prowadz\u0105cych: 64<\/li>\n<li>\u015brednica zalecanego pilnika do ostrzenia: 4,8mm.<\/li>\n<\/ul>\n","protected":false},"featured_media":31334,"template":"","meta":[],"product_brand":[104],"product_cat":[99],"product_tag":[],"class_list":{"0":"post-29585","1":"product","2":"type-product","3":"status-publish","4":"has-post-thumbnail","6":"product_brand-oregon","7":"product_cat-lancuchy","9":"first","10":"instock","11":"sale","12":"shipping-taxable","13":"purchasable","14":"product-type-simple"},"aioseo_notices":[],"_links":{"self":[{"href":"https:\/\/profika.com.pl\/index.php\/wp-json\/wp\/v2\/product\/29585","targetHints":{"allow":["GET"]}}],"collection":[{"href":"https:\/\/profika.com.pl\/index.php\/wp-json\/wp\/v2\/product"}],"about":[{"href":"https:\/\/profika.com.pl\/index.php\/wp-json\/wp\/v2\/types\/product"}],"version-history":[{"count":3,"href":"https:\/\/profika.com.pl\/index.php\/wp-json\/wp\/v2\/product\/29585\/revisions"}],"predecessor-version":[{"id":31335,"href":"https:\/\/profika.com.pl\/index.php\/wp-json\/wp\/v2\/product\/29585\/revisions\/31335"}],"wp:featuredmedia":[{"embeddable":true,"href":"https:\/\/profika.com.pl\/index.php\/wp-json\/wp\/v2\/media\/31334"}],"wp:attachment":[{"href":"https:\/\/profika.com.pl\/index.php\/wp-json\/wp\/v2\/media?parent=29585"}],"wp:term":[{"taxonomy":"product_brand","embeddable":true,"href":"https:\/\/profika.com.pl\/index.php\/wp-json\/wp\/v2\/product_brand?post=29585"},{"taxonomy":"product_cat","embeddable":true,"href":"https:\/\/profika.com.pl\/index.php\/wp-json\/wp\/v2\/product_cat?post=29585"},{"taxonomy":"product_tag","embeddable":true,"href":"https:\/\/profika.com.pl\/index.php\/wp-json\/wp\/v2\/product_tag?post=29585"}],"curies":[{"name":"wp","href":"https:\/\/api.w.org\/{rel}","templated":true}]}}