{"id":31212,"date":"2026-01-23T11:23:10","date_gmt":"2026-01-23T10:23:10","guid":{"rendered":"https:\/\/profika.com.pl\/?post_type=product&#038;p=31212"},"modified":"2026-01-23T11:23:10","modified_gmt":"2026-01-23T10:23:10","slug":"rozdrabniacz-do-galezi-spalinowy-au-gs350pro-loncin-420-150mm","status":"publish","type":"product","link":"https:\/\/profika.com.pl\/index.php\/produkt\/rozdrabniacz-do-galezi-spalinowy-au-gs350pro-loncin-420-150mm\/","title":{"rendered":"ROZDRABNIACZ DO GA\u0141\u0118ZI SPALINOWY AU-GS350PRO LONCIN 420 150MM"},"content":{"rendered":"<p>Rozdrabniacz AU-GS350PRO\u00a0to maszyna s\u0142u\u017c\u0105ca do rozdrabniania i r\u0105bania drewna.<\/p>\n<p>Nap\u0119dzany jest silnikiem benzynowym o mocy 15 KM.<\/p>\n<p>R\u0119bak przeznaczony jest do \u015bcink\u00f3w drewna i innych materia\u0142\u00f3w ro\u015blinnych o \u015brednicy do 15 cm.<\/p>\n<p>Posiada wyj\u0105tkowo mocny wa\u0142ek o \u015brednicy 14 cali i dwustronne, dwustronne ostrza.<\/p>\n<p>R\u0119bak do drewna AU-GS350PRO nadaje si\u0119 zar\u00f3wno do u\u017cytku domowego, jak i komercyjnego.<\/p>\n<p>Jest znany ze swojej wydajno\u015bci i trwa\u0142o\u015bci.<\/p>\n<p>&nbsp;<\/p>\n<p>Wysoka wydajno\u015b\u0107:\u00a0AU-GS350PRO jest wyposa\u017cony w silnik o mocy 15 KM, co zapewnia mu wystarczaj\u0105c\u0105 moc do efektywnego rozdrabniania drewna o \u015brednicy do 15 cm. Dzi\u0119ki temu mo\u017cesz szybko i skutecznie przetwarza\u0107 du\u017ce ilo\u015bci materia\u0142u.<\/p>\n<p>Solidna konstrukcja:\u00a0Ten rozdrabniacz drewna zosta\u0142 zaprojektowany z my\u015bl\u0105 o trwa\u0142o\u015bci i wytrzyma\u0142o\u015bci. Wykonany z solidnych materia\u0142\u00f3w, jest odporny na intensywn\u0105 prac\u0119 i zapewnia d\u0142ugotrwa\u0142e u\u017cytkowanie.<\/p>\n<p>Bezpiecze\u0144stwo:\u00a0AU-GS350PRO jest wyposa\u017cony w r\u00f3\u017cne funkcje bezpiecze\u0144stwa, takie jak zabezpieczenia przed przypadkowym uruchomieniem, zabezpieczenia przed przeci\u0105\u017ceniem oraz zabezpieczenia chroni\u0105ce przed dost\u0119pem do wirnika podczas pracy. To zapewnia maksymalne bezpiecze\u0144stwo podczas korzystania z urz\u0105dzenia.<\/p>\n<p>\u0141atwo\u015b\u0107 obs\u0142ugi:\u00a0Ten rozdrabniacz drewna zosta\u0142 zaprojektowany z my\u015bl\u0105 o u\u017cytkowniku. Posiada ergonomiczne uchwyty i intuicyjny panel sterowania, co u\u0142atwia obs\u0142ug\u0119 maszyny. Ponadto, zintegrowane ko\u0142a u\u0142atwiaj\u0105 transport i manewrowanie urz\u0105dzeniem.<\/p>\n<p>Efektywne rozdrabnianie:\u00a0Dzi\u0119ki pot\u0119\u017cnemu wirnikowi i ostrym no\u017com, AU-GS350PRO oferuje efektywne rozdrabnianie drewna i innych materia\u0142\u00f3w organicznych. Mo\u017cesz uzyska\u0107 r\u00f3wnomierne i drobno rozdrobnione materia\u0142y, kt\u00f3re mog\u0105 by\u0107 wykorzystane jako kompost lub materia\u0142 opa\u0142owy.<\/p>\n<p>&nbsp;<\/p>\n","protected":false},"excerpt":{"rendered":"<ul>\n<li>Silnik Loncin G420F(D), OHV jednocylindrowy ch\u0142odzony powietrzem<\/li>\n<li>Pojemno\u015b\u0107 skokowa: 420 cm<sup>3<\/sup><\/li>\n<li>Pojemno\u015b\u0107 misy oleju \/ rodzaj oleju 1,1L \/ SAE30<\/li>\n<li>Moc netto 15 KM (9,1 kW)<\/li>\n<li>Rozruch R\u0119czny + elektryczny 12V 20Ah<\/li>\n<li>Maksymalna grubo\u015b\u0107 ga\u0142\u0119zi 150 mm (6cali)<\/li>\n<li>Ostrze A8, 2 no\u017ce na b\u0119bnie, 1 n\u00f3\u017c oporowy<\/li>\n<li>\u015arednica b\u0119bna 350mm<\/li>\n<li>Rynna wy\u0142adowcza Regulowana 360 stopni<\/li>\n<li>Holowanie Zaczep kulowy 2\u201d, podw\u00f3jne ko\u0142o podporowe<\/li>\n<li>Ko\u0142a pompowane 19&#215;7.00-8<\/li>\n<li>Rozmiary po z\u0142o\u017ceniu d\u0142\/szer.\/wys. 2700\/1218\/1424mm<\/li>\n<li>Rozmiar opakowania d\u0142\/szr\/wys 1100\/770\/1230mm<\/li>\n<li>Waga netto 255kg<\/li>\n<\/ul>\n","protected":false},"featured_media":31213,"template":"","meta":[],"product_brand":[132],"product_cat":[133],"product_tag":[],"class_list":{"0":"post-31212","1":"product","2":"type-product","3":"status-publish","4":"has-post-thumbnail","6":"product_brand-mastercut","7":"product_cat-rozdrabniacze-i-rebaki","9":"first","10":"instock","11":"shipping-taxable","12":"purchasable","13":"product-type-simple"},"aioseo_notices":[],"_links":{"self":[{"href":"https:\/\/profika.com.pl\/index.php\/wp-json\/wp\/v2\/product\/31212","targetHints":{"allow":["GET"]}}],"collection":[{"href":"https:\/\/profika.com.pl\/index.php\/wp-json\/wp\/v2\/product"}],"about":[{"href":"https:\/\/profika.com.pl\/index.php\/wp-json\/wp\/v2\/types\/product"}],"version-history":[{"count":3,"href":"https:\/\/profika.com.pl\/index.php\/wp-json\/wp\/v2\/product\/31212\/revisions"}],"predecessor-version":[{"id":31220,"href":"https:\/\/profika.com.pl\/index.php\/wp-json\/wp\/v2\/product\/31212\/revisions\/31220"}],"wp:featuredmedia":[{"embeddable":true,"href":"https:\/\/profika.com.pl\/index.php\/wp-json\/wp\/v2\/media\/31213"}],"wp:attachment":[{"href":"https:\/\/profika.com.pl\/index.php\/wp-json\/wp\/v2\/media?parent=31212"}],"wp:term":[{"taxonomy":"product_brand","embeddable":true,"href":"https:\/\/profika.com.pl\/index.php\/wp-json\/wp\/v2\/product_brand?post=31212"},{"taxonomy":"product_cat","embeddable":true,"href":"https:\/\/profika.com.pl\/index.php\/wp-json\/wp\/v2\/product_cat?post=31212"},{"taxonomy":"product_tag","embeddable":true,"href":"https:\/\/profika.com.pl\/index.php\/wp-json\/wp\/v2\/product_tag?post=31212"}],"curies":[{"name":"wp","href":"https:\/\/api.w.org\/{rel}","templated":true}]}}