{"id":31217,"date":"2026-01-23T11:29:27","date_gmt":"2026-01-23T10:29:27","guid":{"rendered":"https:\/\/profika.com.pl\/?post_type=product&#038;p=31217"},"modified":"2026-01-23T16:12:06","modified_gmt":"2026-01-23T15:12:06","slug":"frezarka-spalinowa-do-pni-dr-sg-15-15hp-mastercut-loncin-15km","status":"publish","type":"product","link":"https:\/\/profika.com.pl\/index.php\/produkt\/frezarka-spalinowa-do-pni-dr-sg-15-15hp-mastercut-loncin-15km\/","title":{"rendered":"Frezarka spalinowa do pni DR-SG-15 15HP Mastercut Loncin 15KM"},"content":{"rendered":"<p>Karczownik do pni DR-SG-15 15HP Mastercut<br \/>\nFrezarka Mastercut przeznaczona jest do karczowania i usuwania pozosta\u0142ych pni po wycince drzew. Maszyna umo\u017cliwia usuwanie pni do g\u0142\u0119boko\u015bci 230 mm. Ostrza nap\u0119dzane s\u0105 przez pot\u0119\u017cny silnik Loncin o mocy 15KM.\u00a0Wymienne z\u0119by na tarczy frezuj\u0105cej pokryte s\u0105 z w\u0119glikiem spiekanym co zapewnia im d\u0142ug\u0105 \u017cywiotno\u015b\u0107 i\u00a0 wytrzyma\u0142o\u015b\u0107 podczas pracy.<\/p>\n","protected":false},"excerpt":{"rendered":"<div class=\"product-description-ui limited-container-ui product-description-lq\">\n<p>Specyfikacja:<\/p>\n<ul>\n<li>\u015arednica tarczy tn\u0105cej: 300mm<\/li>\n<li>Grubo\u015b\u0107 ci\u0119cia: 90mm<\/li>\n<li>G\u0142\u0119boko\u015b\u0107 frezu pod ziemi\u0105: 225mm<\/li>\n<li>G\u0142\u0119boko\u015b\u0107 frezu pod ziemi\u0105: 515 mm<\/li>\n<li>Szeroko\u015b\u0107 maszyny: 760 mm<\/li>\n<li>Ilo\u015b\u0107 z\u0119b\u00f3w: 9 szt<\/li>\n<li>Rozmiar opony: 13 &#8222;<\/li>\n<li>Hamulec: hamulec b\u0119bnowy<\/li>\n<li>Przeniesienie nap\u0119du za pomoc\u0105 duch pask\u00f3w klinowych<\/li>\n<li>Spalinowu silnik Loncin<\/li>\n<li>Uruchamianie: rozrusznik r\u0119czny<\/li>\n<li>Max. Moc wyj\u015bciowa: 15 KM\/3600 obr.\/min<\/li>\n<li>Pojemno\u015b\u0107 silnika: 420 cm3<\/li>\n<li>Rodzaj paliwa: benzyna bezo\u0142owiowa<\/li>\n<li>Waga: 110 kg<\/li>\n<\/ul>\n<\/div>\n<div class=\"limited-container-ui product-attributes-ui clear-after-ui product-attributes-lq\"><\/div>\n","protected":false},"featured_media":31177,"template":"","meta":[],"product_brand":[],"product_cat":[134],"product_tag":[],"class_list":{"0":"post-31217","1":"product","2":"type-product","3":"status-publish","4":"has-post-thumbnail","6":"product_cat-maszyny","8":"first","9":"instock","10":"shipping-taxable","11":"purchasable","12":"product-type-simple"},"aioseo_notices":[],"_links":{"self":[{"href":"https:\/\/profika.com.pl\/index.php\/wp-json\/wp\/v2\/product\/31217","targetHints":{"allow":["GET"]}}],"collection":[{"href":"https:\/\/profika.com.pl\/index.php\/wp-json\/wp\/v2\/product"}],"about":[{"href":"https:\/\/profika.com.pl\/index.php\/wp-json\/wp\/v2\/types\/product"}],"version-history":[{"count":3,"href":"https:\/\/profika.com.pl\/index.php\/wp-json\/wp\/v2\/product\/31217\/revisions"}],"predecessor-version":[{"id":31222,"href":"https:\/\/profika.com.pl\/index.php\/wp-json\/wp\/v2\/product\/31217\/revisions\/31222"}],"wp:featuredmedia":[{"embeddable":true,"href":"https:\/\/profika.com.pl\/index.php\/wp-json\/wp\/v2\/media\/31177"}],"wp:attachment":[{"href":"https:\/\/profika.com.pl\/index.php\/wp-json\/wp\/v2\/media?parent=31217"}],"wp:term":[{"taxonomy":"product_brand","embeddable":true,"href":"https:\/\/profika.com.pl\/index.php\/wp-json\/wp\/v2\/product_brand?post=31217"},{"taxonomy":"product_cat","embeddable":true,"href":"https:\/\/profika.com.pl\/index.php\/wp-json\/wp\/v2\/product_cat?post=31217"},{"taxonomy":"product_tag","embeddable":true,"href":"https:\/\/profika.com.pl\/index.php\/wp-json\/wp\/v2\/product_tag?post=31217"}],"curies":[{"name":"wp","href":"https:\/\/api.w.org\/{rel}","templated":true}]}}