{"id":31249,"date":"2026-01-27T10:56:00","date_gmt":"2026-01-27T09:56:00","guid":{"rendered":"https:\/\/profika.com.pl\/?post_type=product&#038;p=31249"},"modified":"2026-01-27T11:00:49","modified_gmt":"2026-01-27T10:00:49","slug":"pilarka-spalinowa-stihl-ms500i","status":"publish","type":"product","link":"https:\/\/profika.com.pl\/index.php\/produkt\/pilarka-spalinowa-stihl-ms500i\/","title":{"rendered":"Pilarka spalinowa STIHL MS 500i 3\/8&#8243; Super (RS), 1,6 mm, 63 cm"},"content":{"rendered":"<p>Pierwsza na \u015bwiecie pilarka \u0142a\u0144cuchowa ze sterowanym elektronicznie wtryskiem paliwa Injection. Ten silnik rozpoczyna now\u0105 er\u0119 w technologii pilarek \u0142a\u0144cuchowych. Rewolucyjna technologia STIHL Injection odpowiada za niesamowite przyspieszenie, pot\u0119\u017cn\u0105 moc i konsekwentn\u0105 redukcj\u0119 ci\u0119\u017caru pilarek STIHL. \u0141a\u0144cuch przyspiesza od 0 do 100 km\/h w niesamowitym czasie 0,25 sekundy. Prze\u0142omowa technologia i wynikaj\u0105ca z niej lekka konstrukcja zapewnia najlepszy na rynku stosunek ci\u0119\u017caru do mocy: 1,24 kg\/kW. Innowacyjne rozwi\u0105zanie w postaci czujnik\u00f3w ci\u015bnienia powietrza i temperatury zewn\u0119trznej i wewn\u0105trz korpusu pozwala dozowa\u0107 paliwo w optymalny spos\u00f3b niezale\u017cnie od startu na zimno lub na ciep\u0142o, wysoko\u015bci roboczej lub temperatury otoczenia. Brak pozycji startowej i \u0142atwy dost\u0119p do r\u0119cznej pompy paliwowej znacznie u\u0142atwiaj\u0105 rozruch w ka\u017cdych warunkach. Perfekcyjnie zbalansowana pilarka STIHL MS 500i wraz z lekk\u0105 konstrukcj\u0105 i doskona\u0142\u0105 zwrotno\u015bci\u0105 zapewnia u\u017cytkownikowi ogromne korzy\u015bci nie tylko przy \u015bcince drzew i przycinaniu na d\u0142ugo\u015b\u0107, ale i podczas okrzesywania. Ca\u0142o\u015bci doskona\u0142ego wyposa\u017cenia dope\u0142niaj\u0105: filtr HD2, praktyczne nakr\u0119tki przymocowane do pokrywy, pompa olejowa z regulacj\u0105 wydajno\u015bci, bez narz\u0119dziowe zamkni\u0119cie korka zbiornika paliwa i boczny napinacz pi\u0142y \u0142a\u0144cuchowej.<\/p>\n","protected":false},"excerpt":{"rendered":"<p>Ci\u0119\u017car zestawu kg 7,78<br \/>\nMoc kW\/KM\t5\/6,8<br \/>\nPojemno\u015b\u0107 skokowa cm\u00b3\t79,2<br \/>\nCi\u0119\u017car kg 2)\t6,2<br \/>\nStosunek ci\u0119\u017caru do mocy kg\/kW\t1,2<br \/>\nPoziom mocy akustycznej dB(A) 119<br \/>\nPodzia\u0142ka pi\u0142y \u0142a\u0144cuchowej 3\/8 &#8221;<br \/>\nWarto\u015b\u0107 drga\u0144 strona lewa \/ prawa m\/s\u00b2 4,2\/4<br \/>\nPoziom ci\u015bnienia akustycznego dB 106<\/p>\n","protected":false},"featured_media":31250,"template":"","meta":[],"product_brand":[70],"product_cat":[71],"product_tag":[],"class_list":{"0":"post-31249","1":"product","2":"type-product","3":"status-publish","4":"has-post-thumbnail","6":"product_brand-stihl","7":"product_cat-pilarki","9":"first","10":"instock","11":"sale","12":"shipping-taxable","13":"purchasable","14":"product-type-simple"},"aioseo_notices":[],"_links":{"self":[{"href":"https:\/\/profika.com.pl\/index.php\/wp-json\/wp\/v2\/product\/31249","targetHints":{"allow":["GET"]}}],"collection":[{"href":"https:\/\/profika.com.pl\/index.php\/wp-json\/wp\/v2\/product"}],"about":[{"href":"https:\/\/profika.com.pl\/index.php\/wp-json\/wp\/v2\/types\/product"}],"version-history":[{"count":2,"href":"https:\/\/profika.com.pl\/index.php\/wp-json\/wp\/v2\/product\/31249\/revisions"}],"predecessor-version":[{"id":31255,"href":"https:\/\/profika.com.pl\/index.php\/wp-json\/wp\/v2\/product\/31249\/revisions\/31255"}],"wp:featuredmedia":[{"embeddable":true,"href":"https:\/\/profika.com.pl\/index.php\/wp-json\/wp\/v2\/media\/31250"}],"wp:attachment":[{"href":"https:\/\/profika.com.pl\/index.php\/wp-json\/wp\/v2\/media?parent=31249"}],"wp:term":[{"taxonomy":"product_brand","embeddable":true,"href":"https:\/\/profika.com.pl\/index.php\/wp-json\/wp\/v2\/product_brand?post=31249"},{"taxonomy":"product_cat","embeddable":true,"href":"https:\/\/profika.com.pl\/index.php\/wp-json\/wp\/v2\/product_cat?post=31249"},{"taxonomy":"product_tag","embeddable":true,"href":"https:\/\/profika.com.pl\/index.php\/wp-json\/wp\/v2\/product_tag?post=31249"}],"curies":[{"name":"wp","href":"https:\/\/api.w.org\/{rel}","templated":true}]}}