{"id":31254,"date":"2026-01-27T12:41:05","date_gmt":"2026-01-27T11:41:05","guid":{"rendered":"https:\/\/profika.com.pl\/?post_type=product&#038;p=31254"},"modified":"2026-01-27T12:41:05","modified_gmt":"2026-01-27T11:41:05","slug":"pilarka-spalinowa-stihl-ms251-l04-35cm-14-13mm-0-050-3-8p","status":"publish","type":"product","link":"https:\/\/profika.com.pl\/index.php\/produkt\/pilarka-spalinowa-stihl-ms251-l04-35cm-14-13mm-0-050-3-8p\/","title":{"rendered":"Pilarka spalinowa STIHL MS251 L04 35cm\/14&#8243; 1,3mm\/0.050&#8243; 3\/8&#8243;P"},"content":{"rendered":"<p>Por\u0119czna i \u0142atwa w obs\u0142udze pilarka MS 251 z oszcz\u0119dnym silnikiem 2-MIX. Optymalna do pozyskiwania drewna opa\u0142owego przez u\u017cytkownika okazjonalnego ale r\u00f3wnie\u017c  rolnik\u00f3w, sadownik\u00f3w, ogrodnik\u00f3w i plantator\u00f3w. Wyposa\u017cenie: boczny napinacz pi\u0142y \u0142a\u0144cuchowej, wytrzyma\u0142y i trwa\u0142y zestaw tn\u0105cy, opcjonalnie dost\u0119pna z prowadnic\u0105 o d\u0142ugo\u015bci 40 cm do \u015bcinki drzew o wi\u0119kszej \u015brednicy.<\/p>\n","protected":false},"excerpt":{"rendered":"<p>Pojemno\u015b\u0107 skokowa 45.6 cm\u00b3<br \/>\nMoc 2.20 kW<br \/>\nMoc 3 KM<br \/>\nCO2 819 g\/kWh<br \/>\nCi\u0119\u017car urz\u0105dzenia bez paliwa 4.8 kg<br \/>\nStosunek ci\u0119\u017caru do mocy 2.20 kg\/kW<br \/>\nD\u0142ugo\u015b\u0107 prowadnicy 35<br \/>\nSzeroko\u015b\u0107 rowka\t1.30 mm<br \/>\nPodzia\u0142ka pi\u0142y \u0142a\u0144cuchowej 3\/8&#8243;P<br \/>\nD\u0142ugo\u015b\u0107 urz\u0105dzenia z przypor\u0105 szponow\u0105\t424 mm<br \/>\nPoziom ci\u015bnienia akustycznego 103 dB<br \/>\nPoziom mocy akustycznej\t113 dB<\/p>\n","protected":false},"featured_media":31259,"template":"","meta":[],"product_brand":[70],"product_cat":[74,71],"product_tag":[],"class_list":{"0":"post-31254","1":"product","2":"type-product","3":"status-publish","4":"has-post-thumbnail","6":"product_brand-stihl","7":"product_cat-narzedzia","8":"product_cat-pilarki","10":"first","11":"instock","12":"sale","13":"shipping-taxable","14":"purchasable","15":"product-type-simple"},"aioseo_notices":[],"_links":{"self":[{"href":"https:\/\/profika.com.pl\/index.php\/wp-json\/wp\/v2\/product\/31254","targetHints":{"allow":["GET"]}}],"collection":[{"href":"https:\/\/profika.com.pl\/index.php\/wp-json\/wp\/v2\/product"}],"about":[{"href":"https:\/\/profika.com.pl\/index.php\/wp-json\/wp\/v2\/types\/product"}],"version-history":[{"count":1,"href":"https:\/\/profika.com.pl\/index.php\/wp-json\/wp\/v2\/product\/31254\/revisions"}],"predecessor-version":[{"id":31262,"href":"https:\/\/profika.com.pl\/index.php\/wp-json\/wp\/v2\/product\/31254\/revisions\/31262"}],"wp:featuredmedia":[{"embeddable":true,"href":"https:\/\/profika.com.pl\/index.php\/wp-json\/wp\/v2\/media\/31259"}],"wp:attachment":[{"href":"https:\/\/profika.com.pl\/index.php\/wp-json\/wp\/v2\/media?parent=31254"}],"wp:term":[{"taxonomy":"product_brand","embeddable":true,"href":"https:\/\/profika.com.pl\/index.php\/wp-json\/wp\/v2\/product_brand?post=31254"},{"taxonomy":"product_cat","embeddable":true,"href":"https:\/\/profika.com.pl\/index.php\/wp-json\/wp\/v2\/product_cat?post=31254"},{"taxonomy":"product_tag","embeddable":true,"href":"https:\/\/profika.com.pl\/index.php\/wp-json\/wp\/v2\/product_tag?post=31254"}],"curies":[{"name":"wp","href":"https:\/\/api.w.org\/{rel}","templated":true}]}}