{"id":31266,"date":"2026-01-29T13:16:30","date_gmt":"2026-01-29T12:16:30","guid":{"rendered":"https:\/\/profika.com.pl\/?post_type=product&#038;p=31266"},"modified":"2026-01-29T13:41:47","modified_gmt":"2026-01-29T12:41:47","slug":"olej-stihl-10w30-06l","status":"publish","type":"product","link":"https:\/\/profika.com.pl\/index.php\/produkt\/olej-stihl-10w30-06l\/","title":{"rendered":"Olej STIHL 10W30 0,6L"},"content":{"rendered":"<p>Olej do silnik\u00f3w 4-suwowych STIHL 10W-30 to wysokiej jako\u015bci \u015brodek smarny opracowany specjalnie do silnik\u00f3w pracuj\u0105cych w urz\u0105dzeniach ogrodniczych i komunalnych STIHL. Zapewnia doskona\u0142\u0105 ochron\u0119 przed zu\u017cyciem, stabilno\u015b\u0107 temperaturow\u0105 i niezawodn\u0105 prac\u0119 zar\u00f3wno w niskich, jak i wysokich temperaturach. Dzi\u0119ki swojej formule olej gwarantuje p\u0142ynn\u0105 prac\u0119 silnika, u\u0142atwia rozruch i zmniejsza ryzyko przegrzewania si\u0119 jednostki nap\u0119dowej.<\/p>\n<p>Przeznaczony do kosiarek, glebogryzarek, wertykulator\u00f3w oraz innych urz\u0105dze\u0144 wyposa\u017conych w silnik czterosuwowy. Pojemno\u015b\u0107 600 ml jest idealna do regularnych wymian i bie\u017c\u0105cej konserwacji sprz\u0119tu.<\/p>\n","protected":false},"excerpt":{"rendered":"<p>0781-309-2002<br \/>\nwielosezonowy do -30\u00b0C<br \/>\nklasa: 10 W-30<\/p>\n","protected":false},"featured_media":31274,"template":"","meta":[],"product_brand":[70],"product_cat":[96],"product_tag":[],"class_list":{"0":"post-31266","1":"product","2":"type-product","3":"status-publish","4":"has-post-thumbnail","6":"product_brand-stihl","7":"product_cat-oleje","9":"first","10":"instock","11":"sale","12":"shipping-taxable","13":"purchasable","14":"product-type-simple"},"aioseo_notices":[],"_links":{"self":[{"href":"https:\/\/profika.com.pl\/index.php\/wp-json\/wp\/v2\/product\/31266","targetHints":{"allow":["GET"]}}],"collection":[{"href":"https:\/\/profika.com.pl\/index.php\/wp-json\/wp\/v2\/product"}],"about":[{"href":"https:\/\/profika.com.pl\/index.php\/wp-json\/wp\/v2\/types\/product"}],"version-history":[{"count":1,"href":"https:\/\/profika.com.pl\/index.php\/wp-json\/wp\/v2\/product\/31266\/revisions"}],"predecessor-version":[{"id":31268,"href":"https:\/\/profika.com.pl\/index.php\/wp-json\/wp\/v2\/product\/31266\/revisions\/31268"}],"wp:featuredmedia":[{"embeddable":true,"href":"https:\/\/profika.com.pl\/index.php\/wp-json\/wp\/v2\/media\/31274"}],"wp:attachment":[{"href":"https:\/\/profika.com.pl\/index.php\/wp-json\/wp\/v2\/media?parent=31266"}],"wp:term":[{"taxonomy":"product_brand","embeddable":true,"href":"https:\/\/profika.com.pl\/index.php\/wp-json\/wp\/v2\/product_brand?post=31266"},{"taxonomy":"product_cat","embeddable":true,"href":"https:\/\/profika.com.pl\/index.php\/wp-json\/wp\/v2\/product_cat?post=31266"},{"taxonomy":"product_tag","embeddable":true,"href":"https:\/\/profika.com.pl\/index.php\/wp-json\/wp\/v2\/product_tag?post=31266"}],"curies":[{"name":"wp","href":"https:\/\/api.w.org\/{rel}","templated":true}]}}