{"id":31269,"date":"2026-01-29T13:37:56","date_gmt":"2026-01-29T12:37:56","guid":{"rendered":"https:\/\/profika.com.pl\/?post_type=product&#038;p=31269"},"modified":"2026-01-29T13:38:38","modified_gmt":"2026-01-29T12:38:38","slug":"31269","status":"publish","type":"product","link":"https:\/\/profika.com.pl\/index.php\/produkt\/31269\/","title":{"rendered":"STIHL OLEJ 10W-30 1,4L"},"content":{"rendered":"<p>Olej silnikowy o klasie lepko\u015bci SAE 30 jest wysokiej jako\u015bci olejem stworzonym specjalnie do smarowania narz\u0119dzi ogrodniczych, takich jak kosiarki, agregaty czy traktorki. Jego w\u0142a\u015bciwo\u015bci umo\u017cliwiaj\u0105 skuteczne i niezawodne dzia\u0142anie w warunkach o umiarkowanej temperaturze. Ten olej silnikowy SAE 30 zapewnia doskona\u0142e smarowanie i ochron\u0119 dla silnik\u00f3w oraz mechanizm\u00f3w narz\u0119dzi ogrodniczych. Dzi\u0119ki swojej wysokiej jako\u015bci formule, tworzy trwa\u0142\u0105 warstw\u0119 ochronn\u0105 na powierzchniach metalowych, co skutecznie redukuje tarcie i zu\u017cycie. To z kolei przek\u0142ada si\u0119 na zwi\u0119kszon\u0105 wydajno\u015b\u0107 narz\u0119dzi i ich d\u0142u\u017csz\u0105 \u017cywotno\u015b\u0107. Wybieraj\u0105c olej silnikowy SAE 30, masz pewno\u015b\u0107, \u017ce Twoje narz\u0119dzia ogrodnicze b\u0119d\u0105 odpowiednio smarowane i chronione, co pozwoli na ich efektywne i bezawaryjne dzia\u0142anie przez d\u0142ugi czas. Niezawodno\u015b\u0107 i jako\u015b\u0107 oleju SAE 30 sprawiaj\u0105, \u017ce jest to idealne rozwi\u0105zanie dla wszystkich, kt\u00f3rzy chc\u0105 zadba\u0107 o swoje narz\u0119dzia ogrodnicze i cieszy\u0107 si\u0119 ich niezawodn\u0105 prac\u0105.<\/p>\n","protected":false},"excerpt":{"rendered":"<p>0781-309-2003<br \/>\nwielosezonowy do -30\u00b0C<br \/>\nklasa: 10 W-30<\/p>\n","protected":false},"featured_media":31267,"template":"","meta":[],"product_brand":[70],"product_cat":[96],"product_tag":[],"class_list":{"0":"post-31269","1":"product","2":"type-product","3":"status-publish","4":"has-post-thumbnail","6":"product_brand-stihl","7":"product_cat-oleje","9":"first","10":"instock","11":"sale","12":"shipping-taxable","13":"purchasable","14":"product-type-simple"},"aioseo_notices":[],"_links":{"self":[{"href":"https:\/\/profika.com.pl\/index.php\/wp-json\/wp\/v2\/product\/31269","targetHints":{"allow":["GET"]}}],"collection":[{"href":"https:\/\/profika.com.pl\/index.php\/wp-json\/wp\/v2\/product"}],"about":[{"href":"https:\/\/profika.com.pl\/index.php\/wp-json\/wp\/v2\/types\/product"}],"version-history":[{"count":3,"href":"https:\/\/profika.com.pl\/index.php\/wp-json\/wp\/v2\/product\/31269\/revisions"}],"predecessor-version":[{"id":31272,"href":"https:\/\/profika.com.pl\/index.php\/wp-json\/wp\/v2\/product\/31269\/revisions\/31272"}],"wp:featuredmedia":[{"embeddable":true,"href":"https:\/\/profika.com.pl\/index.php\/wp-json\/wp\/v2\/media\/31267"}],"wp:attachment":[{"href":"https:\/\/profika.com.pl\/index.php\/wp-json\/wp\/v2\/media?parent=31269"}],"wp:term":[{"taxonomy":"product_brand","embeddable":true,"href":"https:\/\/profika.com.pl\/index.php\/wp-json\/wp\/v2\/product_brand?post=31269"},{"taxonomy":"product_cat","embeddable":true,"href":"https:\/\/profika.com.pl\/index.php\/wp-json\/wp\/v2\/product_cat?post=31269"},{"taxonomy":"product_tag","embeddable":true,"href":"https:\/\/profika.com.pl\/index.php\/wp-json\/wp\/v2\/product_tag?post=31269"}],"curies":[{"name":"wp","href":"https:\/\/api.w.org\/{rel}","templated":true}]}}