{"id":31275,"date":"2026-01-29T13:55:46","date_gmt":"2026-01-29T12:55:46","guid":{"rendered":"https:\/\/profika.com.pl\/?post_type=product&#038;p=31275"},"modified":"2026-01-29T16:11:08","modified_gmt":"2026-01-29T15:11:08","slug":"kanister-stihl-kombi-pro-53-przezroczysty","status":"publish","type":"product","link":"https:\/\/profika.com.pl\/index.php\/produkt\/kanister-stihl-kombi-pro-53-przezroczysty\/","title":{"rendered":"Kanister Stihl Kombi Pro 5+3 przezroczysty"},"content":{"rendered":"","protected":false},"excerpt":{"rendered":"<p>0000-881-0123<br \/>\nPrzechowuj paliwo i olej do pi\u0142 \u0142a\u0144cuchowych w jednym kanistrze<br \/>\nDwa zasobniki do umieszczenia narz\u0119dzi i systemu nape\u0142niania (narz\u0119dzia i system nape\u0142niania do nabycia oddzielnie).<br \/>\nDo transportu 5l paliwa i 3l oleju do pi\u0142 \u0142a\u0144cuchowych<br \/>\nPosiada certyfikat UN<br \/>\nKolor: przezroczysty\/bia\u0142y<\/p>\n","protected":false},"featured_media":31276,"template":"","meta":[],"product_brand":[70],"product_cat":[73,135,92],"product_tag":[],"class_list":{"0":"post-31275","1":"product","2":"type-product","3":"status-publish","4":"has-post-thumbnail","6":"product_brand-stihl","7":"product_cat-akcesoria","8":"product_cat-kanistry","9":"product_cat-linki-korki-paliwa","11":"first","12":"instock","13":"sale","14":"shipping-taxable","15":"purchasable","16":"product-type-simple"},"aioseo_notices":[],"_links":{"self":[{"href":"https:\/\/profika.com.pl\/index.php\/wp-json\/wp\/v2\/product\/31275","targetHints":{"allow":["GET"]}}],"collection":[{"href":"https:\/\/profika.com.pl\/index.php\/wp-json\/wp\/v2\/product"}],"about":[{"href":"https:\/\/profika.com.pl\/index.php\/wp-json\/wp\/v2\/types\/product"}],"version-history":[{"count":1,"href":"https:\/\/profika.com.pl\/index.php\/wp-json\/wp\/v2\/product\/31275\/revisions"}],"predecessor-version":[{"id":31277,"href":"https:\/\/profika.com.pl\/index.php\/wp-json\/wp\/v2\/product\/31275\/revisions\/31277"}],"wp:featuredmedia":[{"embeddable":true,"href":"https:\/\/profika.com.pl\/index.php\/wp-json\/wp\/v2\/media\/31276"}],"wp:attachment":[{"href":"https:\/\/profika.com.pl\/index.php\/wp-json\/wp\/v2\/media?parent=31275"}],"wp:term":[{"taxonomy":"product_brand","embeddable":true,"href":"https:\/\/profika.com.pl\/index.php\/wp-json\/wp\/v2\/product_brand?post=31275"},{"taxonomy":"product_cat","embeddable":true,"href":"https:\/\/profika.com.pl\/index.php\/wp-json\/wp\/v2\/product_cat?post=31275"},{"taxonomy":"product_tag","embeddable":true,"href":"https:\/\/profika.com.pl\/index.php\/wp-json\/wp\/v2\/product_tag?post=31275"}],"curies":[{"name":"wp","href":"https:\/\/api.w.org\/{rel}","templated":true}]}}