{"id":31283,"date":"2026-01-30T09:41:10","date_gmt":"2026-01-30T08:41:10","guid":{"rendered":"https:\/\/profika.com.pl\/?post_type=product&#038;p=31283"},"modified":"2026-01-30T10:28:45","modified_gmt":"2026-01-30T09:28:45","slug":"prowadnica-stihl-light-06-3-8-16mm-40-cm-16","status":"publish","type":"product","link":"https:\/\/profika.com.pl\/index.php\/produkt\/prowadnica-stihl-light-06-3-8-16mm-40-cm-16\/","title":{"rendered":"PROWADNICA STIHL LIGHT 06 40cm 16&#8243; 3\/8&#8243; 1,6mm"},"content":{"rendered":"<p>Wytrzyma\u0142a prowadnica do pilarki \u0142a\u0144cuchowej Stihl o d\u0142ugo\u015bci 40 cm, zaprojektowana z my\u015bl\u0105 o maksymalnej precyzji ci\u0119cia i bezpiecze\u0144stwie pracy. Prowadnica jest kompatybilna z \u0142a\u0144cuchami o podziale 3\/8 i grubo\u015bci ogniwa 1,6 mm, dzi\u0119ki czemu zapewnia idealne dopasowanie i p\u0142ynn\u0105 prac\u0119.<br \/>\nPasuje do pilarek: 260, 261, 270, 271, 280, 290, 291, 310, 311, 340, 341, 360, 361, 362, 380, 390, 391, 440, 441, 460, 461, 462, 500i, 640, 650, 660, 661.<\/p>\n","protected":false},"excerpt":{"rendered":"<p>Numer katalogowy: 3003 000 5213<br \/>\nD\u0142ugo\u015b\u0107 prowadnicy: 40cm 16&#8243;<br \/>\nPodzia\u0142ka: 3\/8&#8243;<br \/>\nGrubo\u015b\u0107 \u0142a\u0144cucha: 1.6 mm<\/p>\n","protected":false},"featured_media":31284,"template":"","meta":[],"product_brand":[70],"product_cat":[136,73],"product_tag":[],"class_list":{"0":"post-31283","1":"product","2":"type-product","3":"status-publish","4":"has-post-thumbnail","6":"product_brand-stihl","7":"product_cat-prowadnice-akcesoria","8":"product_cat-akcesoria","10":"first","11":"instock","12":"shipping-taxable","13":"purchasable","14":"product-type-simple"},"aioseo_notices":[],"_links":{"self":[{"href":"https:\/\/profika.com.pl\/index.php\/wp-json\/wp\/v2\/product\/31283","targetHints":{"allow":["GET"]}}],"collection":[{"href":"https:\/\/profika.com.pl\/index.php\/wp-json\/wp\/v2\/product"}],"about":[{"href":"https:\/\/profika.com.pl\/index.php\/wp-json\/wp\/v2\/types\/product"}],"version-history":[{"count":3,"href":"https:\/\/profika.com.pl\/index.php\/wp-json\/wp\/v2\/product\/31283\/revisions"}],"predecessor-version":[{"id":31292,"href":"https:\/\/profika.com.pl\/index.php\/wp-json\/wp\/v2\/product\/31283\/revisions\/31292"}],"wp:featuredmedia":[{"embeddable":true,"href":"https:\/\/profika.com.pl\/index.php\/wp-json\/wp\/v2\/media\/31284"}],"wp:attachment":[{"href":"https:\/\/profika.com.pl\/index.php\/wp-json\/wp\/v2\/media?parent=31283"}],"wp:term":[{"taxonomy":"product_brand","embeddable":true,"href":"https:\/\/profika.com.pl\/index.php\/wp-json\/wp\/v2\/product_brand?post=31283"},{"taxonomy":"product_cat","embeddable":true,"href":"https:\/\/profika.com.pl\/index.php\/wp-json\/wp\/v2\/product_cat?post=31283"},{"taxonomy":"product_tag","embeddable":true,"href":"https:\/\/profika.com.pl\/index.php\/wp-json\/wp\/v2\/product_tag?post=31283"}],"curies":[{"name":"wp","href":"https:\/\/api.w.org\/{rel}","templated":true}]}}