{"id":31293,"date":"2026-01-30T10:38:45","date_gmt":"2026-01-30T09:38:45","guid":{"rendered":"https:\/\/profika.com.pl\/?post_type=product&#038;p=31293"},"modified":"2026-01-30T10:38:45","modified_gmt":"2026-01-30T09:38:45","slug":"prowadnica-stihl-light-04-40cm-16-13mm-3-8","status":"publish","type":"product","link":"https:\/\/profika.com.pl\/index.php\/produkt\/prowadnica-stihl-light-04-40cm-16-13mm-3-8\/","title":{"rendered":"Prowadnica STIHL Light 04 40cm 16&#8243; 1,3mm 3\/8"},"content":{"rendered":"","protected":false},"excerpt":{"rendered":"<p>Numer katalogowy: 3005 000 4813<br \/>\nD\u0142ugo\u015b\u0107 prowadnicy: 40cm 16&#8243;<br \/>\nPodzia\u0142ka: 3\/8&#8243;<br \/>\nGrubo\u015b\u0107 \u0142a\u0144cucha: 1.3 mm<\/p>\n","protected":false},"featured_media":31294,"template":"","meta":[],"product_brand":[70],"product_cat":[136,73],"product_tag":[],"class_list":{"0":"post-31293","1":"product","2":"type-product","3":"status-publish","4":"has-post-thumbnail","6":"product_brand-stihl","7":"product_cat-prowadnice-akcesoria","8":"product_cat-akcesoria","10":"first","11":"instock","12":"sale","13":"shipping-taxable","14":"purchasable","15":"product-type-simple"},"aioseo_notices":[],"_links":{"self":[{"href":"https:\/\/profika.com.pl\/index.php\/wp-json\/wp\/v2\/product\/31293","targetHints":{"allow":["GET"]}}],"collection":[{"href":"https:\/\/profika.com.pl\/index.php\/wp-json\/wp\/v2\/product"}],"about":[{"href":"https:\/\/profika.com.pl\/index.php\/wp-json\/wp\/v2\/types\/product"}],"version-history":[{"count":1,"href":"https:\/\/profika.com.pl\/index.php\/wp-json\/wp\/v2\/product\/31293\/revisions"}],"predecessor-version":[{"id":31295,"href":"https:\/\/profika.com.pl\/index.php\/wp-json\/wp\/v2\/product\/31293\/revisions\/31295"}],"wp:featuredmedia":[{"embeddable":true,"href":"https:\/\/profika.com.pl\/index.php\/wp-json\/wp\/v2\/media\/31294"}],"wp:attachment":[{"href":"https:\/\/profika.com.pl\/index.php\/wp-json\/wp\/v2\/media?parent=31293"}],"wp:term":[{"taxonomy":"product_brand","embeddable":true,"href":"https:\/\/profika.com.pl\/index.php\/wp-json\/wp\/v2\/product_brand?post=31293"},{"taxonomy":"product_cat","embeddable":true,"href":"https:\/\/profika.com.pl\/index.php\/wp-json\/wp\/v2\/product_cat?post=31293"},{"taxonomy":"product_tag","embeddable":true,"href":"https:\/\/profika.com.pl\/index.php\/wp-json\/wp\/v2\/product_tag?post=31293"}],"curies":[{"name":"wp","href":"https:\/\/api.w.org\/{rel}","templated":true}]}}